{"id":16746,"date":"2021-10-12T15:51:09","date_gmt":"2021-10-12T14:51:09","guid":{"rendered":"https:\/\/bbonjour-kids.com\/?page_id=16746"},"modified":"2024-07-04T13:39:26","modified_gmt":"2024-07-04T12:39:26","slug":"%d9%85%d9%86-%d9%86%d8%ad%d9%86","status":"publish","type":"page","link":"https:\/\/bbonjour-kids.com\/ar\/%d9%85%d9%86-%d9%86%d8%ad%d9%86\/","title":{"rendered":"\u0645\u0646 \u0646\u062d\u0646"},"content":{"rendered":"\t\t<div data-elementor-type=\"wp-page\" data-elementor-id=\"16746\" class=\"elementor elementor-16746 elementor-4400\" data-elementor-post-type=\"page\">\n\t\t\t\t<div class=\"wd-negative-gap elementor-element elementor-element-6ef47fe e-flex e-con-boxed e-con e-parent\" data-id=\"6ef47fe\" data-element_type=\"container\">\n\t\t\t\t\t<div class=\"e-con-inner\">\n\t\t\t\t<div class=\"elementor-element elementor-element-c94f87c elementor-widget elementor-widget-wd_text_block\" data-id=\"c94f87c\" data-element_type=\"widget\" data-widget_type=\"wd_text_block.default\">\n\t\t\t\t<div class=\"elementor-widget-container\">\n\t\t\t\t\t<div class=\"wd-text-block reset-last-child text-left\">\n\t\t\t\n\t\t\t<p><a href=\"https:\/\/bbonjour-kids.com\/wp-content\/uploads\/2024\/06\/logo-bbonjout-kids.png\"><img fetchpriority=\"high\" decoding=\"async\" class=\"size-medium wp-image-15660 alignright\" src=\"https:\/\/bbonjour-kids.com\/wp-content\/uploads\/2024\/06\/logo-bbonjout-kids-300x300.png\" alt=\"logo Bbonjout Kids\" width=\"300\" height=\"300\" srcset=\"https:\/\/bbonjour-kids.com\/wp-content\/uploads\/2024\/06\/logo-bbonjout-kids-300x300.png 300w, https:\/\/bbonjour-kids.com\/wp-content\/uploads\/2024\/06\/logo-bbonjout-kids-250x250.png 250w, https:\/\/bbonjour-kids.com\/wp-content\/uploads\/2024\/06\/logo-bbonjout-kids-150x150.png 150w, https:\/\/bbonjour-kids.com\/wp-content\/uploads\/2024\/06\/logo-bbonjout-kids.png 512w\" sizes=\"(max-width: 300px) 100vw, 300px\" \/><\/a><\/p><p style=\"text-align: right;\">\u0645\u0631\u062d\u0628\u064b\u0627 \u0628\u0643\u0645 \u0641\u064a\u00a0<strong>bbonjours kids<\/strong>\u060c \u0645\u062a\u062c\u0631 \u0627\u0644\u0645\u0644\u0627\u0628\u0633 \u0627\u0644\u062e\u0627\u0635 \u0628\u0627\u0644\u0623\u0637\u0641\u0627\u0644\u060c \u062d\u064a\u062b \u0643\u0644 \u0642\u0637\u0639\u0629 \u062a\u0631\u0648\u064a \u0642\u0635\u0629 \u0648\u0643\u0644 \u0639\u0645\u064a\u0644 \u064a\u0639\u0627\u0645\u0644 \u0643\u0623\u0646\u0647 \u0641\u0631\u062f \u0645\u0646 \u0627\u0644\u0639\u0627\u0626\u0644\u0629. \u0646\u062d\u0646 \u0641\u062e\u0648\u0631\u0648\u0646 \u0628\u062a\u0642\u062f\u064a\u0645 \u0645\u062c\u0645\u0648\u0639\u0629 \u0645\u062a\u0646\u0648\u0639\u0629 \u0645\u0646 \u0627\u0644\u0645\u0644\u0627\u0628\u0633 \u0639\u0627\u0644\u064a\u0629 \u0627\u0644\u062c\u0648\u062f\u0629\u060c \u0627\u0644\u0645\u0635\u0645\u0645\u0629 \u0644\u0645\u0631\u0627\u0641\u0642\u0629 \u0627\u0644\u0623\u0637\u0641\u0627\u0644 \u0641\u064a \u062c\u0645\u064a\u0639 \u0645\u063a\u0627\u0645\u0631\u0627\u062a\u0647\u0645.<\/p><h2 style=\"text-align: right;\">\u0645\u0647\u0645\u062a\u0646\u0627<\/h2><p style=\"text-align: right;\">\u0641\u064a bbonjours kids\u060c \u0645\u0647\u0645\u062a\u0646\u0627 \u0628\u0633\u064a\u0637\u0629: \u062a\u0642\u062f\u064a\u0645 \u0645\u0644\u0627\u0628\u0633 \u0623\u0646\u064a\u0642\u0629\u060c \u0645\u0631\u064a\u062d\u0629\u060c \u0648\u0645\u062a\u064a\u0646\u0629 \u0644\u0644\u0623\u0637\u0641\u0627\u0644 \u0645\u0646 \u062c\u0645\u064a\u0639 \u0627\u0644\u0623\u0639\u0645\u0627\u0631. \u0646\u062d\u0646 \u0646\u0624\u0645\u0646 \u0628\u0623\u0646 \u0643\u0644 \u0637\u0641\u0644 \u064a\u0633\u062a\u062d\u0642 \u0623\u0646 \u064a\u0634\u0639\u0631 \u0628\u0627\u0644\u0631\u0627\u062d\u0629 \u0641\u064a \u0645\u0644\u0627\u0628\u0633\u0647\u060c \u0633\u0648\u0627\u0621 \u0643\u0627\u0646 \u064a\u0644\u0639\u0628\u060c \u064a\u062a\u0639\u0644\u0645\u060c \u0623\u0648 \u064a\u062d\u062a\u0641\u0644 \u0628\u0644\u062d\u0638\u0629 \u062e\u0627\u0635\u0629.<\/p><h2 style=\"text-align: right;\">\u0642\u064a\u0645\u0646\u0627<\/h2><ul style=\"text-align: right;\"><li><strong>\u0627\u0644\u062c\u0648\u062f\u0629:<\/strong>\u00a0\u0646\u062e\u062a\u0627\u0631 \u0627\u0644\u0645\u0648\u0627\u062f \u0628\u062f\u0642\u0629 \u0644\u0636\u0645\u0627\u0646 \u0645\u0644\u0627\u0628\u0633 \u062a\u0635\u0645\u062f \u0623\u0645\u0627\u0645 \u0627\u062e\u062a\u0628\u0627\u0631 \u0627\u0644\u0632\u0645\u0646 \u0648\u0623\u0644\u0639\u0627\u0628 \u0627\u0644\u0623\u0637\u0641\u0627\u0644.<\/li><li><strong>\u0627\u0644\u0631\u0627\u062d\u0629:<\/strong>\u00a0\u0643\u0644 \u0642\u0637\u0639\u0629 \u0645\u0644\u0627\u0628\u0633 \u0645\u0635\u0645\u0645\u0629 \u0644\u062a\u0648\u0641\u064a\u0631 \u0623\u0642\u0635\u0649 \u0642\u062f\u0631 \u0645\u0646 \u0627\u0644\u0631\u0627\u062d\u0629\u060c \u0645\u0645\u0627 \u064a\u0633\u0645\u062d \u0644\u0644\u0623\u0637\u0641\u0627\u0644 \u0628\u0627\u0644\u062d\u0631\u0643\u0629 \u0628\u062d\u0631\u064a\u0629 \u0648\u0627\u0644\u062a\u0639\u0628\u064a\u0631 \u0639\u0646 \u0623\u0646\u0641\u0633\u0647\u0645.<\/li><li><strong>\u0627\u0644\u0623\u0646\u0627\u0642\u0629:<\/strong>\u00a0\u0646\u0642\u062f\u0645 \u062a\u0635\u0627\u0645\u064a\u0645 \u0639\u0635\u0631\u064a\u0629 \u0648\u062c\u0630\u0627\u0628\u0629\u060c \u062a\u0631\u0648\u0642 \u0644\u0644\u0623\u0637\u0641\u0627\u0644 \u0648\u0648\u0627\u0644\u062f\u064a\u0647\u0645 \u0639\u0644\u0649 \u062d\u062f \u0633\u0648\u0627\u0621.<\/li><li><strong>\u0627\u0644\u0627\u0633\u062a\u062f\u0627\u0645\u0629:<\/strong>\u00a0\u0645\u0644\u062a\u0632\u0645\u0648\u0646 \u0628\u0646\u0647\u062c \u0628\u064a\u0626\u064a \u0645\u0633\u0624\u0648\u0644\u060c \u0646\u0641\u0636\u0644 \u0645\u0645\u0627\u0631\u0633\u0627\u062a \u0625\u0646\u062a\u0627\u062c \u0645\u0633\u062a\u062f\u0627\u0645\u0629 \u062a\u062d\u062a\u0631\u0645 \u0627\u0644\u0628\u064a\u0626\u0629.<\/li><\/ul><h2 style=\"text-align: right;\">\u062a\u0627\u0631\u064a\u062e\u0646\u0627<\/h2><p style=\"text-align: right;\">\u0628\u062f\u0623\u062a \u0645\u063a\u0627\u0645\u0631\u0629 bbonjours kids \u0628\u0634\u063a\u0641 \u0644\u0644\u0645\u0648\u0636\u0629 \u0627\u0644\u0623\u0637\u0641\u0627\u0644 \u0648\u0631\u063a\u0628\u0629 \u0641\u064a \u062a\u0642\u062f\u064a\u0645 \u0645\u0644\u0627\u0628\u0633 \u062a\u062c\u0645\u0639 \u0628\u064a\u0646 \u0627\u0644\u062c\u0645\u0627\u0644 \u0648\u0627\u0644\u0648\u0638\u0627\u0626\u0641. \u062a\u0623\u0633\u0633 \u0645\u062a\u062c\u0631\u0646\u0627 \u0628\u0648\u0627\u0633\u0637\u0629 \u0641\u0631\u064a\u0642 \u0645\u0646 \u0627\u0644\u0622\u0628\u0627\u0621 \u0648\u0627\u0644\u0645\u0628\u062f\u0639\u064a\u0646\u060c \u0628\u0647\u062f\u0641 \u062a\u0644\u0628\u064a\u0629 \u0627\u062d\u062a\u064a\u0627\u062c\u0627\u062a \u0627\u0644\u0623\u0633\u0631 \u0641\u064a \u0645\u062c\u0627\u0644 \u0645\u0644\u0627\u0628\u0633 \u0627\u0644\u0623\u0637\u0641\u0627\u0644. \u0646\u062d\u0646 \u0646\u0641\u0647\u0645 \u0627\u0644\u062a\u062d\u062f\u064a\u0627\u062a \u0627\u0644\u062a\u064a \u064a\u0648\u0627\u062c\u0647\u0647\u0627 \u0627\u0644\u0622\u0628\u0627\u0621 \u0648\u0646\u0633\u0639\u0649 \u0644\u062c\u0639\u0644 \u062a\u062c\u0631\u0628\u0629 \u0627\u0644\u062a\u0633\u0648\u0642 \u0644\u0644\u0623\u0637\u0641\u0627\u0644 \u0645\u0645\u062a\u0639\u0629 \u0648\u062e\u0627\u0644\u064a\u0629 \u0645\u0646 \u0627\u0644\u062a\u0648\u062a\u0631.<\/p><h2 style=\"text-align: right;\">\u0645\u0646\u062a\u062c\u0627\u062a\u0646\u0627<\/h2><p style=\"text-align: right;\">\u0641\u064a bbonjours kids\u060c \u0633\u062a\u062c\u062f\u0648\u0646 \u062a\u0634\u0643\u064a\u0644\u0629 \u0648\u0627\u0633\u0639\u0629 \u0645\u0646 \u0645\u0644\u0627\u0628\u0633 \u0627\u0644\u0623\u0637\u0641\u0627\u0644\u060c \u0628\u062f\u0621\u064b\u0627 \u0645\u0646 \u0627\u0644\u0645\u0644\u0627\u0628\u0633 \u0627\u0644\u064a\u0648\u0645\u064a\u0629 \u0625\u0644\u0649 \u0645\u0644\u0627\u0628\u0633 \u0627\u0644\u062d\u0641\u0644\u0627\u062a:<\/p><ul style=\"text-align: right;\"><li><strong>\u0645\u0644\u0627\u0628\u0633 \u064a\u0648\u0645\u064a\u0629:<\/strong>\u00a0\u062a\u064a\u0634\u064a\u0631\u062a\u0627\u062a\u060c \u062c\u064a\u0646\u0632\u060c \u0633\u0648\u064a\u062a \u0634\u064a\u0631\u062a\u0627\u062a\u060c \u0648\u0641\u0633\u0627\u062a\u064a\u0646 \u0644\u0623\u0633\u0644\u0648\u0628 \u064a\u0648\u0645\u064a \u0623\u0646\u064a\u0642.<\/li><li><strong>\u0645\u0644\u0627\u0628\u0633 \u0627\u0644\u062d\u0641\u0644\u0627\u062a:<\/strong>\u00a0\u0641\u0633\u0627\u062a\u064a\u0646 \u0633\u0647\u0631\u0629\u060c \u0628\u062f\u0644\u0627\u062a \u0648\u0623\u0637\u0642\u0645 \u0623\u0646\u064a\u0642\u0629 \u0644\u0644\u0645\u0646\u0627\u0633\u0628\u0627\u062a \u0627\u0644\u062e\u0627\u0635\u0629.<\/li><li><strong>\u0627\u0644\u0625\u0643\u0633\u0633\u0648\u0627\u0631\u0627\u062a:<\/strong>\u00a0\u0642\u0628\u0639\u0627\u062a\u060c \u062d\u0642\u0627\u0626\u0628 \u0638\u0647\u0631\u060c \u0648\u0623\u062d\u0630\u064a\u0629 \u0644\u0627\u0633\u062a\u0643\u0645\u0627\u0644 \u0643\u0644 \u0625\u0637\u0644\u0627\u0644\u0629.<\/li><\/ul><h2 style=\"text-align: right;\">\u0627\u0644\u062a\u0632\u0627\u0645\u0646\u0627 \u0627\u0644\u0645\u062c\u062a\u0645\u0639\u064a<\/h2><p style=\"text-align: right;\">\u0646\u0624\u0645\u0646 \u0628\u0623\u0647\u0645\u064a\u0629 \u0631\u062f \u0627\u0644\u062c\u0645\u064a\u0644 \u0644\u0644\u0645\u062c\u062a\u0645\u0639. \u0644\u0647\u0630\u0627 \u0627\u0644\u0633\u0628\u0628 \u0646\u062f\u0639\u0645 \u0645\u062e\u062a\u0644\u0641 \u0627\u0644\u0645\u0628\u0627\u062f\u0631\u0627\u062a \u0627\u0644\u0645\u062d\u0644\u064a\u0629 \u0648\u0627\u0644\u0645\u0646\u0638\u0645\u0627\u062a \u0627\u0644\u062e\u064a\u0631\u064a\u0629 \u0627\u0644\u0645\u0643\u0631\u0633\u0629 \u0644\u0631\u0641\u0627\u0647\u064a\u0629 \u0627\u0644\u0623\u0637\u0641\u0627\u0644. \u0639\u0646\u062f \u0627\u0644\u0634\u0631\u0627\u0621 \u0645\u0646 bbonjours kids\u060c \u062a\u0633\u0627\u0647\u0645\u0648\u0646 \u0623\u064a\u0636\u064b\u0627 \u0641\u064a \u0647\u0630\u0647 \u0627\u0644\u0642\u0636\u0627\u064a\u0627 \u0627\u0644\u0646\u0628\u064a\u0644\u0629.<\/p><h2 style=\"text-align: right;\">\u0627\u062a\u0635\u0644 \u0628\u0646\u0627<\/h2><p style=\"text-align: right;\">\u0646\u062d\u0646 \u062f\u0627\u0626\u0645\u064b\u0627 \u0641\u064a \u0627\u0633\u062a\u0645\u0627\u0639 \u0644\u0639\u0645\u0644\u0627\u0626\u0646\u0627 \u0648\u0646\u0633\u0639\u0649 \u0644\u0644\u0631\u062f \u0639\u0644\u0649 \u062c\u0645\u064a\u0639 \u0623\u0633\u0626\u0644\u062a\u0643\u0645 \u0648\u0627\u0633\u062a\u0641\u0633\u0627\u0631\u0627\u062a\u0643\u0645. \u0644\u0627 \u062a\u062a\u0631\u062f\u062f\u0648\u0627 \u0641\u064a \u0627\u0644\u062a\u0648\u0627\u0635\u0644 \u0645\u0639\u0646\u0627 \u0639\u0628\u0631 \u0635\u0641\u062d\u0629 \u0627\u0644\u0627\u062a\u0635\u0627\u0644 \u0627\u0644\u062e\u0627\u0635\u0629 \u0628\u0646\u0627\u060c \u0627\u0644\u0628\u0631\u064a\u062f \u0627\u0644\u0625\u0644\u0643\u062a\u0631\u0648\u0646\u064a \u0623\u0648 \u0632\u064a\u0627\u0631\u0629 \u0645\u062a\u062c\u0631\u0646\u0627.<\/p><p style=\"text-align: right;\">\u0634\u0643\u0631\u064b\u0627 \u0644\u0643\u0648\u0646\u0643\u0645 \u062c\u0632\u0621\u064b\u0627 \u0645\u0646 \u0639\u0627\u0626\u0644\u0629 bbonjours kids. \u0646\u062d\u0646 \u0633\u0639\u062f\u0627\u0621 \u0628\u0645\u0631\u0627\u0641\u0642\u062a\u0643\u0645 \u0641\u064a \u0631\u062d\u0644\u0629 \u0627\u0644\u0623\u0628\u0648\u0629 \u0648\u0627\u0644\u0623\u0645\u0648\u0645\u0629 \u0627\u0644\u0631\u0627\u0626\u0639\u0629\u060c \u0628\u0645\u0644\u0627\u0628\u0633 \u0623\u0637\u0641\u0627\u0644\u0643\u0645 \u0628\u062d\u0628 \u0648\u0623\u0646\u0627\u0642\u0629.<\/p>\n\t\t\t\t\t<\/div>\n\t\t\t\t<\/div>\n\t\t\t\t<\/div>\n\t\t\t\t\t<\/div>\n\t\t\t\t<\/div>\n\t\t\t\t<\/div>\n\t\t","protected":false},"excerpt":{"rendered":"<p>\u0645\u0631\u062d\u0628\u064b\u0627 \u0628\u0643\u0645 \u0641\u064a bbonjours Kids\u060c \u0645\u062a\u062c\u0631 \u0645\u0644\u0627\u0628\u0633 \u0623\u0637\u0641\u0627\u0644\u0643\u060c \u062d\u064a\u062b \u062a\u062d\u0643\u064a \u0643\u0644 \u0642\u0637\u0639\u0629 \u0645\u0646 \u0627\u0644\u0645\u0644\u0627\u0628\u0633 \u0642\u0635\u0629 \u0648\u064a\u062a\u0645 \u0627\u0644\u062a\u0639\u0627\u0645\u0644 \u0645\u0639 \u0643\u0644 \u0639\u0645\u064a\u0644<\/p>\n","protected":false},"author":1,"featured_media":0,"parent":0,"menu_order":0,"comment_status":"closed","ping_status":"closed","template":"","meta":{"footnotes":""},"yoast_head":"<!-- This site is optimized with the Yoast SEO Premium plugin v22.8 (Yoast SEO v23.0) - https:\/\/yoast.com\/wordpress\/plugins\/seo\/ -->\n<title>\u0645\u0646 \u0646\u062d\u0646 - BBonjour Kids<\/title>\n<meta name=\"description\" content=\"Bbonjour-Kids.com: \u0645\u062a\u062c\u0631 \u064a\u0642\u062f\u0645 \u0645\u062c\u0645\u0648\u0639\u0629 \u0645\u0646 \u0645\u0644\u0627\u0628\u0633 \u0627\u0644\u0623\u0637\u0641\u0627\u0644. \u0627\u0644\u062c\u0648\u062f\u0629 \u0648\u0627\u0644\u0631\u0627\u062d\u0629 \u0648\u0627\u0644\u0623\u0646\u0627\u0642\u0629. \u0627\u0644\u062a\u0633\u0644\u064a\u0645 \u0627\u0644\u0633\u0631\u064a\u0639 \u0625\u0644\u0649 \u0627\u0644\u062c\u0632\u0627\u0626\u0631.\" \/>\n<meta name=\"robots\" content=\"index, follow, max-snippet:-1, max-image-preview:large, max-video-preview:-1\" \/>\n<link rel=\"canonical\" href=\"https:\/\/bbonjour-kids.com\/a-propos\/\" \/>\n<meta property=\"og:locale\" content=\"ar_AR\" \/>\n<meta property=\"og:type\" content=\"article\" \/>\n<meta property=\"og:title\" content=\"\u0645\u0646 \u0646\u062d\u0646\" \/>\n<meta property=\"og:description\" content=\"Bbonjour-Kids.com: \u0645\u062a\u062c\u0631 \u064a\u0642\u062f\u0645 \u0645\u062c\u0645\u0648\u0639\u0629 \u0645\u0646 \u0645\u0644\u0627\u0628\u0633 \u0627\u0644\u0623\u0637\u0641\u0627\u0644. \u0627\u0644\u062c\u0648\u062f\u0629 \u0648\u0627\u0644\u0631\u0627\u062d\u0629 \u0648\u0627\u0644\u0623\u0646\u0627\u0642\u0629. \u0627\u0644\u062a\u0633\u0644\u064a\u0645 \u0627\u0644\u0633\u0631\u064a\u0639 \u0625\u0644\u0649 \u0627\u0644\u062c\u0632\u0627\u0626\u0631.\" \/>\n<meta property=\"og:url\" content=\"https:\/\/bbonjour-kids.com\/a-propos\/\" \/>\n<meta property=\"og:site_name\" content=\"BBonjour Kids\" \/>\n<meta property=\"article:publisher\" content=\"https:\/\/www.facebook.com\/search\/top?q=bbbonjourkids\" \/>\n<meta property=\"article:modified_time\" content=\"2024-07-04T12:39:26+00:00\" \/>\n<meta property=\"og:image\" content=\"https:\/\/bbonjour-kids.com\/wp-content\/uploads\/2024\/06\/logo-bbonjout-kids-300x300.png\" \/>\n<meta name=\"twitter:card\" content=\"summary_large_image\" \/>\n<meta name=\"twitter:label1\" content=\"\u0648\u0642\u062a \u0627\u0644\u0642\u0631\u0627\u0621\u0629 \u0627\u0644\u0645\u064f\u0642\u062f\u0651\u0631\" \/>\n\t<meta name=\"twitter:data1\" content=\"\u062f\u0642\u064a\u0642\u062a\u0627\u0646\" \/>\n<script type=\"application\/ld+json\" class=\"yoast-schema-graph\">{\"@context\":\"https:\/\/schema.org\",\"@graph\":[{\"@type\":\"WebPage\",\"@id\":\"https:\/\/bbonjour-kids.com\/a-propos\/\",\"url\":\"https:\/\/bbonjour-kids.com\/a-propos\/\",\"name\":\"\u0645\u0646 \u0646\u062d\u0646 - BBonjour Kids\",\"isPartOf\":{\"@id\":\"https:\/\/bbonjour-kids.com\/#website\"},\"primaryImageOfPage\":{\"@id\":\"https:\/\/bbonjour-kids.com\/a-propos\/#primaryimage\"},\"image\":{\"@id\":\"https:\/\/bbonjour-kids.com\/a-propos\/#primaryimage\"},\"thumbnailUrl\":\"https:\/\/bbonjour-kids.com\/wp-content\/uploads\/2024\/06\/logo-bbonjout-kids-300x300.png\",\"datePublished\":\"2021-10-12T14:51:09+00:00\",\"dateModified\":\"2024-07-04T12:39:26+00:00\",\"description\":\"Bbonjour-Kids.com: \u0645\u062a\u062c\u0631 \u064a\u0642\u062f\u0645 \u0645\u062c\u0645\u0648\u0639\u0629 \u0645\u0646 \u0645\u0644\u0627\u0628\u0633 \u0627\u0644\u0623\u0637\u0641\u0627\u0644. \u0627\u0644\u062c\u0648\u062f\u0629 \u0648\u0627\u0644\u0631\u0627\u062d\u0629 \u0648\u0627\u0644\u0623\u0646\u0627\u0642\u0629. \u0627\u0644\u062a\u0633\u0644\u064a\u0645 \u0627\u0644\u0633\u0631\u064a\u0639 \u0625\u0644\u0649 \u0627\u0644\u062c\u0632\u0627\u0626\u0631.\",\"breadcrumb\":{\"@id\":\"https:\/\/bbonjour-kids.com\/a-propos\/#breadcrumb\"},\"inLanguage\":\"ar\",\"potentialAction\":[{\"@type\":\"ReadAction\",\"target\":[\"https:\/\/bbonjour-kids.com\/a-propos\/\"]}]},{\"@type\":\"ImageObject\",\"inLanguage\":\"ar\",\"@id\":\"https:\/\/bbonjour-kids.com\/a-propos\/#primaryimage\",\"url\":\"https:\/\/bbonjour-kids.com\/wp-content\/uploads\/2024\/06\/logo-bbonjout-kids-300x300.png\",\"contentUrl\":\"https:\/\/bbonjour-kids.com\/wp-content\/uploads\/2024\/06\/logo-bbonjout-kids-300x300.png\"},{\"@type\":\"BreadcrumbList\",\"@id\":\"https:\/\/bbonjour-kids.com\/a-propos\/#breadcrumb\",\"itemListElement\":[{\"@type\":\"ListItem\",\"position\":1,\"name\":\"Accueil\",\"item\":\"https:\/\/bbonjour-kids.com\/\"},{\"@type\":\"ListItem\",\"position\":2,\"name\":\"\u0645\u0646 \u0646\u062d\u0646\"}]},{\"@type\":\"WebSite\",\"@id\":\"https:\/\/bbonjour-kids.com\/#website\",\"url\":\"https:\/\/bbonjour-kids.com\/\",\"name\":\"BBonjour Kids\",\"description\":\"D\u00e9couvrez Bbonjour kids, votre boutique en ligne de v\u00eatements pour enfants. Des collections modernes, confortables et de qualit\u00e9 pour habiller vos petits avec style. Profitez de nos offres exclusives et de la livraison rapide !\",\"publisher\":{\"@id\":\"https:\/\/bbonjour-kids.com\/#organization\"},\"alternateName\":\"BBonjour Kids\",\"potentialAction\":[{\"@type\":\"SearchAction\",\"target\":{\"@type\":\"EntryPoint\",\"urlTemplate\":\"https:\/\/bbonjour-kids.com\/?s={search_term_string}\"},\"query-input\":\"required name=search_term_string\"}],\"inLanguage\":\"ar\"},{\"@type\":\"Organization\",\"@id\":\"https:\/\/bbonjour-kids.com\/#organization\",\"name\":\"%%sitename%%\",\"alternateName\":\"BBonjour Kids\",\"url\":\"https:\/\/bbonjour-kids.com\/\",\"logo\":{\"@type\":\"ImageObject\",\"inLanguage\":\"ar\",\"@id\":\"https:\/\/bbonjour-kids.com\/#\/schema\/logo\/image\/\",\"url\":\"https:\/\/bbonjour-kids.com\/wp-content\/uploads\/2024\/06\/cropped-logo-bbonjout-kids.png\",\"contentUrl\":\"https:\/\/bbonjour-kids.com\/wp-content\/uploads\/2024\/06\/cropped-logo-bbonjout-kids.png\",\"width\":512,\"height\":512,\"caption\":\"%%sitename%%\"},\"image\":{\"@id\":\"https:\/\/bbonjour-kids.com\/#\/schema\/logo\/image\/\"},\"sameAs\":[\"https:\/\/www.facebook.com\/search\/top?q=bbbonjourkids\"],\"email\":\"info@bbonjour-kids.com\",\"legalName\":\"Bbonjour kids\"}]}<\/script>\n<!-- \/ Yoast SEO Premium plugin. -->","yoast_head_json":{"title":"\u0645\u0646 \u0646\u062d\u0646 - BBonjour Kids","description":"Bbonjour-Kids.com: \u0645\u062a\u062c\u0631 \u064a\u0642\u062f\u0645 \u0645\u062c\u0645\u0648\u0639\u0629 \u0645\u0646 \u0645\u0644\u0627\u0628\u0633 \u0627\u0644\u0623\u0637\u0641\u0627\u0644. \u0627\u0644\u062c\u0648\u062f\u0629 \u0648\u0627\u0644\u0631\u0627\u062d\u0629 \u0648\u0627\u0644\u0623\u0646\u0627\u0642\u0629. \u0627\u0644\u062a\u0633\u0644\u064a\u0645 \u0627\u0644\u0633\u0631\u064a\u0639 \u0625\u0644\u0649 \u0627\u0644\u062c\u0632\u0627\u0626\u0631.","robots":{"index":"index","follow":"follow","max-snippet":"max-snippet:-1","max-image-preview":"max-image-preview:large","max-video-preview":"max-video-preview:-1"},"canonical":"https:\/\/bbonjour-kids.com\/a-propos\/","og_locale":"ar_AR","og_type":"article","og_title":"\u0645\u0646 \u0646\u062d\u0646","og_description":"Bbonjour-Kids.com: \u0645\u062a\u062c\u0631 \u064a\u0642\u062f\u0645 \u0645\u062c\u0645\u0648\u0639\u0629 \u0645\u0646 \u0645\u0644\u0627\u0628\u0633 \u0627\u0644\u0623\u0637\u0641\u0627\u0644. \u0627\u0644\u062c\u0648\u062f\u0629 \u0648\u0627\u0644\u0631\u0627\u062d\u0629 \u0648\u0627\u0644\u0623\u0646\u0627\u0642\u0629. \u0627\u0644\u062a\u0633\u0644\u064a\u0645 \u0627\u0644\u0633\u0631\u064a\u0639 \u0625\u0644\u0649 \u0627\u0644\u062c\u0632\u0627\u0626\u0631.","og_url":"https:\/\/bbonjour-kids.com\/a-propos\/","og_site_name":"BBonjour Kids","article_publisher":"https:\/\/www.facebook.com\/search\/top?q=bbbonjourkids","article_modified_time":"2024-07-04T12:39:26+00:00","og_image":[{"url":"https:\/\/bbonjour-kids.com\/wp-content\/uploads\/2024\/06\/logo-bbonjout-kids-300x300.png"}],"twitter_card":"summary_large_image","twitter_misc":{"\u0648\u0642\u062a \u0627\u0644\u0642\u0631\u0627\u0621\u0629 \u0627\u0644\u0645\u064f\u0642\u062f\u0651\u0631":"\u062f\u0642\u064a\u0642\u062a\u0627\u0646"},"schema":{"@context":"https:\/\/schema.org","@graph":[{"@type":"WebPage","@id":"https:\/\/bbonjour-kids.com\/a-propos\/","url":"https:\/\/bbonjour-kids.com\/a-propos\/","name":"\u0645\u0646 \u0646\u062d\u0646 - BBonjour Kids","isPartOf":{"@id":"https:\/\/bbonjour-kids.com\/#website"},"primaryImageOfPage":{"@id":"https:\/\/bbonjour-kids.com\/a-propos\/#primaryimage"},"image":{"@id":"https:\/\/bbonjour-kids.com\/a-propos\/#primaryimage"},"thumbnailUrl":"https:\/\/bbonjour-kids.com\/wp-content\/uploads\/2024\/06\/logo-bbonjout-kids-300x300.png","datePublished":"2021-10-12T14:51:09+00:00","dateModified":"2024-07-04T12:39:26+00:00","description":"Bbonjour-Kids.com: \u0645\u062a\u062c\u0631 \u064a\u0642\u062f\u0645 \u0645\u062c\u0645\u0648\u0639\u0629 \u0645\u0646 \u0645\u0644\u0627\u0628\u0633 \u0627\u0644\u0623\u0637\u0641\u0627\u0644. \u0627\u0644\u062c\u0648\u062f\u0629 \u0648\u0627\u0644\u0631\u0627\u062d\u0629 \u0648\u0627\u0644\u0623\u0646\u0627\u0642\u0629. \u0627\u0644\u062a\u0633\u0644\u064a\u0645 \u0627\u0644\u0633\u0631\u064a\u0639 \u0625\u0644\u0649 \u0627\u0644\u062c\u0632\u0627\u0626\u0631.","breadcrumb":{"@id":"https:\/\/bbonjour-kids.com\/a-propos\/#breadcrumb"},"inLanguage":"ar","potentialAction":[{"@type":"ReadAction","target":["https:\/\/bbonjour-kids.com\/a-propos\/"]}]},{"@type":"ImageObject","inLanguage":"ar","@id":"https:\/\/bbonjour-kids.com\/a-propos\/#primaryimage","url":"https:\/\/bbonjour-kids.com\/wp-content\/uploads\/2024\/06\/logo-bbonjout-kids-300x300.png","contentUrl":"https:\/\/bbonjour-kids.com\/wp-content\/uploads\/2024\/06\/logo-bbonjout-kids-300x300.png"},{"@type":"BreadcrumbList","@id":"https:\/\/bbonjour-kids.com\/a-propos\/#breadcrumb","itemListElement":[{"@type":"ListItem","position":1,"name":"Accueil","item":"https:\/\/bbonjour-kids.com\/"},{"@type":"ListItem","position":2,"name":"\u0645\u0646 \u0646\u062d\u0646"}]},{"@type":"WebSite","@id":"https:\/\/bbonjour-kids.com\/#website","url":"https:\/\/bbonjour-kids.com\/","name":"BBonjour Kids","description":"D\u00e9couvrez Bbonjour kids, votre boutique en ligne de v\u00eatements pour enfants. Des collections modernes, confortables et de qualit\u00e9 pour habiller vos petits avec style. Profitez de nos offres exclusives et de la livraison rapide !","publisher":{"@id":"https:\/\/bbonjour-kids.com\/#organization"},"alternateName":"BBonjour Kids","potentialAction":[{"@type":"SearchAction","target":{"@type":"EntryPoint","urlTemplate":"https:\/\/bbonjour-kids.com\/?s={search_term_string}"},"query-input":"required name=search_term_string"}],"inLanguage":"ar"},{"@type":"Organization","@id":"https:\/\/bbonjour-kids.com\/#organization","name":"%%sitename%%","alternateName":"BBonjour Kids","url":"https:\/\/bbonjour-kids.com\/","logo":{"@type":"ImageObject","inLanguage":"ar","@id":"https:\/\/bbonjour-kids.com\/#\/schema\/logo\/image\/","url":"https:\/\/bbonjour-kids.com\/wp-content\/uploads\/2024\/06\/cropped-logo-bbonjout-kids.png","contentUrl":"https:\/\/bbonjour-kids.com\/wp-content\/uploads\/2024\/06\/cropped-logo-bbonjout-kids.png","width":512,"height":512,"caption":"%%sitename%%"},"image":{"@id":"https:\/\/bbonjour-kids.com\/#\/schema\/logo\/image\/"},"sameAs":["https:\/\/www.facebook.com\/search\/top?q=bbbonjourkids"],"email":"info@bbonjour-kids.com","legalName":"Bbonjour kids"}]}},"jetpack_sharing_enabled":true,"_links":{"self":[{"href":"https:\/\/bbonjour-kids.com\/ar\/wp-json\/wp\/v2\/pages\/16746"}],"collection":[{"href":"https:\/\/bbonjour-kids.com\/ar\/wp-json\/wp\/v2\/pages"}],"about":[{"href":"https:\/\/bbonjour-kids.com\/ar\/wp-json\/wp\/v2\/types\/page"}],"author":[{"embeddable":true,"href":"https:\/\/bbonjour-kids.com\/ar\/wp-json\/wp\/v2\/users\/1"}],"replies":[{"embeddable":true,"href":"https:\/\/bbonjour-kids.com\/ar\/wp-json\/wp\/v2\/comments?post=16746"}],"version-history":[{"count":0,"href":"https:\/\/bbonjour-kids.com\/ar\/wp-json\/wp\/v2\/pages\/16746\/revisions"}],"wp:attachment":[{"href":"https:\/\/bbonjour-kids.com\/ar\/wp-json\/wp\/v2\/media?parent=16746"}],"curies":[{"name":"wp","href":"https:\/\/api.w.org\/{rel}","templated":true}]}}