{"id":16824,"date":"2024-06-10T21:21:31","date_gmt":"2024-06-10T20:21:31","guid":{"rendered":"https:\/\/bbonjour-kids.com\/%d8%b9%d8%b1%d8%a8%d8%a9-%d8%a7%d9%84%d8%aa%d8%b3%d9%88%d9%82\/"},"modified":"2024-06-10T21:21:31","modified_gmt":"2024-06-10T20:21:31","slug":"%d8%b9%d8%b1%d8%a8%d8%a9-%d8%a7%d9%84%d8%aa%d8%b3%d9%88%d9%82","status":"publish","type":"page","link":"https:\/\/bbonjour-kids.com\/ar\/%d8%b9%d8%b1%d8%a8%d8%a9-%d8%a7%d9%84%d8%aa%d8%b3%d9%88%d9%82\/","title":{"rendered":"\u0639\u0631\u0628\u0629 \u0627\u0644\u062a\u0633\u0648\u0642"},"content":{"rendered":"<div data-block-name=\"woocommerce\/cart\" class=\"wp-block-woocommerce-cart alignwide is-loading\"><div data-block-name=\"woocommerce\/filled-cart-block\" class=\"wp-block-woocommerce-filled-cart-block\"><div data-block-name=\"woocommerce\/cart-items-block\" class=\"wp-block-woocommerce-cart-items-block\"><div data-block-name=\"woocommerce\/cart-line-items-block\" class=\"wp-block-woocommerce-cart-line-items-block\"><\/div>\n\n<div data-block-name=\"woocommerce\/cart-cross-sells-block\" class=\"wp-block-woocommerce-cart-cross-sells-block\">\n<h2 class=\"wp-block-heading has-large-font-size\">\u0642\u062f \u062a\u0643\u0648\u0646 \u0645\u0647\u062a\u0645\u064b\u0627 \u0628\u0640&#8230;<\/h2>\n\n\n<div data-block-name=\"woocommerce\/cart-cross-sells-products-block\" class=\"wp-block-woocommerce-cart-cross-sells-products-block\"><\/div><\/div><\/div>\n\n<div data-block-name=\"woocommerce\/cart-totals-block\" class=\"wp-block-woocommerce-cart-totals-block\"><div data-block-name=\"woocommerce\/cart-order-summary-block\" class=\"wp-block-woocommerce-cart-order-summary-block\"><div data-block-name=\"woocommerce\/cart-order-summary-heading-block\" class=\"wp-block-woocommerce-cart-order-summary-heading-block\"><\/div><div data-block-name=\"woocommerce\/cart-order-summary-coupon-form-block\" class=\"wp-block-woocommerce-cart-order-summary-coupon-form-block\"><\/div><div data-block-name=\"woocommerce\/cart-order-summary-totals-block\" class=\"wp-block-woocommerce-cart-order-summary-totals-block\">\n<div data-block-name=\"woocommerce\/cart-order-summary-subtotal-block\" class=\"wp-block-woocommerce-cart-order-summary-subtotal-block\"><\/div>\n<div data-block-name=\"woocommerce\/cart-order-summary-discount-block\" class=\"wp-block-woocommerce-cart-order-summary-discount-block\"><\/div>\n<div data-block-name=\"woocommerce\/cart-order-summary-fee-block\" class=\"wp-block-woocommerce-cart-order-summary-fee-block\"><\/div>\n<div data-block-name=\"woocommerce\/cart-order-summary-shipping-block\" class=\"wp-block-woocommerce-cart-order-summary-shipping-block\"><\/div>\n<div data-block-name=\"woocommerce\/cart-order-summary-taxes-block\" class=\"wp-block-woocommerce-cart-order-summary-taxes-block\"><\/div><\/div><\/div>\n\n<div data-block-name=\"woocommerce\/cart-express-payment-block\" class=\"wp-block-woocommerce-cart-express-payment-block\"><\/div>\n\n<div data-block-name=\"woocommerce\/proceed-to-checkout-block\" class=\"wp-block-woocommerce-proceed-to-checkout-block\"><\/div>\n\n<div data-block-name=\"woocommerce\/cart-accepted-payment-methods-block\" class=\"wp-block-woocommerce-cart-accepted-payment-methods-block\"><\/div><\/div><\/div>\n\n<div data-block-name=\"woocommerce\/empty-cart-block\" class=\"wp-block-woocommerce-empty-cart-block\">\n<h2 class=\"wp-block-heading has-text-align-center with-empty-cart-icon wc-block-cart__empty-cart__title\">\u0639\u0631\u0628\u0629 \u0627\u0644\u062a\u0633\u0648\u0642 \u0641\u0627\u0631\u063a\u0629 \u062d\u0627\u0644\u064a\u0627!<\/h2>\n\n\n\n<hr class=\"wp-block-separator has-alpha-channel-opacity is-style-dots\">\n\n\n\n<h2 class=\"wp-block-heading has-text-align-center\">\u0627\u0644\u062c\u062f\u064a\u062f \u0641\u064a \u0627\u0644\u0645\u062a\u062c\u0631<\/h2>\n\n\n<div data-block-name=\"woocommerce\/product-new\" data-columns=\"4\" data-rows=\"1\" class=\"wc-block-grid wp-block-product-new wc-block-product-new has-4-columns\"><ul class=\"wc-block-grid__products\"><li class=\"wc-block-grid__product\">\n\t\t\t\t<a href=\"https:\/\/bbonjour-kids.com\/ar\/shop\/tenus-2-pieces\/ensemble-short-jean-et-t-shirt-blanc\/\" class=\"wc-block-grid__product-link\">\n\t\t\t\t\t\n\t\t\t\t\t<div class=\"wc-block-grid__product-image\"><img fetchpriority=\"high\" decoding=\"async\" width=\"250\" height=\"250\" src=\"https:\/\/bbonjour-kids.com\/wp-content\/themes\/woodmart\/images\/lazy.png\" class=\"attachment-woocommerce_thumbnail size-woocommerce_thumbnail wd-lazy-load wd-lazy-blur\" alt=\"Ensemble short jean et t-shirt blanc\" srcset=\"\" sizes=\"(max-width: 250px) 100vw, 250px\" data-wood-src=\"https:\/\/bbonjour-kids.com\/wp-content\/uploads\/2024\/08\/IMG_20240801_134431_213-1-250x250.jpg\" data-srcset=\"https:\/\/bbonjour-kids.com\/wp-content\/uploads\/2024\/08\/IMG_20240801_134431_213-1-250x250.jpg 250w, https:\/\/bbonjour-kids.com\/wp-content\/uploads\/2024\/08\/IMG_20240801_134431_213-1-300x300.jpg 300w, https:\/\/bbonjour-kids.com\/wp-content\/uploads\/2024\/08\/IMG_20240801_134431_213-1-1024x1024.jpg 1024w, https:\/\/bbonjour-kids.com\/wp-content\/uploads\/2024\/08\/IMG_20240801_134431_213-1-150x150.jpg 150w, https:\/\/bbonjour-kids.com\/wp-content\/uploads\/2024\/08\/IMG_20240801_134431_213-1-768x768.jpg 768w, https:\/\/bbonjour-kids.com\/wp-content\/uploads\/2024\/08\/IMG_20240801_134431_213-1-60x60.jpg 60w, https:\/\/bbonjour-kids.com\/wp-content\/uploads\/2024\/08\/IMG_20240801_134431_213-1-110x110.jpg 110w, https:\/\/bbonjour-kids.com\/wp-content\/uploads\/2024\/08\/IMG_20240801_134431_213-1-600x600.jpg 600w, https:\/\/bbonjour-kids.com\/wp-content\/uploads\/2024\/08\/IMG_20240801_134431_213-1.jpg 1280w\" \/><\/div>\n\t\t\t\t\t<div class=\"wc-block-grid__product-title\">Ensemble short jean et t-shirt blanc<\/div>\n\t\t\t\t<\/a>\n\t\t\t\t<div class=\"wc-block-grid__product-price price\"><span class=\"woocommerce-Price-amount amount\"><span class=\"woocommerce-Price-currencySymbol\">&#x62f;.&#x62c;<\/span>&nbsp;3600,00<\/span><\/div>\n\t\t\t\t\n\t\t\t\t<div class=\"wp-block-button wc-block-grid__product-add-to-cart\"><a href=\"?add-to-cart=17148\" aria-label=\"\u0625\u0636\u0627\u0641\u0629 \u0625\u0644\u0649 \u0639\u0631\u0628\u0629 \u0627\u0644\u062a\u0633\u0648\u0642: &quot;Ensemble short jean et t-shirt blanc&quot;\" data-quantity=\"1\" data-product_id=\"17148\" data-product_sku=\"\" data-price=\"3600\" rel=\"nofollow\" class=\"wp-block-button__link  add_to_cart_button ajax_add_to_cart\">\u0625\u0636\u0627\u0641\u0629 \u0625\u0644\u0649 \u0627\u0644\u0633\u0644\u0629<\/a><\/div>\n\t\t\t<\/li><li class=\"wc-block-grid__product\">\n\t\t\t\t<a href=\"https:\/\/bbonjour-kids.com\/ar\/shop\/%d9%84%d8%a8%d8%a7%d8%b3-%d9%82%d8%b7%d8%b9%d8%aa%d9%8a%d9%86\/ensemble-4-pieces-avec-chemise-a-petits-carreau\/\" class=\"wc-block-grid__product-link\">\n\t\t\t\t\t\n\t\t\t\t\t<div class=\"wc-block-grid__product-image\"><img decoding=\"async\" width=\"250\" height=\"250\" src=\"https:\/\/bbonjour-kids.com\/wp-content\/themes\/woodmart\/images\/lazy.png\" class=\"attachment-woocommerce_thumbnail size-woocommerce_thumbnail wd-lazy-load wd-lazy-blur\" alt=\"Ensemble 4 pi\u00e8ces avec chemise a petits carreau\" srcset=\"\" sizes=\"(max-width: 250px) 100vw, 250px\" data-wood-src=\"https:\/\/bbonjour-kids.com\/wp-content\/uploads\/2024\/08\/IMG_20240801_134431_440-250x250.jpg\" data-srcset=\"https:\/\/bbonjour-kids.com\/wp-content\/uploads\/2024\/08\/IMG_20240801_134431_440-250x250.jpg 250w, https:\/\/bbonjour-kids.com\/wp-content\/uploads\/2024\/08\/IMG_20240801_134431_440-300x300.jpg 300w, https:\/\/bbonjour-kids.com\/wp-content\/uploads\/2024\/08\/IMG_20240801_134431_440-1024x1024.jpg 1024w, https:\/\/bbonjour-kids.com\/wp-content\/uploads\/2024\/08\/IMG_20240801_134431_440-150x150.jpg 150w, https:\/\/bbonjour-kids.com\/wp-content\/uploads\/2024\/08\/IMG_20240801_134431_440-768x768.jpg 768w, https:\/\/bbonjour-kids.com\/wp-content\/uploads\/2024\/08\/IMG_20240801_134431_440-60x60.jpg 60w, https:\/\/bbonjour-kids.com\/wp-content\/uploads\/2024\/08\/IMG_20240801_134431_440-110x110.jpg 110w, https:\/\/bbonjour-kids.com\/wp-content\/uploads\/2024\/08\/IMG_20240801_134431_440-600x600.jpg 600w, https:\/\/bbonjour-kids.com\/wp-content\/uploads\/2024\/08\/IMG_20240801_134431_440.jpg 1280w\" \/><\/div>\n\t\t\t\t\t<div class=\"wc-block-grid__product-title\">Ensemble 4 pi\u00e8ces avec chemise a petits carreau<\/div>\n\t\t\t\t<\/a>\n\t\t\t\t<div class=\"wc-block-grid__product-price price\"><span class=\"woocommerce-Price-amount amount\"><span class=\"woocommerce-Price-currencySymbol\">&#x62f;.&#x62c;<\/span>&nbsp;3500,00<\/span><\/div>\n\t\t\t\t\n\t\t\t\t<div class=\"wp-block-button wc-block-grid__product-add-to-cart\"><a href=\"?add-to-cart=17146\" aria-label=\"\u0625\u0636\u0627\u0641\u0629 \u0625\u0644\u0649 \u0639\u0631\u0628\u0629 \u0627\u0644\u062a\u0633\u0648\u0642: &quot;Ensemble 4 pi\u00e8ces avec chemise a petits carreau&quot;\" data-quantity=\"1\" data-product_id=\"17146\" data-product_sku=\"\" data-price=\"3500\" rel=\"nofollow\" class=\"wp-block-button__link  add_to_cart_button ajax_add_to_cart\">\u0625\u0636\u0627\u0641\u0629 \u0625\u0644\u0649 \u0627\u0644\u0633\u0644\u0629<\/a><\/div>\n\t\t\t<\/li><li class=\"wc-block-grid__product\">\n\t\t\t\t<a href=\"https:\/\/bbonjour-kids.com\/ar\/shop\/tenus-2-pieces\/ensemble-short-et-t-shirt-coton\/\" class=\"wc-block-grid__product-link\">\n\t\t\t\t\t<div class=\"wc-block-grid__product-onsale\">\n\t\t\t<span aria-hidden=\"true\">\u0633\u0639\u0631 \u0627\u0644\u0639\u0631\u0636<\/span>\n\t\t\t<span class=\"screen-reader-text\">\u0645\u0646\u062a\u062c \u0645\u062e\u0641\u0636<\/span>\n\t\t<\/div>\n\t\t\t\t\t<div class=\"wc-block-grid__product-image\"><img decoding=\"async\" width=\"250\" height=\"250\" src=\"https:\/\/bbonjour-kids.com\/wp-content\/themes\/woodmart\/images\/lazy.png\" class=\"attachment-woocommerce_thumbnail size-woocommerce_thumbnail wd-lazy-load wd-lazy-blur\" alt=\"Ensemble short et T-shirt coton.\" srcset=\"\" sizes=\"(max-width: 250px) 100vw, 250px\" data-wood-src=\"https:\/\/bbonjour-kids.com\/wp-content\/uploads\/2024\/08\/IMG_20240801_134436_533-250x250.jpg\" data-srcset=\"https:\/\/bbonjour-kids.com\/wp-content\/uploads\/2024\/08\/IMG_20240801_134436_533-250x250.jpg 250w, https:\/\/bbonjour-kids.com\/wp-content\/uploads\/2024\/08\/IMG_20240801_134436_533-300x300.jpg 300w, https:\/\/bbonjour-kids.com\/wp-content\/uploads\/2024\/08\/IMG_20240801_134436_533-1024x1024.jpg 1024w, https:\/\/bbonjour-kids.com\/wp-content\/uploads\/2024\/08\/IMG_20240801_134436_533-150x150.jpg 150w, https:\/\/bbonjour-kids.com\/wp-content\/uploads\/2024\/08\/IMG_20240801_134436_533-768x768.jpg 768w, https:\/\/bbonjour-kids.com\/wp-content\/uploads\/2024\/08\/IMG_20240801_134436_533-60x60.jpg 60w, https:\/\/bbonjour-kids.com\/wp-content\/uploads\/2024\/08\/IMG_20240801_134436_533-110x110.jpg 110w, https:\/\/bbonjour-kids.com\/wp-content\/uploads\/2024\/08\/IMG_20240801_134436_533-600x600.jpg 600w, https:\/\/bbonjour-kids.com\/wp-content\/uploads\/2024\/08\/IMG_20240801_134436_533.jpg 1280w\" \/><\/div>\n\t\t\t\t\t<div class=\"wc-block-grid__product-title\">Ensemble short et T-shirt coton.<\/div>\n\t\t\t\t<\/a>\n\t\t\t\t<div class=\"wc-block-grid__product-price price\"><del aria-hidden=\"true\"><span class=\"woocommerce-Price-amount amount\"><span class=\"woocommerce-Price-currencySymbol\">&#x62f;.&#x62c;<\/span>&nbsp;4000,00<\/span><\/del> <span class=\"screen-reader-text\">\u0627\u0644\u0633\u0639\u0631 \u0627\u0644\u0623\u0635\u0644\u064a \u0647\u0648: &#x62f;.&#x62c;&nbsp;4000,00.<\/span><ins aria-hidden=\"true\"><span class=\"woocommerce-Price-amount amount\"><span class=\"woocommerce-Price-currencySymbol\">&#x62f;.&#x62c;<\/span>&nbsp;3500,00<\/span><\/ins><span class=\"screen-reader-text\">\u0627\u0644\u0633\u0639\u0631 \u0627\u0644\u062d\u0627\u0644\u064a \u0647\u0648: &#x62f;.&#x62c;&nbsp;3500,00.<\/span><\/div>\n\t\t\t\t\n\t\t\t\t<div class=\"wp-block-button wc-block-grid__product-add-to-cart\"><a href=\"?add-to-cart=17142\" aria-label=\"\u0625\u0636\u0627\u0641\u0629 \u0625\u0644\u0649 \u0639\u0631\u0628\u0629 \u0627\u0644\u062a\u0633\u0648\u0642: &quot;Ensemble short et T-shirt coton.&quot;\" data-quantity=\"1\" data-product_id=\"17142\" data-product_sku=\"\" data-price=\"3500\" rel=\"nofollow\" class=\"wp-block-button__link  add_to_cart_button ajax_add_to_cart\">\u0625\u0636\u0627\u0641\u0629 \u0625\u0644\u0649 \u0627\u0644\u0633\u0644\u0629<\/a><\/div>\n\t\t\t<\/li><li class=\"wc-block-grid__product\">\n\t\t\t\t<a href=\"https:\/\/bbonjour-kids.com\/ar\/shop\/tenus-2-pieces\/ensemble-chemise-et-pantalon-en-lin-pour-enfants\/\" class=\"wc-block-grid__product-link\">\n\t\t\t\t\t\n\t\t\t\t\t<div class=\"wc-block-grid__product-image\"><img loading=\"lazy\" decoding=\"async\" width=\"250\" height=\"250\" src=\"https:\/\/bbonjour-kids.com\/wp-content\/themes\/woodmart\/images\/lazy.png\" class=\"attachment-woocommerce_thumbnail size-woocommerce_thumbnail wd-lazy-load wd-lazy-blur\" alt=\"Ensemble chemise et pantalon en lin pour enfants\" srcset=\"\" sizes=\"(max-width: 250px) 100vw, 250px\" data-wood-src=\"https:\/\/bbonjour-kids.com\/wp-content\/uploads\/2024\/07\/ensemble-en-lin-250x250.jpg\" data-srcset=\"https:\/\/bbonjour-kids.com\/wp-content\/uploads\/2024\/07\/ensemble-en-lin-250x250.jpg 250w, https:\/\/bbonjour-kids.com\/wp-content\/uploads\/2024\/07\/ensemble-en-lin-300x300.jpg 300w, https:\/\/bbonjour-kids.com\/wp-content\/uploads\/2024\/07\/ensemble-en-lin-150x150.jpg 150w, https:\/\/bbonjour-kids.com\/wp-content\/uploads\/2024\/07\/ensemble-en-lin-60x60.jpg 60w, https:\/\/bbonjour-kids.com\/wp-content\/uploads\/2024\/07\/ensemble-en-lin-110x110.jpg 110w, https:\/\/bbonjour-kids.com\/wp-content\/uploads\/2024\/07\/ensemble-en-lin.jpg 450w\" \/><\/div>\n\t\t\t\t\t<div class=\"wc-block-grid__product-title\">Ensemble chemise et pantalon en lin pour enfants<\/div>\n\t\t\t\t<\/a>\n\t\t\t\t<div class=\"wc-block-grid__product-price price\"><span class=\"woocommerce-Price-amount amount\"><span class=\"woocommerce-Price-currencySymbol\">&#x62f;.&#x62c;<\/span>&nbsp;4200,00<\/span><\/div>\n\t\t\t\t\n\t\t\t\t<div class=\"wp-block-button wc-block-grid__product-add-to-cart\"><a href=\"?add-to-cart=17115\" aria-label=\"\u0625\u0636\u0627\u0641\u0629 \u0625\u0644\u0649 \u0639\u0631\u0628\u0629 \u0627\u0644\u062a\u0633\u0648\u0642: &quot;Ensemble chemise et pantalon en lin pour enfants&quot;\" data-quantity=\"1\" data-product_id=\"17115\" data-product_sku=\"\" data-price=\"4200\" rel=\"nofollow\" class=\"wp-block-button__link  add_to_cart_button ajax_add_to_cart\">\u0625\u0636\u0627\u0641\u0629 \u0625\u0644\u0649 \u0627\u0644\u0633\u0644\u0629<\/a><\/div>\n\t\t\t<\/li><\/ul><\/div><\/div><\/div>","protected":false},"excerpt":{"rendered":"","protected":false},"author":1,"featured_media":0,"parent":0,"menu_order":0,"comment_status":"closed","ping_status":"closed","template":"","meta":{"footnotes":""},"yoast_head":"<!-- This site is optimized with the Yoast SEO Premium plugin v22.8 (Yoast SEO v23.0) - https:\/\/yoast.com\/wordpress\/plugins\/seo\/ -->\n<title>\u0639\u0631\u0628\u0629 \u0627\u0644\u062a\u0633\u0648\u0642 - BBonjour Kids<\/title>\n<meta name=\"description\" content=\"\u0642\u062f \u062a\u0643\u0648\u0646 \u0645\u0647\u062a\u0645\u064b\u0627 \u0628\u0640...                            \u0639\u0631\u0628\u0629 \u0627\u0644\u062a\u0633\u0648\u0642 \u0641\u0627\u0631\u063a\u0629 \u062d\u0627\u0644\u064a\u0627!    \u0627\u0644\u062c\u062f\u064a\u062f \u0641\u064a \u0627\u0644\u0645\u062a\u062c\u0631\" \/>\n<meta name=\"robots\" content=\"noindex, follow\" \/>\n<meta property=\"og:locale\" content=\"ar_AR\" \/>\n<meta property=\"og:type\" content=\"article\" \/>\n<meta property=\"og:title\" content=\"\u0639\u0631\u0628\u0629 \u0627\u0644\u062a\u0633\u0648\u0642\" \/>\n<meta property=\"og:description\" content=\"\u0642\u062f \u062a\u0643\u0648\u0646 \u0645\u0647\u062a\u0645\u064b\u0627 \u0628\u0640...                            \u0639\u0631\u0628\u0629 \u0627\u0644\u062a\u0633\u0648\u0642 \u0641\u0627\u0631\u063a\u0629 \u062d\u0627\u0644\u064a\u0627!    \u0627\u0644\u062c\u062f\u064a\u062f \u0641\u064a \u0627\u0644\u0645\u062a\u062c\u0631\" \/>\n<meta property=\"og:url\" content=\"https:\/\/bbonjour-kids.com\/cart\/\" \/>\n<meta property=\"og:site_name\" content=\"BBonjour Kids\" \/>\n<meta property=\"article:publisher\" content=\"https:\/\/www.facebook.com\/search\/top?q=bbbonjourkids\" \/>\n<meta property=\"og:image\" content=\"https:\/\/bbonjour-kids.com\/wp-content\/uploads\/2024\/06\/cropped-logo-bbonjout-kids.png\" \/>\n<meta name=\"twitter:card\" content=\"summary_large_image\" \/>\n<meta name=\"twitter:image\" content=\"https:\/\/bbonjour-kids.com\/wp-content\/uploads\/2024\/06\/cropped-logo-bbonjout-kids.png\" \/>\n<script type=\"application\/ld+json\" class=\"yoast-schema-graph\">{\"@context\":\"https:\/\/schema.org\",\"@graph\":[{\"@type\":\"WebPage\",\"@id\":\"https:\/\/bbonjour-kids.com\/cart\/\",\"url\":\"https:\/\/bbonjour-kids.com\/cart\/\",\"name\":\"\u0639\u0631\u0628\u0629 \u0627\u0644\u062a\u0633\u0648\u0642 - BBonjour Kids\",\"isPartOf\":{\"@id\":\"https:\/\/bbonjour-kids.com\/#website\"},\"datePublished\":\"2024-06-10T20:21:31+00:00\",\"dateModified\":\"2024-06-10T20:21:31+00:00\",\"description\":\"\u0642\u062f \u062a\u0643\u0648\u0646 \u0645\u0647\u062a\u0645\u064b\u0627 \u0628\u0640... \u0639\u0631\u0628\u0629 \u0627\u0644\u062a\u0633\u0648\u0642 \u0641\u0627\u0631\u063a\u0629 \u062d\u0627\u0644\u064a\u0627! \u0627\u0644\u062c\u062f\u064a\u062f \u0641\u064a \u0627\u0644\u0645\u062a\u062c\u0631\",\"breadcrumb\":{\"@id\":\"https:\/\/bbonjour-kids.com\/cart\/#breadcrumb\"},\"inLanguage\":\"ar\",\"potentialAction\":[{\"@type\":\"ReadAction\",\"target\":[\"https:\/\/bbonjour-kids.com\/cart\/\"]}]},{\"@type\":\"BreadcrumbList\",\"@id\":\"https:\/\/bbonjour-kids.com\/cart\/#breadcrumb\",\"itemListElement\":[{\"@type\":\"ListItem\",\"position\":1,\"name\":\"Accueil\",\"item\":\"https:\/\/bbonjour-kids.com\/\"},{\"@type\":\"ListItem\",\"position\":2,\"name\":\"\u0639\u0631\u0628\u0629 \u0627\u0644\u062a\u0633\u0648\u0642\"}]},{\"@type\":\"WebSite\",\"@id\":\"https:\/\/bbonjour-kids.com\/#website\",\"url\":\"https:\/\/bbonjour-kids.com\/\",\"name\":\"BBonjour Kids\",\"description\":\"D\u00e9couvrez Bbonjour kids, votre boutique en ligne de v\u00eatements pour enfants. Des collections modernes, confortables et de qualit\u00e9 pour habiller vos petits avec style. Profitez de nos offres exclusives et de la livraison rapide !\",\"publisher\":{\"@id\":\"https:\/\/bbonjour-kids.com\/#organization\"},\"alternateName\":\"BBonjour Kids\",\"potentialAction\":[{\"@type\":\"SearchAction\",\"target\":{\"@type\":\"EntryPoint\",\"urlTemplate\":\"https:\/\/bbonjour-kids.com\/?s={search_term_string}\"},\"query-input\":\"required name=search_term_string\"}],\"inLanguage\":\"ar\"},{\"@type\":\"Organization\",\"@id\":\"https:\/\/bbonjour-kids.com\/#organization\",\"name\":\"%%sitename%%\",\"alternateName\":\"BBonjour Kids\",\"url\":\"https:\/\/bbonjour-kids.com\/\",\"logo\":{\"@type\":\"ImageObject\",\"inLanguage\":\"ar\",\"@id\":\"https:\/\/bbonjour-kids.com\/#\/schema\/logo\/image\/\",\"url\":\"https:\/\/bbonjour-kids.com\/wp-content\/uploads\/2024\/06\/cropped-logo-bbonjout-kids.png\",\"contentUrl\":\"https:\/\/bbonjour-kids.com\/wp-content\/uploads\/2024\/06\/cropped-logo-bbonjout-kids.png\",\"width\":512,\"height\":512,\"caption\":\"%%sitename%%\"},\"image\":{\"@id\":\"https:\/\/bbonjour-kids.com\/#\/schema\/logo\/image\/\"},\"sameAs\":[\"https:\/\/www.facebook.com\/search\/top?q=bbbonjourkids\"],\"email\":\"info@bbonjour-kids.com\",\"legalName\":\"Bbonjour kids\"}]}<\/script>\n<!-- \/ Yoast SEO Premium plugin. -->","yoast_head_json":{"title":"\u0639\u0631\u0628\u0629 \u0627\u0644\u062a\u0633\u0648\u0642 - BBonjour Kids","description":"\u0642\u062f \u062a\u0643\u0648\u0646 \u0645\u0647\u062a\u0645\u064b\u0627 \u0628\u0640...                            \u0639\u0631\u0628\u0629 \u0627\u0644\u062a\u0633\u0648\u0642 \u0641\u0627\u0631\u063a\u0629 \u062d\u0627\u0644\u064a\u0627!    \u0627\u0644\u062c\u062f\u064a\u062f \u0641\u064a \u0627\u0644\u0645\u062a\u062c\u0631","robots":{"index":"noindex","follow":"follow"},"og_locale":"ar_AR","og_type":"article","og_title":"\u0639\u0631\u0628\u0629 \u0627\u0644\u062a\u0633\u0648\u0642","og_description":"\u0642\u062f \u062a\u0643\u0648\u0646 \u0645\u0647\u062a\u0645\u064b\u0627 \u0628\u0640...                            \u0639\u0631\u0628\u0629 \u0627\u0644\u062a\u0633\u0648\u0642 \u0641\u0627\u0631\u063a\u0629 \u062d\u0627\u0644\u064a\u0627!    \u0627\u0644\u062c\u062f\u064a\u062f \u0641\u064a \u0627\u0644\u0645\u062a\u062c\u0631","og_url":"https:\/\/bbonjour-kids.com\/cart\/","og_site_name":"BBonjour Kids","article_publisher":"https:\/\/www.facebook.com\/search\/top?q=bbbonjourkids","og_image":[{"url":"https:\/\/bbonjour-kids.com\/wp-content\/uploads\/2024\/06\/cropped-logo-bbonjout-kids.png"}],"twitter_card":"summary_large_image","twitter_image":"https:\/\/bbonjour-kids.com\/wp-content\/uploads\/2024\/06\/cropped-logo-bbonjout-kids.png","schema":{"@context":"https:\/\/schema.org","@graph":[{"@type":"WebPage","@id":"https:\/\/bbonjour-kids.com\/cart\/","url":"https:\/\/bbonjour-kids.com\/cart\/","name":"\u0639\u0631\u0628\u0629 \u0627\u0644\u062a\u0633\u0648\u0642 - BBonjour Kids","isPartOf":{"@id":"https:\/\/bbonjour-kids.com\/#website"},"datePublished":"2024-06-10T20:21:31+00:00","dateModified":"2024-06-10T20:21:31+00:00","description":"\u0642\u062f \u062a\u0643\u0648\u0646 \u0645\u0647\u062a\u0645\u064b\u0627 \u0628\u0640... \u0639\u0631\u0628\u0629 \u0627\u0644\u062a\u0633\u0648\u0642 \u0641\u0627\u0631\u063a\u0629 \u062d\u0627\u0644\u064a\u0627! \u0627\u0644\u062c\u062f\u064a\u062f \u0641\u064a \u0627\u0644\u0645\u062a\u062c\u0631","breadcrumb":{"@id":"https:\/\/bbonjour-kids.com\/cart\/#breadcrumb"},"inLanguage":"ar","potentialAction":[{"@type":"ReadAction","target":["https:\/\/bbonjour-kids.com\/cart\/"]}]},{"@type":"BreadcrumbList","@id":"https:\/\/bbonjour-kids.com\/cart\/#breadcrumb","itemListElement":[{"@type":"ListItem","position":1,"name":"Accueil","item":"https:\/\/bbonjour-kids.com\/"},{"@type":"ListItem","position":2,"name":"\u0639\u0631\u0628\u0629 \u0627\u0644\u062a\u0633\u0648\u0642"}]},{"@type":"WebSite","@id":"https:\/\/bbonjour-kids.com\/#website","url":"https:\/\/bbonjour-kids.com\/","name":"BBonjour Kids","description":"D\u00e9couvrez Bbonjour kids, votre boutique en ligne de v\u00eatements pour enfants. Des collections modernes, confortables et de qualit\u00e9 pour habiller vos petits avec style. Profitez de nos offres exclusives et de la livraison rapide !","publisher":{"@id":"https:\/\/bbonjour-kids.com\/#organization"},"alternateName":"BBonjour Kids","potentialAction":[{"@type":"SearchAction","target":{"@type":"EntryPoint","urlTemplate":"https:\/\/bbonjour-kids.com\/?s={search_term_string}"},"query-input":"required name=search_term_string"}],"inLanguage":"ar"},{"@type":"Organization","@id":"https:\/\/bbonjour-kids.com\/#organization","name":"%%sitename%%","alternateName":"BBonjour Kids","url":"https:\/\/bbonjour-kids.com\/","logo":{"@type":"ImageObject","inLanguage":"ar","@id":"https:\/\/bbonjour-kids.com\/#\/schema\/logo\/image\/","url":"https:\/\/bbonjour-kids.com\/wp-content\/uploads\/2024\/06\/cropped-logo-bbonjout-kids.png","contentUrl":"https:\/\/bbonjour-kids.com\/wp-content\/uploads\/2024\/06\/cropped-logo-bbonjout-kids.png","width":512,"height":512,"caption":"%%sitename%%"},"image":{"@id":"https:\/\/bbonjour-kids.com\/#\/schema\/logo\/image\/"},"sameAs":["https:\/\/www.facebook.com\/search\/top?q=bbbonjourkids"],"email":"info@bbonjour-kids.com","legalName":"Bbonjour kids"}]}},"jetpack_sharing_enabled":true,"_links":{"self":[{"href":"https:\/\/bbonjour-kids.com\/ar\/wp-json\/wp\/v2\/pages\/16824"}],"collection":[{"href":"https:\/\/bbonjour-kids.com\/ar\/wp-json\/wp\/v2\/pages"}],"about":[{"href":"https:\/\/bbonjour-kids.com\/ar\/wp-json\/wp\/v2\/types\/page"}],"author":[{"embeddable":true,"href":"https:\/\/bbonjour-kids.com\/ar\/wp-json\/wp\/v2\/users\/1"}],"replies":[{"embeddable":true,"href":"https:\/\/bbonjour-kids.com\/ar\/wp-json\/wp\/v2\/comments?post=16824"}],"version-history":[{"count":0,"href":"https:\/\/bbonjour-kids.com\/ar\/wp-json\/wp\/v2\/pages\/16824\/revisions"}],"wp:attachment":[{"href":"https:\/\/bbonjour-kids.com\/ar\/wp-json\/wp\/v2\/media?parent=16824"}],"curies":[{"name":"wp","href":"https:\/\/api.w.org\/{rel}","templated":true}]}}