{"id":16836,"date":"2024-06-10T21:21:31","date_gmt":"2024-06-10T20:21:31","guid":{"rendered":"https:\/\/bbonjour-kids.com\/%d8%ad%d8%b3%d8%a7%d8%a8%d9%8a\/"},"modified":"2024-06-10T21:21:31","modified_gmt":"2024-06-10T20:21:31","slug":"%d8%ad%d8%b3%d8%a7%d8%a8%d9%8a","status":"publish","type":"page","link":"https:\/\/bbonjour-kids.com\/ar\/%d8%ad%d8%b3%d8%a7%d8%a8%d9%8a\/","title":{"rendered":"\u062d\u0633\u0627\u0628\u064a"},"content":{"rendered":"<div class=\"woocommerce\"><\/div>\n","protected":false},"excerpt":{"rendered":"","protected":false},"author":1,"featured_media":0,"parent":0,"menu_order":0,"comment_status":"closed","ping_status":"closed","template":"","meta":{"footnotes":""},"yoast_head":"<!-- This site is optimized with the Yoast SEO Premium plugin v22.8 (Yoast SEO v23.0) - https:\/\/yoast.com\/wordpress\/plugins\/seo\/ -->\n<title>\u062d\u0633\u0627\u0628\u064a - BBonjour Kids<\/title>\n<meta name=\"robots\" content=\"noindex, follow\" \/>\n<meta property=\"og:locale\" content=\"ar_AR\" \/>\n<meta property=\"og:type\" content=\"article\" \/>\n<meta property=\"og:title\" content=\"\u062d\u0633\u0627\u0628\u064a\" \/>\n<meta property=\"og:url\" content=\"https:\/\/bbonjour-kids.com\/ar\/\u062d\u0633\u0627\u0628\u064a\/\" \/>\n<meta property=\"og:site_name\" content=\"BBonjour Kids\" \/>\n<meta property=\"article:publisher\" content=\"https:\/\/www.facebook.com\/search\/top?q=bbbonjourkids\" \/>\n<meta property=\"og:image\" content=\"https:\/\/bbonjour-kids.com\/wp-content\/uploads\/2024\/06\/cropped-logo-bbonjout-kids.png\" \/>\n<meta name=\"twitter:card\" content=\"summary_large_image\" \/>\n<meta name=\"twitter:image\" content=\"https:\/\/bbonjour-kids.com\/wp-content\/uploads\/2024\/06\/cropped-logo-bbonjout-kids.png\" \/>\n<script type=\"application\/ld+json\" class=\"yoast-schema-graph\">{\"@context\":\"https:\/\/schema.org\",\"@graph\":[{\"@type\":\"WebPage\",\"@id\":\"https:\/\/bbonjour-kids.com\/ar\/%d8%ad%d8%b3%d8%a7%d8%a8%d9%8a\/\",\"url\":\"https:\/\/bbonjour-kids.com\/ar\/%d8%ad%d8%b3%d8%a7%d8%a8%d9%8a\/\",\"name\":\"\u062d\u0633\u0627\u0628\u064a - BBonjour Kids\",\"isPartOf\":{\"@id\":\"https:\/\/bbonjour-kids.com\/#website\"},\"datePublished\":\"2024-06-10T20:21:31+00:00\",\"dateModified\":\"2024-06-10T20:21:31+00:00\",\"breadcrumb\":{\"@id\":\"https:\/\/bbonjour-kids.com\/ar\/%d8%ad%d8%b3%d8%a7%d8%a8%d9%8a\/#breadcrumb\"},\"inLanguage\":\"ar\",\"potentialAction\":[{\"@type\":\"ReadAction\",\"target\":[\"https:\/\/bbonjour-kids.com\/ar\/%d8%ad%d8%b3%d8%a7%d8%a8%d9%8a\/\"]}]},{\"@type\":\"BreadcrumbList\",\"@id\":\"https:\/\/bbonjour-kids.com\/ar\/%d8%ad%d8%b3%d8%a7%d8%a8%d9%8a\/#breadcrumb\",\"itemListElement\":[{\"@type\":\"ListItem\",\"position\":1,\"name\":\"Accueil\",\"item\":\"https:\/\/bbonjour-kids.com\/\"},{\"@type\":\"ListItem\",\"position\":2,\"name\":\"\u062d\u0633\u0627\u0628\u064a\"}]},{\"@type\":\"WebSite\",\"@id\":\"https:\/\/bbonjour-kids.com\/#website\",\"url\":\"https:\/\/bbonjour-kids.com\/\",\"name\":\"BBonjour Kids\",\"description\":\"D\u00e9couvrez Bbonjour kids, votre boutique en ligne de v\u00eatements pour enfants. Des collections modernes, confortables et de qualit\u00e9 pour habiller vos petits avec style. Profitez de nos offres exclusives et de la livraison rapide !\",\"publisher\":{\"@id\":\"https:\/\/bbonjour-kids.com\/#organization\"},\"alternateName\":\"BBonjour Kids\",\"potentialAction\":[{\"@type\":\"SearchAction\",\"target\":{\"@type\":\"EntryPoint\",\"urlTemplate\":\"https:\/\/bbonjour-kids.com\/?s={search_term_string}\"},\"query-input\":\"required name=search_term_string\"}],\"inLanguage\":\"ar\"},{\"@type\":\"Organization\",\"@id\":\"https:\/\/bbonjour-kids.com\/#organization\",\"name\":\"%%sitename%%\",\"alternateName\":\"BBonjour Kids\",\"url\":\"https:\/\/bbonjour-kids.com\/\",\"logo\":{\"@type\":\"ImageObject\",\"inLanguage\":\"ar\",\"@id\":\"https:\/\/bbonjour-kids.com\/#\/schema\/logo\/image\/\",\"url\":\"https:\/\/bbonjour-kids.com\/wp-content\/uploads\/2024\/06\/cropped-logo-bbonjout-kids.png\",\"contentUrl\":\"https:\/\/bbonjour-kids.com\/wp-content\/uploads\/2024\/06\/cropped-logo-bbonjout-kids.png\",\"width\":512,\"height\":512,\"caption\":\"%%sitename%%\"},\"image\":{\"@id\":\"https:\/\/bbonjour-kids.com\/#\/schema\/logo\/image\/\"},\"sameAs\":[\"https:\/\/www.facebook.com\/search\/top?q=bbbonjourkids\"],\"email\":\"info@bbonjour-kids.com\",\"legalName\":\"Bbonjour kids\"}]}<\/script>\n<!-- \/ Yoast SEO Premium plugin. -->","yoast_head_json":{"title":"\u062d\u0633\u0627\u0628\u064a - BBonjour Kids","robots":{"index":"noindex","follow":"follow"},"og_locale":"ar_AR","og_type":"article","og_title":"\u062d\u0633\u0627\u0628\u064a","og_url":"https:\/\/bbonjour-kids.com\/ar\/\u062d\u0633\u0627\u0628\u064a\/","og_site_name":"BBonjour Kids","article_publisher":"https:\/\/www.facebook.com\/search\/top?q=bbbonjourkids","og_image":[{"url":"https:\/\/bbonjour-kids.com\/wp-content\/uploads\/2024\/06\/cropped-logo-bbonjout-kids.png"}],"twitter_card":"summary_large_image","twitter_image":"https:\/\/bbonjour-kids.com\/wp-content\/uploads\/2024\/06\/cropped-logo-bbonjout-kids.png","schema":{"@context":"https:\/\/schema.org","@graph":[{"@type":"WebPage","@id":"https:\/\/bbonjour-kids.com\/ar\/%d8%ad%d8%b3%d8%a7%d8%a8%d9%8a\/","url":"https:\/\/bbonjour-kids.com\/ar\/%d8%ad%d8%b3%d8%a7%d8%a8%d9%8a\/","name":"\u062d\u0633\u0627\u0628\u064a - BBonjour Kids","isPartOf":{"@id":"https:\/\/bbonjour-kids.com\/#website"},"datePublished":"2024-06-10T20:21:31+00:00","dateModified":"2024-06-10T20:21:31+00:00","breadcrumb":{"@id":"https:\/\/bbonjour-kids.com\/ar\/%d8%ad%d8%b3%d8%a7%d8%a8%d9%8a\/#breadcrumb"},"inLanguage":"ar","potentialAction":[{"@type":"ReadAction","target":["https:\/\/bbonjour-kids.com\/ar\/%d8%ad%d8%b3%d8%a7%d8%a8%d9%8a\/"]}]},{"@type":"BreadcrumbList","@id":"https:\/\/bbonjour-kids.com\/ar\/%d8%ad%d8%b3%d8%a7%d8%a8%d9%8a\/#breadcrumb","itemListElement":[{"@type":"ListItem","position":1,"name":"Accueil","item":"https:\/\/bbonjour-kids.com\/"},{"@type":"ListItem","position":2,"name":"\u062d\u0633\u0627\u0628\u064a"}]},{"@type":"WebSite","@id":"https:\/\/bbonjour-kids.com\/#website","url":"https:\/\/bbonjour-kids.com\/","name":"BBonjour Kids","description":"D\u00e9couvrez Bbonjour kids, votre boutique en ligne de v\u00eatements pour enfants. Des collections modernes, confortables et de qualit\u00e9 pour habiller vos petits avec style. Profitez de nos offres exclusives et de la livraison rapide !","publisher":{"@id":"https:\/\/bbonjour-kids.com\/#organization"},"alternateName":"BBonjour Kids","potentialAction":[{"@type":"SearchAction","target":{"@type":"EntryPoint","urlTemplate":"https:\/\/bbonjour-kids.com\/?s={search_term_string}"},"query-input":"required name=search_term_string"}],"inLanguage":"ar"},{"@type":"Organization","@id":"https:\/\/bbonjour-kids.com\/#organization","name":"%%sitename%%","alternateName":"BBonjour Kids","url":"https:\/\/bbonjour-kids.com\/","logo":{"@type":"ImageObject","inLanguage":"ar","@id":"https:\/\/bbonjour-kids.com\/#\/schema\/logo\/image\/","url":"https:\/\/bbonjour-kids.com\/wp-content\/uploads\/2024\/06\/cropped-logo-bbonjout-kids.png","contentUrl":"https:\/\/bbonjour-kids.com\/wp-content\/uploads\/2024\/06\/cropped-logo-bbonjout-kids.png","width":512,"height":512,"caption":"%%sitename%%"},"image":{"@id":"https:\/\/bbonjour-kids.com\/#\/schema\/logo\/image\/"},"sameAs":["https:\/\/www.facebook.com\/search\/top?q=bbbonjourkids"],"email":"info@bbonjour-kids.com","legalName":"Bbonjour kids"}]}},"jetpack_sharing_enabled":true,"_links":{"self":[{"href":"https:\/\/bbonjour-kids.com\/ar\/wp-json\/wp\/v2\/pages\/16836"}],"collection":[{"href":"https:\/\/bbonjour-kids.com\/ar\/wp-json\/wp\/v2\/pages"}],"about":[{"href":"https:\/\/bbonjour-kids.com\/ar\/wp-json\/wp\/v2\/types\/page"}],"author":[{"embeddable":true,"href":"https:\/\/bbonjour-kids.com\/ar\/wp-json\/wp\/v2\/users\/1"}],"replies":[{"embeddable":true,"href":"https:\/\/bbonjour-kids.com\/ar\/wp-json\/wp\/v2\/comments?post=16836"}],"version-history":[{"count":0,"href":"https:\/\/bbonjour-kids.com\/ar\/wp-json\/wp\/v2\/pages\/16836\/revisions"}],"wp:attachment":[{"href":"https:\/\/bbonjour-kids.com\/ar\/wp-json\/wp\/v2\/media?parent=16836"}],"curies":[{"name":"wp","href":"https:\/\/api.w.org\/{rel}","templated":true}]}}