{"id":16975,"date":"2024-06-21T16:49:30","date_gmt":"2024-06-21T15:49:30","guid":{"rendered":"https:\/\/bbonjour-kids.com\/product\/%d8%b3%d8%a7%d9%84%d9%88%d8%a8%d9%8a%d8%aa-%d8%ac%d9%8a%d9%86%d8%b2-%d9%85%d8%b9-%d8%aa%d9%8a%d8%b4%d9%8a%d8%b1%d8%aa-%d9%88%d8%b1%d8%af%d9%8a-%d9%84%d9%84%d8%a3%d8%b7%d9%81%d8%a7%d9%84\/"},"modified":"2024-06-21T16:49:30","modified_gmt":"2024-06-21T15:49:30","slug":"%d8%b3%d8%a7%d9%84%d9%88%d8%a8%d9%8a%d8%aa-%d8%ac%d9%8a%d9%86%d8%b2-%d9%85%d8%b9-%d8%aa%d9%8a%d8%b4%d9%8a%d8%b1%d8%aa-%d9%88%d8%b1%d8%af%d9%8a-%d9%84%d9%84%d8%a3%d8%b7%d9%81%d8%a7%d9%84","status":"publish","type":"product","link":"https:\/\/bbonjour-kids.com\/ar\/shop\/%d8%b3%d8%a7%d9%84%d9%88%d8%a8%d8%a7%d8%aa\/%d8%b3%d8%a7%d9%84%d9%88%d8%a8%d9%8a%d8%aa-%d8%ac%d9%8a%d9%86%d8%b2-%d9%85%d8%b9-%d8%aa%d9%8a%d8%b4%d9%8a%d8%b1%d8%aa-%d9%88%d8%b1%d8%af%d9%8a-%d9%84%d9%84%d8%a3%d8%b7%d9%81%d8%a7%d9%84\/","title":{"rendered":"\u0633\u0627\u0644\u0648\u0628\u064a\u062a \u062c\u064a\u0646\u0632 \u0645\u0639 \u062a\u064a\u0634\u064a\u0631\u062a \u0648\u0631\u062f\u064a \u0644\u0644\u0623\u0637\u0641\u0627\u0644"},"content":{"rendered":"<p>\u0627\u0643\u062a\u0634\u0641\u0648\u0627 \u062a\u0634\u0643\u064a\u0644\u0629 \u0645\u0644\u0627\u0628\u0633 \u0631\u0627\u0626\u0639\u0629 \u0644\u0644\u0623\u0637\u0641\u0627\u0644: \u0633\u0627\u0644\u0648\u0628\u064a\u062a \u062c\u064a\u0646\u0632 \u0645\u0632\u064a\u0646 \u0628\u0631\u0642\u0639 \u0645\u0645\u062a\u0639\u0629 \u0645\u0639 \u062a\u064a\u0634\u064a\u0631\u062a \u0648\u0631\u062f\u064a \u0628\u064a\u0627\u0642\u0629 \u0643\u0644\u0648\u062f\u064a\u0646. \u0647\u0630\u0647 \u0627\u0644\u0645\u062c\u0645\u0648\u0639\u0629 \u0627\u0644\u0645\u062b\u0627\u0644\u064a\u0629 \u062a\u0645\u0646\u062d \u0637\u0641\u0644\u0643\u0645 \u0645\u0638\u0647\u0631\u0627\u064b \u064a\u062c\u0645\u0639 \u0628\u064a\u0646 \u0627\u0644\u062c\u0645\u0627\u0644 \u0648\u0627\u0644\u0623\u0646\u0627\u0642\u0629. \u0645\u062b\u0627\u0644\u064a\u0629 \u0644\u062c\u0645\u064a\u0639 \u0627\u0644\u0645\u0646\u0627\u0633\u0628\u0627\u062a\u060c \u062d\u064a\u062b \u062a\u0648\u0641\u0631 \u0647\u0630\u0647 \u0627\u0644\u062a\u0634\u0643\u064a\u0644\u0629 \u0627\u0644\u0631\u0627\u062d\u0629 \u0648\u0627\u0644\u0623\u0646\u0627\u0642\u0629 \u0644\u0628\u0647\u062c\u0629 \u0627\u0644\u0635\u063a\u0627\u0631.  <\/p>\n","protected":false},"excerpt":{"rendered":"<p>\u062a\u062a\u0636\u0645\u0646 \u0647\u0630\u0647 \u0627\u0644\u062a\u0634\u0643\u064a\u0644\u0629 \u0627\u0644\u0631\u0627\u0626\u0639\u0629 \u0644\u0644\u0623\u0637\u0641\u0627\u0644 \u0633\u0627\u0644\u0648\u0628\u064a\u062a \u062c\u064a\u0646\u0632 \u0645\u0632\u064a\u0646\u0629 \u0628\u0631\u0642\u0639 \u0635\u063a\u064a\u0631\u0629 \u0645\u0631\u062d\u0629 \u0648\u062a\u064a\u0634\u064a\u0631\u062a \u0648\u0631\u062f\u064a \u0628\u064a\u0627\u0642\u0629 \u0643\u0644\u0648\u062f\u064a\u0646. \u0645\u062b\u0627\u0644\u064a\u0629 \u0644\u0644\u062d\u0635\u0648\u0644 \u0639\u0644\u0649 \u0645\u0638\u0647\u0631 \u0623\u0646\u064a\u0642 \u0648\u062c\u0645\u064a\u0644. <\/p>\n","protected":false},"featured_media":16624,"comment_status":"closed","ping_status":"closed","template":"","meta":[],"product_cat":[131,133],"product_tag":[],"yoast_head":"<!-- This site is optimized with the Yoast SEO Premium plugin v22.8 (Yoast SEO v23.0) - https:\/\/yoast.com\/wordpress\/plugins\/seo\/ -->\n<title>\u0633\u0627\u0644\u0648\u0628\u064a\u062a \u062c\u064a\u0646\u0632 \u0645\u0639 \u062a\u064a\u0634\u064a\u0631\u062a \u0648\u0631\u062f\u064a \u0644\u0644\u0623\u0637\u0641\u0627\u0644 - BBonjour Kids<\/title>\n<meta name=\"description\" content=\"\u062a\u062a\u0636\u0645\u0646 \u0647\u0630\u0647 \u0627\u0644\u062a\u0634\u0643\u064a\u0644\u0629 \u0627\u0644\u0631\u0627\u0626\u0639\u0629 \u0644\u0644\u0623\u0637\u0641\u0627\u0644 \u0633\u0627\u0644\u0648\u0628\u064a\u062a \u062c\u064a\u0646\u0632 \u0645\u0632\u064a\u0646\u0629 \u0628\u0631\u0642\u0639 \u0635\u063a\u064a\u0631\u0629 \u0645\u0631\u062d\u0629 \u0648\u062a\u064a\u0634\u064a\u0631\u062a \u0648\u0631\u062f\u064a \u0628\u064a\u0627\u0642\u0629 \u0643\u0644\u0648\u062f\u064a\u0646. \u0645\u062b\u0627\u0644\u064a\u0629 \u0644\u0644\u062d\u0635\u0648\u0644 \u0639\u0644\u0649 \u0645\u0638\u0647\u0631 \u0623\u0646\u064a\u0642 \u0648\u062c\u0645\u064a\u0644.\" \/>\n<meta name=\"robots\" content=\"index, follow, max-snippet:-1, max-image-preview:large, max-video-preview:-1\" \/>\n<link rel=\"canonical\" href=\"https:\/\/bbonjour-kids.com\/shop\/salopettes\/salopette-jean-t-shirt-rose-enfants\/\" \/>\n<meta property=\"og:locale\" content=\"ar_AR\" \/>\n<meta property=\"og:type\" content=\"article\" \/>\n<meta property=\"og:title\" content=\"\u0633\u0627\u0644\u0648\u0628\u064a\u062a \u062c\u064a\u0646\u0632 \u0645\u0639 \u062a\u064a\u0634\u064a\u0631\u062a \u0648\u0631\u062f\u064a \u0644\u0644\u0623\u0637\u0641\u0627\u0644\" \/>\n<meta property=\"og:description\" content=\"\u062a\u062a\u0636\u0645\u0646 \u0647\u0630\u0647 \u0627\u0644\u062a\u0634\u0643\u064a\u0644\u0629 \u0627\u0644\u0631\u0627\u0626\u0639\u0629 \u0644\u0644\u0623\u0637\u0641\u0627\u0644 \u0633\u0627\u0644\u0648\u0628\u064a\u062a \u062c\u064a\u0646\u0632 \u0645\u0632\u064a\u0646\u0629 \u0628\u0631\u0642\u0639 \u0635\u063a\u064a\u0631\u0629 \u0645\u0631\u062d\u0629 \u0648\u062a\u064a\u0634\u064a\u0631\u062a \u0648\u0631\u062f\u064a \u0628\u064a\u0627\u0642\u0629 \u0643\u0644\u0648\u062f\u064a\u0646. \u0645\u062b\u0627\u0644\u064a\u0629 \u0644\u0644\u062d\u0635\u0648\u0644 \u0639\u0644\u0649 \u0645\u0638\u0647\u0631 \u0623\u0646\u064a\u0642 \u0648\u062c\u0645\u064a\u0644.\" \/>\n<meta property=\"og:url\" content=\"https:\/\/bbonjour-kids.com\/shop\/salopettes\/salopette-jean-t-shirt-rose-enfants\/\" \/>\n<meta property=\"og:site_name\" content=\"BBonjour Kids\" \/>\n<meta property=\"article:publisher\" content=\"https:\/\/www.facebook.com\/search\/top?q=bbbonjourkids\" \/>\n<meta property=\"og:image\" content=\"https:\/\/bbonjour-kids.com\/wp-content\/uploads\/2024\/06\/prod-2.webp\" \/>\n\t<meta property=\"og:image:width\" content=\"498\" \/>\n\t<meta property=\"og:image:height\" content=\"504\" \/>\n\t<meta property=\"og:image:type\" content=\"image\/webp\" \/>\n<meta name=\"twitter:card\" content=\"summary_large_image\" \/>\n<meta name=\"twitter:label1\" content=\"\u0627\u0644\u0633\u0639\u0631\" \/>\n\t<meta name=\"twitter:data1\" content=\"&#x62f;.&#x62c;&nbsp;3200,00\" \/>\n\t<meta name=\"twitter:label2\" content=\"\u0627\u0644\u062a\u0648\u0641\u0631\" \/>\n\t<meta name=\"twitter:data2\" content=\"\u0645\u062a\u0648\u0641\u0631 \u0641\u064a \u0627\u0644\u0645\u062e\u0632\u0648\u0646\" \/>\n<script type=\"application\/ld+json\" class=\"yoast-schema-graph\">{\"@context\":\"https:\/\/schema.org\",\"@graph\":[{\"@type\":\"WebPage\",\"@id\":\"https:\/\/bbonjour-kids.com\/shop\/salopettes\/salopette-jean-t-shirt-rose-enfants\/\",\"url\":\"https:\/\/bbonjour-kids.com\/shop\/salopettes\/salopette-jean-t-shirt-rose-enfants\/\",\"name\":\"\u0633\u0627\u0644\u0648\u0628\u064a\u062a \u062c\u064a\u0646\u0632 \u0645\u0639 \u062a\u064a\u0634\u064a\u0631\u062a \u0648\u0631\u062f\u064a \u0644\u0644\u0623\u0637\u0641\u0627\u0644 - BBonjour Kids\",\"isPartOf\":{\"@id\":\"https:\/\/bbonjour-kids.com\/#website\"},\"primaryImageOfPage\":{\"@id\":\"https:\/\/bbonjour-kids.com\/shop\/salopettes\/salopette-jean-t-shirt-rose-enfants\/#primaryimage\"},\"image\":{\"@id\":\"https:\/\/bbonjour-kids.com\/shop\/salopettes\/salopette-jean-t-shirt-rose-enfants\/#primaryimage\"},\"thumbnailUrl\":\"https:\/\/bbonjour-kids.com\/wp-content\/uploads\/2024\/06\/prod-2.webp\",\"datePublished\":\"2024-06-21T15:49:30+00:00\",\"dateModified\":\"2024-06-21T15:49:30+00:00\",\"description\":\"\u062a\u062a\u0636\u0645\u0646 \u0647\u0630\u0647 \u0627\u0644\u062a\u0634\u0643\u064a\u0644\u0629 \u0627\u0644\u0631\u0627\u0626\u0639\u0629 \u0644\u0644\u0623\u0637\u0641\u0627\u0644 \u0633\u0627\u0644\u0648\u0628\u064a\u062a \u062c\u064a\u0646\u0632 \u0645\u0632\u064a\u0646\u0629 \u0628\u0631\u0642\u0639 \u0635\u063a\u064a\u0631\u0629 \u0645\u0631\u062d\u0629 \u0648\u062a\u064a\u0634\u064a\u0631\u062a \u0648\u0631\u062f\u064a \u0628\u064a\u0627\u0642\u0629 \u0643\u0644\u0648\u062f\u064a\u0646. \u0645\u062b\u0627\u0644\u064a\u0629 \u0644\u0644\u062d\u0635\u0648\u0644 \u0639\u0644\u0649 \u0645\u0638\u0647\u0631 \u0623\u0646\u064a\u0642 \u0648\u062c\u0645\u064a\u0644.\",\"breadcrumb\":{\"@id\":\"https:\/\/bbonjour-kids.com\/shop\/salopettes\/salopette-jean-t-shirt-rose-enfants\/#breadcrumb\"},\"inLanguage\":\"ar\",\"potentialAction\":[{\"@type\":\"ReadAction\",\"target\":[\"https:\/\/bbonjour-kids.com\/shop\/salopettes\/salopette-jean-t-shirt-rose-enfants\/\"]}]},{\"@type\":\"ImageObject\",\"inLanguage\":\"ar\",\"@id\":\"https:\/\/bbonjour-kids.com\/shop\/salopettes\/salopette-jean-t-shirt-rose-enfants\/#primaryimage\",\"url\":\"https:\/\/bbonjour-kids.com\/wp-content\/uploads\/2024\/06\/prod-2.webp\",\"contentUrl\":\"https:\/\/bbonjour-kids.com\/wp-content\/uploads\/2024\/06\/prod-2.webp\",\"width\":498,\"height\":504,\"caption\":\"salopette_jean_t-shirt_rose_enfants\"},{\"@type\":\"BreadcrumbList\",\"@id\":\"https:\/\/bbonjour-kids.com\/shop\/salopettes\/salopette-jean-t-shirt-rose-enfants\/#breadcrumb\",\"itemListElement\":[{\"@type\":\"ListItem\",\"position\":1,\"name\":\"Accueil\",\"item\":\"https:\/\/bbonjour-kids.com\/\"},{\"@type\":\"ListItem\",\"position\":2,\"name\":\"\u0627\u0644\u0645\u062a\u062c\u0631\",\"item\":\"https:\/\/bbonjour-kids.com\/shop\/\"},{\"@type\":\"ListItem\",\"position\":3,\"name\":\"\u0633\u0627\u0644\u0648\u0628\u064a\u062a \u062c\u064a\u0646\u0632 \u0645\u0639 \u062a\u064a\u0634\u064a\u0631\u062a \u0648\u0631\u062f\u064a \u0644\u0644\u0623\u0637\u0641\u0627\u0644\"}]},{\"@type\":\"WebSite\",\"@id\":\"https:\/\/bbonjour-kids.com\/#website\",\"url\":\"https:\/\/bbonjour-kids.com\/\",\"name\":\"BBonjour Kids\",\"description\":\"D\u00e9couvrez Bbonjour kids, votre boutique en ligne de v\u00eatements pour enfants. Des collections modernes, confortables et de qualit\u00e9 pour habiller vos petits avec style. Profitez de nos offres exclusives et de la livraison rapide !\",\"publisher\":{\"@id\":\"https:\/\/bbonjour-kids.com\/#organization\"},\"alternateName\":\"BBonjour Kids\",\"potentialAction\":[{\"@type\":\"SearchAction\",\"target\":{\"@type\":\"EntryPoint\",\"urlTemplate\":\"https:\/\/bbonjour-kids.com\/?s={search_term_string}\"},\"query-input\":\"required name=search_term_string\"}],\"inLanguage\":\"ar\"},{\"@type\":\"Organization\",\"@id\":\"https:\/\/bbonjour-kids.com\/#organization\",\"name\":\"%%sitename%%\",\"alternateName\":\"BBonjour Kids\",\"url\":\"https:\/\/bbonjour-kids.com\/\",\"logo\":{\"@type\":\"ImageObject\",\"inLanguage\":\"ar\",\"@id\":\"https:\/\/bbonjour-kids.com\/#\/schema\/logo\/image\/\",\"url\":\"https:\/\/bbonjour-kids.com\/wp-content\/uploads\/2024\/06\/cropped-logo-bbonjout-kids.png\",\"contentUrl\":\"https:\/\/bbonjour-kids.com\/wp-content\/uploads\/2024\/06\/cropped-logo-bbonjout-kids.png\",\"width\":512,\"height\":512,\"caption\":\"%%sitename%%\"},\"image\":{\"@id\":\"https:\/\/bbonjour-kids.com\/#\/schema\/logo\/image\/\"},\"sameAs\":[\"https:\/\/www.facebook.com\/search\/top?q=bbbonjourkids\"],\"email\":\"info@bbonjour-kids.com\",\"legalName\":\"Bbonjour kids\"}]}<\/script>\n<meta property=\"product:price:amount\" content=\"3200.00\" \/>\n<meta property=\"product:price:currency\" content=\"DZD\" \/>\n<meta property=\"og:availability\" content=\"instock\" \/>\n<meta property=\"product:availability\" content=\"instock\" \/>\n<meta property=\"product:condition\" content=\"new\" \/>\n<!-- \/ Yoast SEO Premium plugin. -->","yoast_head_json":{"title":"\u0633\u0627\u0644\u0648\u0628\u064a\u062a \u062c\u064a\u0646\u0632 \u0645\u0639 \u062a\u064a\u0634\u064a\u0631\u062a \u0648\u0631\u062f\u064a \u0644\u0644\u0623\u0637\u0641\u0627\u0644 - BBonjour Kids","description":"\u062a\u062a\u0636\u0645\u0646 \u0647\u0630\u0647 \u0627\u0644\u062a\u0634\u0643\u064a\u0644\u0629 \u0627\u0644\u0631\u0627\u0626\u0639\u0629 \u0644\u0644\u0623\u0637\u0641\u0627\u0644 \u0633\u0627\u0644\u0648\u0628\u064a\u062a \u062c\u064a\u0646\u0632 \u0645\u0632\u064a\u0646\u0629 \u0628\u0631\u0642\u0639 \u0635\u063a\u064a\u0631\u0629 \u0645\u0631\u062d\u0629 \u0648\u062a\u064a\u0634\u064a\u0631\u062a \u0648\u0631\u062f\u064a \u0628\u064a\u0627\u0642\u0629 \u0643\u0644\u0648\u062f\u064a\u0646. \u0645\u062b\u0627\u0644\u064a\u0629 \u0644\u0644\u062d\u0635\u0648\u0644 \u0639\u0644\u0649 \u0645\u0638\u0647\u0631 \u0623\u0646\u064a\u0642 \u0648\u062c\u0645\u064a\u0644.","robots":{"index":"index","follow":"follow","max-snippet":"max-snippet:-1","max-image-preview":"max-image-preview:large","max-video-preview":"max-video-preview:-1"},"canonical":"https:\/\/bbonjour-kids.com\/shop\/salopettes\/salopette-jean-t-shirt-rose-enfants\/","og_locale":"ar_AR","og_type":"article","og_title":"\u0633\u0627\u0644\u0648\u0628\u064a\u062a \u062c\u064a\u0646\u0632 \u0645\u0639 \u062a\u064a\u0634\u064a\u0631\u062a \u0648\u0631\u062f\u064a \u0644\u0644\u0623\u0637\u0641\u0627\u0644","og_description":"\u062a\u062a\u0636\u0645\u0646 \u0647\u0630\u0647 \u0627\u0644\u062a\u0634\u0643\u064a\u0644\u0629 \u0627\u0644\u0631\u0627\u0626\u0639\u0629 \u0644\u0644\u0623\u0637\u0641\u0627\u0644 \u0633\u0627\u0644\u0648\u0628\u064a\u062a \u062c\u064a\u0646\u0632 \u0645\u0632\u064a\u0646\u0629 \u0628\u0631\u0642\u0639 \u0635\u063a\u064a\u0631\u0629 \u0645\u0631\u062d\u0629 \u0648\u062a\u064a\u0634\u064a\u0631\u062a \u0648\u0631\u062f\u064a \u0628\u064a\u0627\u0642\u0629 \u0643\u0644\u0648\u062f\u064a\u0646. \u0645\u062b\u0627\u0644\u064a\u0629 \u0644\u0644\u062d\u0635\u0648\u0644 \u0639\u0644\u0649 \u0645\u0638\u0647\u0631 \u0623\u0646\u064a\u0642 \u0648\u062c\u0645\u064a\u0644.","og_url":"https:\/\/bbonjour-kids.com\/shop\/salopettes\/salopette-jean-t-shirt-rose-enfants\/","og_site_name":"BBonjour Kids","article_publisher":"https:\/\/www.facebook.com\/search\/top?q=bbbonjourkids","og_image":[{"width":498,"height":504,"url":"https:\/\/bbonjour-kids.com\/wp-content\/uploads\/2024\/06\/prod-2.webp","type":"image\/webp"}],"twitter_card":"summary_large_image","twitter_misc":{"\u0627\u0644\u0633\u0639\u0631":"&#x62f;.&#x62c;&nbsp;3200,00","\u0627\u0644\u062a\u0648\u0641\u0631":"\u0645\u062a\u0648\u0641\u0631 \u0641\u064a \u0627\u0644\u0645\u062e\u0632\u0648\u0646"},"schema":{"@context":"https:\/\/schema.org","@graph":[{"@type":"WebPage","@id":"https:\/\/bbonjour-kids.com\/shop\/salopettes\/salopette-jean-t-shirt-rose-enfants\/","url":"https:\/\/bbonjour-kids.com\/shop\/salopettes\/salopette-jean-t-shirt-rose-enfants\/","name":"\u0633\u0627\u0644\u0648\u0628\u064a\u062a \u062c\u064a\u0646\u0632 \u0645\u0639 \u062a\u064a\u0634\u064a\u0631\u062a \u0648\u0631\u062f\u064a \u0644\u0644\u0623\u0637\u0641\u0627\u0644 - BBonjour Kids","isPartOf":{"@id":"https:\/\/bbonjour-kids.com\/#website"},"primaryImageOfPage":{"@id":"https:\/\/bbonjour-kids.com\/shop\/salopettes\/salopette-jean-t-shirt-rose-enfants\/#primaryimage"},"image":{"@id":"https:\/\/bbonjour-kids.com\/shop\/salopettes\/salopette-jean-t-shirt-rose-enfants\/#primaryimage"},"thumbnailUrl":"https:\/\/bbonjour-kids.com\/wp-content\/uploads\/2024\/06\/prod-2.webp","datePublished":"2024-06-21T15:49:30+00:00","dateModified":"2024-06-21T15:49:30+00:00","description":"\u062a\u062a\u0636\u0645\u0646 \u0647\u0630\u0647 \u0627\u0644\u062a\u0634\u0643\u064a\u0644\u0629 \u0627\u0644\u0631\u0627\u0626\u0639\u0629 \u0644\u0644\u0623\u0637\u0641\u0627\u0644 \u0633\u0627\u0644\u0648\u0628\u064a\u062a \u062c\u064a\u0646\u0632 \u0645\u0632\u064a\u0646\u0629 \u0628\u0631\u0642\u0639 \u0635\u063a\u064a\u0631\u0629 \u0645\u0631\u062d\u0629 \u0648\u062a\u064a\u0634\u064a\u0631\u062a \u0648\u0631\u062f\u064a \u0628\u064a\u0627\u0642\u0629 \u0643\u0644\u0648\u062f\u064a\u0646. \u0645\u062b\u0627\u0644\u064a\u0629 \u0644\u0644\u062d\u0635\u0648\u0644 \u0639\u0644\u0649 \u0645\u0638\u0647\u0631 \u0623\u0646\u064a\u0642 \u0648\u062c\u0645\u064a\u0644.","breadcrumb":{"@id":"https:\/\/bbonjour-kids.com\/shop\/salopettes\/salopette-jean-t-shirt-rose-enfants\/#breadcrumb"},"inLanguage":"ar","potentialAction":[{"@type":"ReadAction","target":["https:\/\/bbonjour-kids.com\/shop\/salopettes\/salopette-jean-t-shirt-rose-enfants\/"]}]},{"@type":"ImageObject","inLanguage":"ar","@id":"https:\/\/bbonjour-kids.com\/shop\/salopettes\/salopette-jean-t-shirt-rose-enfants\/#primaryimage","url":"https:\/\/bbonjour-kids.com\/wp-content\/uploads\/2024\/06\/prod-2.webp","contentUrl":"https:\/\/bbonjour-kids.com\/wp-content\/uploads\/2024\/06\/prod-2.webp","width":498,"height":504,"caption":"salopette_jean_t-shirt_rose_enfants"},{"@type":"BreadcrumbList","@id":"https:\/\/bbonjour-kids.com\/shop\/salopettes\/salopette-jean-t-shirt-rose-enfants\/#breadcrumb","itemListElement":[{"@type":"ListItem","position":1,"name":"Accueil","item":"https:\/\/bbonjour-kids.com\/"},{"@type":"ListItem","position":2,"name":"\u0627\u0644\u0645\u062a\u062c\u0631","item":"https:\/\/bbonjour-kids.com\/shop\/"},{"@type":"ListItem","position":3,"name":"\u0633\u0627\u0644\u0648\u0628\u064a\u062a \u062c\u064a\u0646\u0632 \u0645\u0639 \u062a\u064a\u0634\u064a\u0631\u062a \u0648\u0631\u062f\u064a \u0644\u0644\u0623\u0637\u0641\u0627\u0644"}]},{"@type":"WebSite","@id":"https:\/\/bbonjour-kids.com\/#website","url":"https:\/\/bbonjour-kids.com\/","name":"BBonjour Kids","description":"D\u00e9couvrez Bbonjour kids, votre boutique en ligne de v\u00eatements pour enfants. Des collections modernes, confortables et de qualit\u00e9 pour habiller vos petits avec style. Profitez de nos offres exclusives et de la livraison rapide !","publisher":{"@id":"https:\/\/bbonjour-kids.com\/#organization"},"alternateName":"BBonjour Kids","potentialAction":[{"@type":"SearchAction","target":{"@type":"EntryPoint","urlTemplate":"https:\/\/bbonjour-kids.com\/?s={search_term_string}"},"query-input":"required name=search_term_string"}],"inLanguage":"ar"},{"@type":"Organization","@id":"https:\/\/bbonjour-kids.com\/#organization","name":"%%sitename%%","alternateName":"BBonjour Kids","url":"https:\/\/bbonjour-kids.com\/","logo":{"@type":"ImageObject","inLanguage":"ar","@id":"https:\/\/bbonjour-kids.com\/#\/schema\/logo\/image\/","url":"https:\/\/bbonjour-kids.com\/wp-content\/uploads\/2024\/06\/cropped-logo-bbonjout-kids.png","contentUrl":"https:\/\/bbonjour-kids.com\/wp-content\/uploads\/2024\/06\/cropped-logo-bbonjout-kids.png","width":512,"height":512,"caption":"%%sitename%%"},"image":{"@id":"https:\/\/bbonjour-kids.com\/#\/schema\/logo\/image\/"},"sameAs":["https:\/\/www.facebook.com\/search\/top?q=bbbonjourkids"],"email":"info@bbonjour-kids.com","legalName":"Bbonjour kids"}]},"product_price_amount":"3200.00","product_price_currency":"DZD","og_availability":"instock","product_availability":"instock","product_condition":"new"},"jetpack_sharing_enabled":true,"_links":{"self":[{"href":"https:\/\/bbonjour-kids.com\/ar\/wp-json\/wp\/v2\/product\/16975"}],"collection":[{"href":"https:\/\/bbonjour-kids.com\/ar\/wp-json\/wp\/v2\/product"}],"about":[{"href":"https:\/\/bbonjour-kids.com\/ar\/wp-json\/wp\/v2\/types\/product"}],"replies":[{"embeddable":true,"href":"https:\/\/bbonjour-kids.com\/ar\/wp-json\/wp\/v2\/comments?post=16975"}],"version-history":[{"count":0,"href":"https:\/\/bbonjour-kids.com\/ar\/wp-json\/wp\/v2\/product\/16975\/revisions"}],"wp:featuredmedia":[{"embeddable":true,"href":"https:\/\/bbonjour-kids.com\/ar\/wp-json\/wp\/v2\/media\/16624"}],"wp:attachment":[{"href":"https:\/\/bbonjour-kids.com\/ar\/wp-json\/wp\/v2\/media?parent=16975"}],"wp:term":[{"taxonomy":"product_cat","embeddable":true,"href":"https:\/\/bbonjour-kids.com\/ar\/wp-json\/wp\/v2\/product_cat?post=16975"},{"taxonomy":"product_tag","embeddable":true,"href":"https:\/\/bbonjour-kids.com\/ar\/wp-json\/wp\/v2\/product_tag?post=16975"}],"curies":[{"name":"wp","href":"https:\/\/api.w.org\/{rel}","templated":true}]}}