{"id":16976,"date":"2024-06-21T15:53:54","date_gmt":"2024-06-21T14:53:54","guid":{"rendered":"https:\/\/bbonjour-kids.com\/product\/%d8%aa%d8%b4%d9%83%d9%8a%d9%84%d8%a9-%d8%a3%d8%b7%d9%81%d8%a7%d9%84-%d8%aa%d8%b6%d9%85-%d9%82%d9%85%d9%8a%d8%b5%d9%8b%d8%a7-%d9%88%d8%a8%d9%86%d8%b7%d8%a7%d9%84%d9%8b%d8%a7-%d8%a8%d9%86%d9%82%d8%b4\/"},"modified":"2024-07-07T16:54:45","modified_gmt":"2024-07-07T15:54:45","slug":"%d8%aa%d8%b4%d9%83%d9%8a%d9%84%d8%a9-%d8%a3%d8%b7%d9%81%d8%a7%d9%84-%d8%aa%d8%b6%d9%85-%d9%82%d9%85%d9%8a%d8%b5%d9%8b%d8%a7-%d9%88%d8%a8%d9%86%d8%b7%d8%a7%d9%84%d9%8b%d8%a7-%d8%a8%d9%86%d9%82%d8%b4","status":"publish","type":"product","link":"https:\/\/bbonjour-kids.com\/ar\/shop\/%d8%b3%d8%a7%d9%84%d9%88%d8%a8%d8%a7%d8%aa\/%d8%aa%d8%b4%d9%83%d9%8a%d9%84%d8%a9-%d8%a3%d8%b7%d9%81%d8%a7%d9%84-%d8%aa%d8%b6%d9%85-%d9%82%d9%85%d9%8a%d8%b5%d9%8b%d8%a7-%d9%88%d8%a8%d9%86%d8%b7%d8%a7%d9%84%d9%8b%d8%a7-%d8%a8%d9%86%d9%82%d8%b4\/","title":{"rendered":"\u062a\u0634\u0643\u064a\u0644\u0629 \u0623\u0637\u0641\u0627\u0644 \u062a\u0636\u0645 \u0642\u0645\u064a\u0635\u064b\u0627 \u0648\u0628\u0646\u0637\u0627\u0644\u064b\u0627 \u0628\u0646\u0642\u0634\u0629 \u062f\u0628"},"content":{"rendered":"<p><a href=\"https:\/\/bbonjour-kids.com\/wp-content\/uploads\/2024\/06\/prod-1-3.webp\"><img fetchpriority=\"high\" decoding=\"async\" class=\"wp-image-15861 size-medium\" src=\"https:\/\/bbonjour-kids.com\/wp-content\/uploads\/2024\/06\/prod-1-3-296x300.webp\" alt=\"\u0637\u0642\u0645 \u0644\u0644\u0623\u0637\u0641\u0627\u0644\" width=\"296\" height=\"300\" srcset=\"https:\/\/bbonjour-kids.com\/wp-content\/uploads\/2024\/06\/prod-1-3-296x300.webp 296w, https:\/\/bbonjour-kids.com\/wp-content\/uploads\/2024\/06\/prod-1-3-250x253.webp 250w, https:\/\/bbonjour-kids.com\/wp-content\/uploads\/2024\/06\/prod-1-3-150x152.webp 150w, https:\/\/bbonjour-kids.com\/wp-content\/uploads\/2024\/06\/prod-1-3.webp 498w\" sizes=\"(max-width: 296px) 100vw, 296px\" \/><\/a><\/p>\n<p>\u0627\u0643\u062a\u0634\u0641\u0648\u0627 \u062a\u0634\u0643\u064a\u0644\u062a\u0646\u0627 \u0627\u0644\u0623\u0646\u064a\u0642\u0629 \u0648\u0627\u0644\u0641\u0631\u064a\u062f\u0629 \u0644\u0644\u0623\u0637\u0641\u0627\u0644 \u0627\u0644\u062a\u064a \u062a\u0636\u0645 \u0642\u0645\u064a\u0635\u064b\u0627 \u0623\u0628\u064a\u0636 \u0628\u0646\u0642\u0634\u0629 \u062f\u0628 \u0648\u0628\u0646\u0637\u0627\u0644\u064b\u0627 \u0645\u0631\u064a\u062d\u064b\u0627. \u064a\u062a\u0648\u0641\u0631 \u0627\u0644\u0628\u0646\u0637\u0627\u0644 \u0628\u0623\u0644\u0648\u0627\u0646 \u0632\u0627\u0647\u064a\u0629 (\u0627\u0644\u0623\u0632\u0631\u0642 \u0648\u0627\u0644\u0623\u062e\u0636\u0631) \u0644\u064a\u062a\u0646\u0627\u0633\u0628 \u0645\u0639 \u0630\u0648\u0642\u0643\u0645 \u0648\u0630\u0648\u0642 \u0637\u0641\u0644\u0643\u0645. <\/p>\n<p>&nbsp;<\/p>\n<p>&nbsp;<\/p>\n<p>&nbsp;<\/p>\n<p>&nbsp;<\/p>\n<p>&nbsp;<\/p>\n<div class=\"flex-1 overflow-hidden\">\n<div class=\"react-scroll-to-bottom--css-axcxf-79elbk h-full\">\n<div class=\"react-scroll-to-bottom--css-axcxf-1n7m0yu\">\n<div class=\"flex flex-col text-sm md:pb-9\">\n<div class=\"w-full text-token-text-primary\" dir=\"auto\" data-testid=\"conversation-turn-5\" data-scroll-anchor=\"true\">\n<div class=\"py-2 juice:py-[18px] px-3 text-base md:px-4 m-auto md:px-5 lg:px-1 xl:px-5\">\n<div class=\"mx-auto flex flex-1 gap-3 text-base juice:gap-4 juice:md:gap-5 juice:lg:gap-6 md:max-w-3xl lg:max-w-[40rem] xl:max-w-[48rem]\">\n<div class=\"group\/conversation-turn relative flex w-full min-w-0 flex-col agent-turn\">\n<div class=\"flex-col gap-1 md:gap-3\">\n<div class=\"flex flex-grow flex-col max-w-full\">\n<div class=\"min-h-[20px] text-message flex flex-col items-start whitespace-pre-wrap break-words [.text-message+&amp;]:mt-5 juice:w-full juice:items-end overflow-x-auto gap-2\" dir=\"auto\" data-message-author-role=\"assistant\" data-message-id=\"6173d092-184f-4334-b8d9-8882db5ec73e\">\n<div class=\"flex w-full flex-col gap-1 juice:empty:hidden juice:first:pt-[3px]\">\n<div class=\"markdown prose w-full break-words dark:prose-invert dark\">\n<div class=\"mceTemp\">\n<p style=\"text-align: left\"><strong><a href=\"https:\/\/bbonjour-kids.com\/wp-content\/uploads\/2024\/06\/prod-1-2.webp\"><img decoding=\"async\" class=\"wp-image-15860 size-medium alignleft\" src=\"https:\/\/bbonjour-kids.com\/wp-content\/uploads\/2024\/06\/prod-1-2-293x300.webp\" alt=\"\u0637\u0642\u0645 \u0644\u0644\u0623\u0637\u0641\u0627\u0644\" width=\"293\" height=\"300\" srcset=\"https:\/\/bbonjour-kids.com\/wp-content\/uploads\/2024\/06\/prod-1-2-293x300.webp 293w, https:\/\/bbonjour-kids.com\/wp-content\/uploads\/2024\/06\/prod-1-2-250x256.webp 250w, https:\/\/bbonjour-kids.com\/wp-content\/uploads\/2024\/06\/prod-1-2-150x154.webp 150w, https:\/\/bbonjour-kids.com\/wp-content\/uploads\/2024\/06\/prod-1-2.webp 498w\" sizes=\"(max-width: 293px) 100vw, 293px\" \/><\/a>\u0627\u0644\u0645\u0645\u064a\u0632\u0627\u062a:<\/strong><\/p>\n<ul style=\"text-align: left\">\n<li>\u0627\u0644\u0642\u0645\u064a\u0635: \u0623\u0628\u064a\u0636 \u0628\u0648\u0633\u0645 \u062f\u0628<\/li>\n<li>\u0633\u0631\u0648\u0627\u0644: \u0623\u0632\u0631\u0642 \u0648 \u0623\u062e\u0636\u0631<\/li>\n<li>\u0627\u0644\u0645\u0627\u062f\u0629: \u0639\u0627\u0644\u064a\u0629 \u0627\u0644\u062c\u0648\u062f\u0629 \u0648\u0645\u0631\u064a\u062d\u0629.\n<div class=\"mceTemp\"><\/div>\n<\/li>\n<li>\u0627\u0644\u0645\u0642\u0627\u0633: \u064a\u0646\u0627\u0633\u0628 \u0645\u062e\u062a\u0644\u0641 \u0623\u0639\u0645\u0627\u0631 \u0627\u0644\u0623\u0637\u0641\u0627\u0644.<\/li>\n<\/ul>\n<p style=\"text-align: left\"><strong>\u0623\u0633\u0628\u0627\u0628 \u0627\u0644\u0634\u0631\u0627\u0621:<\/strong><\/p>\n<ul style=\"text-align: left\">\n<li>\u062a\u0635\u0645\u064a\u0645 \u0623\u0646\u064a\u0642 \u0648\u0639\u0635\u0631\u064a.<\/li>\n<li>\u0645\u0635\u0646\u0648\u0639 \u0645\u0646 \u0645\u0648\u0627\u062f \u0639\u0627\u0644\u064a\u0629 \u0627\u0644\u062c\u0648\u062f\u0629.<\/li>\n<li>\u0645\u062b\u0627\u0644\u064a \u0644\u0644\u0645\u0646\u0627\u0633\u0628\u0627\u062a \u0627\u0644\u062e\u0627\u0635\u0629 \u0648\u0627\u0644\u062e\u0631\u062c\u0627\u062a \u0627\u0644\u064a\u0648\u0645\u064a\u0629.<\/li>\n<li>\u0645\u062a\u0648\u0641\u0631 \u0628\u0623\u0644\u0648\u0627\u0646 \u0632\u0627\u0647\u064a\u0629.<\/li>\n<\/ul>\n<p style=\"text-align: left\">\u0627\u062d\u0635\u0644\u0648\u0627 \u0639\u0644\u0649 \u0647\u0630\u0627 \u0627\u0644\u0637\u0642\u0645 \u0627\u0644\u0622\u0646 \u0648\u0627\u0645\u0646\u062d\u0648\u0627 \u0637\u0641\u0644\u0643\u0645 \u0645\u0638\u0647\u0631\u064b\u0627 \u0644\u0627 \u064a\u064f\u0636\u0627\u0647\u0649!<\/p>\n<\/div>\n<\/div>\n<\/div>\n<\/div>\n<\/div>\n<\/div>\n<\/div>\n<\/div>\n<\/div>\n<\/div>\n<\/div>\n<\/div>\n<\/div>\n","protected":false},"excerpt":{"rendered":"<p>\u0623\u0644\u0628\u0633\u0648\u0627 \u0637\u0641\u0644\u0643\u0645 \u0628\u0647\u0630\u0627 \u0627\u0644\u0637\u0642\u0645 \u0627\u0644\u0623\u0646\u064a\u0642 \u0648\u0627\u0644\u0641\u0631\u064a\u062f! \u064a\u0636\u0645 \u0642\u0645\u064a\u0635\u064b\u0627 \u0623\u0628\u064a\u0636 \u0628\u0646\u0642\u0634\u0629 \u062f\u0628 \u0648\u0628\u0646\u0637\u0627\u0644\u064b\u0627 \u0628\u0623\u0644\u0648\u0627\u0646 \u0632\u0627\u0647\u064a\u0629 (\u0623\u0632\u0631\u0642 \u0623\u0648 \u0623\u062e\u0636\u0631). \u0645\u0635\u0646\u0648\u0639 \u0645\u0646 \u0645\u0648\u0627\u062f \u0639\u0627\u0644\u064a\u0629 \u0627\u0644\u062c\u0648\u062f\u0629 \u0644\u0636\u0645\u0627\u0646 \u0627\u0644\u0631\u0627\u062d\u0629 \u0648\u0627\u0644\u0645\u062a\u0627\u0646\u0629\u060c \u0645\u062b\u0627\u0644\u064a \u0644\u0644\u0645\u0646\u0627\u0633\u0628\u0627\u062a \u0627\u0644\u062e\u0627\u0635\u0629 \u0623\u0648 \u0627\u0644\u062e\u0631\u0648\u062c\u0627\u062a \u0627\u0644\u064a\u0648\u0645\u064a\u0629 \u0644\u0644\u0623\u0637\u0641\u0627\u0644.  <\/p>\n","protected":false},"featured_media":16623,"comment_status":"closed","ping_status":"closed","template":"","meta":[],"product_cat":[131,133],"product_tag":[],"yoast_head":"<!-- This site is optimized with the Yoast SEO Premium plugin v22.8 (Yoast SEO v23.0) - https:\/\/yoast.com\/wordpress\/plugins\/seo\/ -->\n<title>\u062a\u0634\u0643\u064a\u0644\u0629 \u0623\u0637\u0641\u0627\u0644 \u062a\u0636\u0645 \u0642\u0645\u064a\u0635\u064b\u0627 \u0648\u0628\u0646\u0637\u0627\u0644\u064b\u0627 \u0628\u0646\u0642\u0634\u0629 \u062f\u0628 - BBonjour Kids<\/title>\n<meta name=\"description\" content=\"\u062a\u0634\u0643\u064a\u0644\u0629 \u0623\u0646\u064a\u0642\u0629 \u0644\u0644\u0623\u0648\u0644\u0627\u062f \u0645\u0646 5 \u0625\u0644\u0649 8 \u0633\u0646\u0648\u0627\u062a \u062a\u0636\u0645 \u0642\u0645\u064a\u0635\u064b\u0627\u060c \u0628\u0646\u0637\u0627\u0644\u064b\u0627\u060c \u0631\u0628\u0637\u0629 \u0639\u0646\u0642 \u0641\u0631\u0627\u0634\u0629\u060c \u0648\u062d\u0645\u0627\u0644\u0627\u062a. \u0645\u062b\u0627\u0644\u064a\u0629 \u0644\u062d\u0641\u0644\u0627\u062a \u0627\u0644\u0632\u0641\u0627\u0641 \u0648\u0627\u0644\u0645\u0646\u0627\u0633\u0628\u0627\u062a \u0627\u0644\u062e\u0627\u0635\u0629. \u0627\u0645\u0646\u062d \u0637\u0641\u0644\u0643 \u0645\u0638\u0647\u0631\u064b\u0627 \u0643\u0644\u0627\u0633\u064a\u0643\u064a\u064b\u0627 \u0648\u062c\u0630\u0627\u0628\u064b\u0627 \u0641\u064a \u0643\u0644 \u0645\u0646\u0627\u0633\u0628\u0629 \u0647\u0627\u0645\u0629.\" \/>\n<meta name=\"robots\" content=\"index, follow, max-snippet:-1, max-image-preview:large, max-video-preview:-1\" \/>\n<link rel=\"canonical\" href=\"https:\/\/bbonjour-kids.com\/shop\/salopettes\/ensemble-enfants-chemise-pantalon-motif-ours\/\" \/>\n<meta property=\"og:locale\" content=\"ar_AR\" \/>\n<meta property=\"og:type\" content=\"article\" \/>\n<meta property=\"og:title\" content=\"\u062a\u0634\u0643\u064a\u0644\u0629 \u0623\u0637\u0641\u0627\u0644 \u062a\u0636\u0645 \u0642\u0645\u064a\u0635\u064b\u0627 \u0648\u0628\u0646\u0637\u0627\u0644\u064b\u0627 \u0628\u0646\u0642\u0634\u0629 \u062f\u0628\" \/>\n<meta property=\"og:description\" content=\"\u062a\u0634\u0643\u064a\u0644\u0629 \u0623\u0646\u064a\u0642\u0629 \u0644\u0644\u0623\u0648\u0644\u0627\u062f \u0645\u0646 5 \u0625\u0644\u0649 8 \u0633\u0646\u0648\u0627\u062a \u062a\u0636\u0645 \u0642\u0645\u064a\u0635\u064b\u0627\u060c \u0628\u0646\u0637\u0627\u0644\u064b\u0627\u060c \u0631\u0628\u0637\u0629 \u0639\u0646\u0642 \u0641\u0631\u0627\u0634\u0629\u060c \u0648\u062d\u0645\u0627\u0644\u0627\u062a. \u0645\u062b\u0627\u0644\u064a\u0629 \u0644\u062d\u0641\u0644\u0627\u062a \u0627\u0644\u0632\u0641\u0627\u0641 \u0648\u0627\u0644\u0645\u0646\u0627\u0633\u0628\u0627\u062a \u0627\u0644\u062e\u0627\u0635\u0629. \u0627\u0645\u0646\u062d \u0637\u0641\u0644\u0643 \u0645\u0638\u0647\u0631\u064b\u0627 \u0643\u0644\u0627\u0633\u064a\u0643\u064a\u064b\u0627 \u0648\u062c\u0630\u0627\u0628\u064b\u0627 \u0641\u064a \u0643\u0644 \u0645\u0646\u0627\u0633\u0628\u0629 \u0647\u0627\u0645\u0629.\" \/>\n<meta property=\"og:url\" content=\"https:\/\/bbonjour-kids.com\/shop\/salopettes\/ensemble-enfants-chemise-pantalon-motif-ours\/\" \/>\n<meta property=\"og:site_name\" content=\"BBonjour Kids\" \/>\n<meta property=\"article:publisher\" content=\"https:\/\/www.facebook.com\/search\/top?q=bbbonjourkids\" \/>\n<meta property=\"article:modified_time\" content=\"2024-07-07T15:54:45+00:00\" \/>\n<meta property=\"og:image\" content=\"https:\/\/bbonjour-kids.com\/wp-content\/uploads\/2024\/06\/prod-1-4.webp\" \/>\n\t<meta property=\"og:image:width\" content=\"498\" \/>\n\t<meta property=\"og:image:height\" content=\"505\" \/>\n\t<meta property=\"og:image:type\" content=\"image\/webp\" \/>\n<meta name=\"twitter:card\" content=\"summary_large_image\" \/>\n<meta name=\"twitter:label1\" content=\"\u0627\u0644\u0633\u0639\u0631\" \/>\n\t<meta name=\"twitter:data1\" content=\"&#x62f;.&#x62c;&nbsp;3900,00\" \/>\n\t<meta name=\"twitter:label2\" content=\"\u0627\u0644\u062a\u0648\u0641\u0631\" \/>\n\t<meta name=\"twitter:data2\" content=\"\u0645\u062a\u0648\u0641\u0631 \u0641\u064a \u0627\u0644\u0645\u062e\u0632\u0648\u0646\" \/>\n<script type=\"application\/ld+json\" class=\"yoast-schema-graph\">{\"@context\":\"https:\/\/schema.org\",\"@graph\":[{\"@type\":\"WebPage\",\"@id\":\"https:\/\/bbonjour-kids.com\/shop\/salopettes\/ensemble-enfants-chemise-pantalon-motif-ours\/\",\"url\":\"https:\/\/bbonjour-kids.com\/shop\/salopettes\/ensemble-enfants-chemise-pantalon-motif-ours\/\",\"name\":\"\u062a\u0634\u0643\u064a\u0644\u0629 \u0623\u0637\u0641\u0627\u0644 \u062a\u0636\u0645 \u0642\u0645\u064a\u0635\u064b\u0627 \u0648\u0628\u0646\u0637\u0627\u0644\u064b\u0627 \u0628\u0646\u0642\u0634\u0629 \u062f\u0628 - BBonjour Kids\",\"isPartOf\":{\"@id\":\"https:\/\/bbonjour-kids.com\/#website\"},\"primaryImageOfPage\":{\"@id\":\"https:\/\/bbonjour-kids.com\/shop\/salopettes\/ensemble-enfants-chemise-pantalon-motif-ours\/#primaryimage\"},\"image\":{\"@id\":\"https:\/\/bbonjour-kids.com\/shop\/salopettes\/ensemble-enfants-chemise-pantalon-motif-ours\/#primaryimage\"},\"thumbnailUrl\":\"https:\/\/bbonjour-kids.com\/wp-content\/uploads\/2024\/06\/prod-1-4.webp\",\"datePublished\":\"2024-06-21T14:53:54+00:00\",\"dateModified\":\"2024-07-07T15:54:45+00:00\",\"description\":\"\u062a\u0634\u0643\u064a\u0644\u0629 \u0623\u0646\u064a\u0642\u0629 \u0644\u0644\u0623\u0648\u0644\u0627\u062f \u0645\u0646 5 \u0625\u0644\u0649 8 \u0633\u0646\u0648\u0627\u062a \u062a\u0636\u0645 \u0642\u0645\u064a\u0635\u064b\u0627\u060c \u0628\u0646\u0637\u0627\u0644\u064b\u0627\u060c \u0631\u0628\u0637\u0629 \u0639\u0646\u0642 \u0641\u0631\u0627\u0634\u0629\u060c \u0648\u062d\u0645\u0627\u0644\u0627\u062a. \u0645\u062b\u0627\u0644\u064a\u0629 \u0644\u062d\u0641\u0644\u0627\u062a \u0627\u0644\u0632\u0641\u0627\u0641 \u0648\u0627\u0644\u0645\u0646\u0627\u0633\u0628\u0627\u062a \u0627\u0644\u062e\u0627\u0635\u0629. \u0627\u0645\u0646\u062d \u0637\u0641\u0644\u0643 \u0645\u0638\u0647\u0631\u064b\u0627 \u0643\u0644\u0627\u0633\u064a\u0643\u064a\u064b\u0627 \u0648\u062c\u0630\u0627\u0628\u064b\u0627 \u0641\u064a \u0643\u0644 \u0645\u0646\u0627\u0633\u0628\u0629 \u0647\u0627\u0645\u0629.\",\"breadcrumb\":{\"@id\":\"https:\/\/bbonjour-kids.com\/shop\/salopettes\/ensemble-enfants-chemise-pantalon-motif-ours\/#breadcrumb\"},\"inLanguage\":\"ar\",\"potentialAction\":[{\"@type\":\"ReadAction\",\"target\":[\"https:\/\/bbonjour-kids.com\/shop\/salopettes\/ensemble-enfants-chemise-pantalon-motif-ours\/\"]}]},{\"@type\":\"ImageObject\",\"inLanguage\":\"ar\",\"@id\":\"https:\/\/bbonjour-kids.com\/shop\/salopettes\/ensemble-enfants-chemise-pantalon-motif-ours\/#primaryimage\",\"url\":\"https:\/\/bbonjour-kids.com\/wp-content\/uploads\/2024\/06\/prod-1-4.webp\",\"contentUrl\":\"https:\/\/bbonjour-kids.com\/wp-content\/uploads\/2024\/06\/prod-1-4.webp\",\"width\":498,\"height\":505,\"caption\":\"Ensemble_ enfants_chemise _pantalon_motif_ours\"},{\"@type\":\"BreadcrumbList\",\"@id\":\"https:\/\/bbonjour-kids.com\/shop\/salopettes\/ensemble-enfants-chemise-pantalon-motif-ours\/#breadcrumb\",\"itemListElement\":[{\"@type\":\"ListItem\",\"position\":1,\"name\":\"Accueil\",\"item\":\"https:\/\/bbonjour-kids.com\/\"},{\"@type\":\"ListItem\",\"position\":2,\"name\":\"\u0627\u0644\u0645\u062a\u062c\u0631\",\"item\":\"https:\/\/bbonjour-kids.com\/shop\/\"},{\"@type\":\"ListItem\",\"position\":3,\"name\":\"\u062a\u0634\u0643\u064a\u0644\u0629 \u0623\u0637\u0641\u0627\u0644 \u062a\u0636\u0645 \u0642\u0645\u064a\u0635\u064b\u0627 \u0648\u0628\u0646\u0637\u0627\u0644\u064b\u0627 \u0628\u0646\u0642\u0634\u0629 \u062f\u0628\"}]},{\"@type\":\"WebSite\",\"@id\":\"https:\/\/bbonjour-kids.com\/#website\",\"url\":\"https:\/\/bbonjour-kids.com\/\",\"name\":\"BBonjour Kids\",\"description\":\"D\u00e9couvrez Bbonjour kids, votre boutique en ligne de v\u00eatements pour enfants. Des collections modernes, confortables et de qualit\u00e9 pour habiller vos petits avec style. Profitez de nos offres exclusives et de la livraison rapide !\",\"publisher\":{\"@id\":\"https:\/\/bbonjour-kids.com\/#organization\"},\"alternateName\":\"BBonjour Kids\",\"potentialAction\":[{\"@type\":\"SearchAction\",\"target\":{\"@type\":\"EntryPoint\",\"urlTemplate\":\"https:\/\/bbonjour-kids.com\/?s={search_term_string}\"},\"query-input\":\"required name=search_term_string\"}],\"inLanguage\":\"ar\"},{\"@type\":\"Organization\",\"@id\":\"https:\/\/bbonjour-kids.com\/#organization\",\"name\":\"%%sitename%%\",\"alternateName\":\"BBonjour Kids\",\"url\":\"https:\/\/bbonjour-kids.com\/\",\"logo\":{\"@type\":\"ImageObject\",\"inLanguage\":\"ar\",\"@id\":\"https:\/\/bbonjour-kids.com\/#\/schema\/logo\/image\/\",\"url\":\"https:\/\/bbonjour-kids.com\/wp-content\/uploads\/2024\/06\/cropped-logo-bbonjout-kids.png\",\"contentUrl\":\"https:\/\/bbonjour-kids.com\/wp-content\/uploads\/2024\/06\/cropped-logo-bbonjout-kids.png\",\"width\":512,\"height\":512,\"caption\":\"%%sitename%%\"},\"image\":{\"@id\":\"https:\/\/bbonjour-kids.com\/#\/schema\/logo\/image\/\"},\"sameAs\":[\"https:\/\/www.facebook.com\/search\/top?q=bbbonjourkids\"],\"email\":\"info@bbonjour-kids.com\",\"legalName\":\"Bbonjour kids\"}]}<\/script>\n<meta property=\"product:price:amount\" content=\"3900.00\" \/>\n<meta property=\"product:price:currency\" content=\"DZD\" \/>\n<meta property=\"og:availability\" content=\"instock\" \/>\n<meta property=\"product:availability\" content=\"instock\" \/>\n<meta property=\"product:retailer_item_id\" content=\"prod-1\" \/>\n<meta property=\"product:condition\" content=\"new\" \/>\n<!-- \/ Yoast SEO Premium plugin. -->","yoast_head_json":{"title":"\u062a\u0634\u0643\u064a\u0644\u0629 \u0623\u0637\u0641\u0627\u0644 \u062a\u0636\u0645 \u0642\u0645\u064a\u0635\u064b\u0627 \u0648\u0628\u0646\u0637\u0627\u0644\u064b\u0627 \u0628\u0646\u0642\u0634\u0629 \u062f\u0628 - BBonjour Kids","description":"\u062a\u0634\u0643\u064a\u0644\u0629 \u0623\u0646\u064a\u0642\u0629 \u0644\u0644\u0623\u0648\u0644\u0627\u062f \u0645\u0646 5 \u0625\u0644\u0649 8 \u0633\u0646\u0648\u0627\u062a \u062a\u0636\u0645 \u0642\u0645\u064a\u0635\u064b\u0627\u060c \u0628\u0646\u0637\u0627\u0644\u064b\u0627\u060c \u0631\u0628\u0637\u0629 \u0639\u0646\u0642 \u0641\u0631\u0627\u0634\u0629\u060c \u0648\u062d\u0645\u0627\u0644\u0627\u062a. \u0645\u062b\u0627\u0644\u064a\u0629 \u0644\u062d\u0641\u0644\u0627\u062a \u0627\u0644\u0632\u0641\u0627\u0641 \u0648\u0627\u0644\u0645\u0646\u0627\u0633\u0628\u0627\u062a \u0627\u0644\u062e\u0627\u0635\u0629. \u0627\u0645\u0646\u062d \u0637\u0641\u0644\u0643 \u0645\u0638\u0647\u0631\u064b\u0627 \u0643\u0644\u0627\u0633\u064a\u0643\u064a\u064b\u0627 \u0648\u062c\u0630\u0627\u0628\u064b\u0627 \u0641\u064a \u0643\u0644 \u0645\u0646\u0627\u0633\u0628\u0629 \u0647\u0627\u0645\u0629.","robots":{"index":"index","follow":"follow","max-snippet":"max-snippet:-1","max-image-preview":"max-image-preview:large","max-video-preview":"max-video-preview:-1"},"canonical":"https:\/\/bbonjour-kids.com\/shop\/salopettes\/ensemble-enfants-chemise-pantalon-motif-ours\/","og_locale":"ar_AR","og_type":"article","og_title":"\u062a\u0634\u0643\u064a\u0644\u0629 \u0623\u0637\u0641\u0627\u0644 \u062a\u0636\u0645 \u0642\u0645\u064a\u0635\u064b\u0627 \u0648\u0628\u0646\u0637\u0627\u0644\u064b\u0627 \u0628\u0646\u0642\u0634\u0629 \u062f\u0628","og_description":"\u062a\u0634\u0643\u064a\u0644\u0629 \u0623\u0646\u064a\u0642\u0629 \u0644\u0644\u0623\u0648\u0644\u0627\u062f \u0645\u0646 5 \u0625\u0644\u0649 8 \u0633\u0646\u0648\u0627\u062a \u062a\u0636\u0645 \u0642\u0645\u064a\u0635\u064b\u0627\u060c \u0628\u0646\u0637\u0627\u0644\u064b\u0627\u060c \u0631\u0628\u0637\u0629 \u0639\u0646\u0642 \u0641\u0631\u0627\u0634\u0629\u060c \u0648\u062d\u0645\u0627\u0644\u0627\u062a. \u0645\u062b\u0627\u0644\u064a\u0629 \u0644\u062d\u0641\u0644\u0627\u062a \u0627\u0644\u0632\u0641\u0627\u0641 \u0648\u0627\u0644\u0645\u0646\u0627\u0633\u0628\u0627\u062a \u0627\u0644\u062e\u0627\u0635\u0629. \u0627\u0645\u0646\u062d \u0637\u0641\u0644\u0643 \u0645\u0638\u0647\u0631\u064b\u0627 \u0643\u0644\u0627\u0633\u064a\u0643\u064a\u064b\u0627 \u0648\u062c\u0630\u0627\u0628\u064b\u0627 \u0641\u064a \u0643\u0644 \u0645\u0646\u0627\u0633\u0628\u0629 \u0647\u0627\u0645\u0629.","og_url":"https:\/\/bbonjour-kids.com\/shop\/salopettes\/ensemble-enfants-chemise-pantalon-motif-ours\/","og_site_name":"BBonjour Kids","article_publisher":"https:\/\/www.facebook.com\/search\/top?q=bbbonjourkids","article_modified_time":"2024-07-07T15:54:45+00:00","og_image":[{"width":498,"height":505,"url":"https:\/\/bbonjour-kids.com\/wp-content\/uploads\/2024\/06\/prod-1-4.webp","type":"image\/webp"}],"twitter_card":"summary_large_image","twitter_misc":{"\u0627\u0644\u0633\u0639\u0631":"&#x62f;.&#x62c;&nbsp;3900,00","\u0627\u0644\u062a\u0648\u0641\u0631":"\u0645\u062a\u0648\u0641\u0631 \u0641\u064a \u0627\u0644\u0645\u062e\u0632\u0648\u0646"},"schema":{"@context":"https:\/\/schema.org","@graph":[{"@type":"WebPage","@id":"https:\/\/bbonjour-kids.com\/shop\/salopettes\/ensemble-enfants-chemise-pantalon-motif-ours\/","url":"https:\/\/bbonjour-kids.com\/shop\/salopettes\/ensemble-enfants-chemise-pantalon-motif-ours\/","name":"\u062a\u0634\u0643\u064a\u0644\u0629 \u0623\u0637\u0641\u0627\u0644 \u062a\u0636\u0645 \u0642\u0645\u064a\u0635\u064b\u0627 \u0648\u0628\u0646\u0637\u0627\u0644\u064b\u0627 \u0628\u0646\u0642\u0634\u0629 \u062f\u0628 - BBonjour Kids","isPartOf":{"@id":"https:\/\/bbonjour-kids.com\/#website"},"primaryImageOfPage":{"@id":"https:\/\/bbonjour-kids.com\/shop\/salopettes\/ensemble-enfants-chemise-pantalon-motif-ours\/#primaryimage"},"image":{"@id":"https:\/\/bbonjour-kids.com\/shop\/salopettes\/ensemble-enfants-chemise-pantalon-motif-ours\/#primaryimage"},"thumbnailUrl":"https:\/\/bbonjour-kids.com\/wp-content\/uploads\/2024\/06\/prod-1-4.webp","datePublished":"2024-06-21T14:53:54+00:00","dateModified":"2024-07-07T15:54:45+00:00","description":"\u062a\u0634\u0643\u064a\u0644\u0629 \u0623\u0646\u064a\u0642\u0629 \u0644\u0644\u0623\u0648\u0644\u0627\u062f \u0645\u0646 5 \u0625\u0644\u0649 8 \u0633\u0646\u0648\u0627\u062a \u062a\u0636\u0645 \u0642\u0645\u064a\u0635\u064b\u0627\u060c \u0628\u0646\u0637\u0627\u0644\u064b\u0627\u060c \u0631\u0628\u0637\u0629 \u0639\u0646\u0642 \u0641\u0631\u0627\u0634\u0629\u060c \u0648\u062d\u0645\u0627\u0644\u0627\u062a. \u0645\u062b\u0627\u0644\u064a\u0629 \u0644\u062d\u0641\u0644\u0627\u062a \u0627\u0644\u0632\u0641\u0627\u0641 \u0648\u0627\u0644\u0645\u0646\u0627\u0633\u0628\u0627\u062a \u0627\u0644\u062e\u0627\u0635\u0629. \u0627\u0645\u0646\u062d \u0637\u0641\u0644\u0643 \u0645\u0638\u0647\u0631\u064b\u0627 \u0643\u0644\u0627\u0633\u064a\u0643\u064a\u064b\u0627 \u0648\u062c\u0630\u0627\u0628\u064b\u0627 \u0641\u064a \u0643\u0644 \u0645\u0646\u0627\u0633\u0628\u0629 \u0647\u0627\u0645\u0629.","breadcrumb":{"@id":"https:\/\/bbonjour-kids.com\/shop\/salopettes\/ensemble-enfants-chemise-pantalon-motif-ours\/#breadcrumb"},"inLanguage":"ar","potentialAction":[{"@type":"ReadAction","target":["https:\/\/bbonjour-kids.com\/shop\/salopettes\/ensemble-enfants-chemise-pantalon-motif-ours\/"]}]},{"@type":"ImageObject","inLanguage":"ar","@id":"https:\/\/bbonjour-kids.com\/shop\/salopettes\/ensemble-enfants-chemise-pantalon-motif-ours\/#primaryimage","url":"https:\/\/bbonjour-kids.com\/wp-content\/uploads\/2024\/06\/prod-1-4.webp","contentUrl":"https:\/\/bbonjour-kids.com\/wp-content\/uploads\/2024\/06\/prod-1-4.webp","width":498,"height":505,"caption":"Ensemble_ enfants_chemise _pantalon_motif_ours"},{"@type":"BreadcrumbList","@id":"https:\/\/bbonjour-kids.com\/shop\/salopettes\/ensemble-enfants-chemise-pantalon-motif-ours\/#breadcrumb","itemListElement":[{"@type":"ListItem","position":1,"name":"Accueil","item":"https:\/\/bbonjour-kids.com\/"},{"@type":"ListItem","position":2,"name":"\u0627\u0644\u0645\u062a\u062c\u0631","item":"https:\/\/bbonjour-kids.com\/shop\/"},{"@type":"ListItem","position":3,"name":"\u062a\u0634\u0643\u064a\u0644\u0629 \u0623\u0637\u0641\u0627\u0644 \u062a\u0636\u0645 \u0642\u0645\u064a\u0635\u064b\u0627 \u0648\u0628\u0646\u0637\u0627\u0644\u064b\u0627 \u0628\u0646\u0642\u0634\u0629 \u062f\u0628"}]},{"@type":"WebSite","@id":"https:\/\/bbonjour-kids.com\/#website","url":"https:\/\/bbonjour-kids.com\/","name":"BBonjour Kids","description":"D\u00e9couvrez Bbonjour kids, votre boutique en ligne de v\u00eatements pour enfants. Des collections modernes, confortables et de qualit\u00e9 pour habiller vos petits avec style. Profitez de nos offres exclusives et de la livraison rapide !","publisher":{"@id":"https:\/\/bbonjour-kids.com\/#organization"},"alternateName":"BBonjour Kids","potentialAction":[{"@type":"SearchAction","target":{"@type":"EntryPoint","urlTemplate":"https:\/\/bbonjour-kids.com\/?s={search_term_string}"},"query-input":"required name=search_term_string"}],"inLanguage":"ar"},{"@type":"Organization","@id":"https:\/\/bbonjour-kids.com\/#organization","name":"%%sitename%%","alternateName":"BBonjour Kids","url":"https:\/\/bbonjour-kids.com\/","logo":{"@type":"ImageObject","inLanguage":"ar","@id":"https:\/\/bbonjour-kids.com\/#\/schema\/logo\/image\/","url":"https:\/\/bbonjour-kids.com\/wp-content\/uploads\/2024\/06\/cropped-logo-bbonjout-kids.png","contentUrl":"https:\/\/bbonjour-kids.com\/wp-content\/uploads\/2024\/06\/cropped-logo-bbonjout-kids.png","width":512,"height":512,"caption":"%%sitename%%"},"image":{"@id":"https:\/\/bbonjour-kids.com\/#\/schema\/logo\/image\/"},"sameAs":["https:\/\/www.facebook.com\/search\/top?q=bbbonjourkids"],"email":"info@bbonjour-kids.com","legalName":"Bbonjour kids"}]},"product_price_amount":"3900.00","product_price_currency":"DZD","og_availability":"instock","product_availability":"instock","product_retailer_item_id":"prod-1","product_condition":"new"},"jetpack_sharing_enabled":true,"_links":{"self":[{"href":"https:\/\/bbonjour-kids.com\/ar\/wp-json\/wp\/v2\/product\/16976"}],"collection":[{"href":"https:\/\/bbonjour-kids.com\/ar\/wp-json\/wp\/v2\/product"}],"about":[{"href":"https:\/\/bbonjour-kids.com\/ar\/wp-json\/wp\/v2\/types\/product"}],"replies":[{"embeddable":true,"href":"https:\/\/bbonjour-kids.com\/ar\/wp-json\/wp\/v2\/comments?post=16976"}],"version-history":[{"count":0,"href":"https:\/\/bbonjour-kids.com\/ar\/wp-json\/wp\/v2\/product\/16976\/revisions"}],"wp:featuredmedia":[{"embeddable":true,"href":"https:\/\/bbonjour-kids.com\/ar\/wp-json\/wp\/v2\/media\/16623"}],"wp:attachment":[{"href":"https:\/\/bbonjour-kids.com\/ar\/wp-json\/wp\/v2\/media?parent=16976"}],"wp:term":[{"taxonomy":"product_cat","embeddable":true,"href":"https:\/\/bbonjour-kids.com\/ar\/wp-json\/wp\/v2\/product_cat?post=16976"},{"taxonomy":"product_tag","embeddable":true,"href":"https:\/\/bbonjour-kids.com\/ar\/wp-json\/wp\/v2\/product_tag?post=16976"}],"curies":[{"name":"wp","href":"https:\/\/api.w.org\/{rel}","templated":true}]}}