{"id":17066,"date":"2024-07-09T11:21:15","date_gmt":"2024-07-09T10:21:15","guid":{"rendered":"https:\/\/bbonjour-kids.com\/product\/ensemble-laine-enfants-chemise-short\/"},"modified":"2024-07-09T11:30:52","modified_gmt":"2024-07-09T10:30:52","slug":"ensemble-laine-enfants-chemise-short","status":"publish","type":"product","link":"https:\/\/bbonjour-kids.com\/ar\/shop\/%d9%84%d8%a8%d8%a7%d8%b3-%d9%82%d8%b7%d8%b9%d8%aa%d9%8a%d9%86\/ensemble-laine-enfants-chemise-short\/","title":{"rendered":"Ensemble short chemise en lin pour enfants"},"content":{"rendered":"<p>D\u00e9couvrez notre ensemble <strong>d&#8217;\u00e9t\u00e9<\/strong> deux pi\u00e8ces parfait pour vos enfants ! Id\u00e9al pour les journ\u00e9es ensoleill\u00e9es et les aventures estivales, cet ensemble associe confort et style avec une chemise l\u00e9g\u00e8re <strong>en lin <\/strong>vert avec des motifs de Mickey et un short assorti en lin couleur beige. Parfait pour jouer et se d\u00e9tendre, cet ensemble est con\u00e7u pour offrir une sensation de douceur et une libert\u00e9 de mouvement optimale. Procurez-vous d\u00e8s maintenant cet ensemble adorable qui ajoutera une touche de charme estival \u00e0 la garde-robe de votre enfant !<\/p>\n<p>&nbsp;<\/p>\n","protected":false},"excerpt":{"rendered":"<p>D\u00e9couvrez notre joli ensemble d&#8217;\u00e9t\u00e9 deux pi\u00e8ces en lin, directement inspir\u00e9 des tendances de la mode turque ! Parfait pour les journ\u00e9es ensoleill\u00e9e.<\/p>\n","protected":false},"featured_media":17061,"comment_status":"closed","ping_status":"closed","template":"","meta":[],"product_cat":[133],"product_tag":[],"yoast_head":"<!-- This site is optimized with the Yoast SEO Premium plugin v22.8 (Yoast SEO v23.0) - https:\/\/yoast.com\/wordpress\/plugins\/seo\/ -->\n<title>Ensemble short chemise en lin pour enfants - BBonjour Kids<\/title>\n<meta name=\"description\" content=\"D\u00e9couvrez notre joli ensemble d&#039;\u00e9t\u00e9 deux pi\u00e8ces en lin, directement inspir\u00e9 des tendances de la mode turque ! Parfait pour les journ\u00e9es ensoleill\u00e9e.\" \/>\n<meta name=\"robots\" content=\"index, follow, max-snippet:-1, max-image-preview:large, max-video-preview:-1\" \/>\n<link rel=\"canonical\" href=\"https:\/\/bbonjour-kids.com\/shop\/tenus-2-pieces\/ensemble-laine-enfants-chemise-short\/\" \/>\n<meta property=\"og:locale\" content=\"ar_AR\" \/>\n<meta property=\"og:type\" content=\"article\" \/>\n<meta property=\"og:title\" content=\"Ensemble short chemise en lin pour enfants\" \/>\n<meta property=\"og:description\" content=\"D\u00e9couvrez notre joli ensemble d&#039;\u00e9t\u00e9 deux pi\u00e8ces en lin, directement inspir\u00e9 des tendances de la mode turque ! Parfait pour les journ\u00e9es ensoleill\u00e9e.\" \/>\n<meta property=\"og:url\" content=\"https:\/\/bbonjour-kids.com\/shop\/tenus-2-pieces\/ensemble-laine-enfants-chemise-short\/\" \/>\n<meta property=\"og:site_name\" content=\"BBonjour Kids\" \/>\n<meta property=\"article:publisher\" content=\"https:\/\/www.facebook.com\/search\/top?q=bbbonjourkids\" \/>\n<meta property=\"article:modified_time\" content=\"2024-07-09T10:30:52+00:00\" \/>\n<meta property=\"og:image\" content=\"https:\/\/bbonjour-kids.com\/wp-content\/uploads\/2024\/07\/701cda7f-23b2-4f20-91ab-cc9c76c798fe.webp\" \/>\n\t<meta property=\"og:image:width\" content=\"1280\" \/>\n\t<meta property=\"og:image:height\" content=\"1280\" \/>\n\t<meta property=\"og:image:type\" content=\"image\/jpeg\" \/>\n<meta name=\"twitter:card\" content=\"summary_large_image\" \/>\n<meta name=\"twitter:label1\" content=\"\u0627\u0644\u0633\u0639\u0631\" \/>\n\t<meta name=\"twitter:data1\" content=\"&#x62f;.&#x62c;&nbsp;4200,00\" \/>\n\t<meta name=\"twitter:label2\" content=\"\u0627\u0644\u062a\u0648\u0641\u0631\" \/>\n\t<meta name=\"twitter:data2\" content=\"\u0645\u062a\u0648\u0641\u0631 \u0641\u064a \u0627\u0644\u0645\u062e\u0632\u0648\u0646\" \/>\n<script type=\"application\/ld+json\" class=\"yoast-schema-graph\">{\"@context\":\"https:\/\/schema.org\",\"@graph\":[{\"@type\":\"WebPage\",\"@id\":\"https:\/\/bbonjour-kids.com\/shop\/tenus-2-pieces\/ensemble-laine-enfants-chemise-short\/\",\"url\":\"https:\/\/bbonjour-kids.com\/shop\/tenus-2-pieces\/ensemble-laine-enfants-chemise-short\/\",\"name\":\"Ensemble short chemise en lin pour enfants - BBonjour Kids\",\"isPartOf\":{\"@id\":\"https:\/\/bbonjour-kids.com\/#website\"},\"primaryImageOfPage\":{\"@id\":\"https:\/\/bbonjour-kids.com\/shop\/tenus-2-pieces\/ensemble-laine-enfants-chemise-short\/#primaryimage\"},\"image\":{\"@id\":\"https:\/\/bbonjour-kids.com\/shop\/tenus-2-pieces\/ensemble-laine-enfants-chemise-short\/#primaryimage\"},\"thumbnailUrl\":\"https:\/\/bbonjour-kids.com\/wp-content\/uploads\/2024\/07\/701cda7f-23b2-4f20-91ab-cc9c76c798fe.webp\",\"datePublished\":\"2024-07-09T10:21:15+00:00\",\"dateModified\":\"2024-07-09T10:30:52+00:00\",\"description\":\"D\u00e9couvrez notre joli ensemble d'\u00e9t\u00e9 deux pi\u00e8ces en lin, directement inspir\u00e9 des tendances de la mode turque ! Parfait pour les journ\u00e9es ensoleill\u00e9e.\",\"breadcrumb\":{\"@id\":\"https:\/\/bbonjour-kids.com\/shop\/tenus-2-pieces\/ensemble-laine-enfants-chemise-short\/#breadcrumb\"},\"inLanguage\":\"ar\",\"potentialAction\":[{\"@type\":\"ReadAction\",\"target\":[\"https:\/\/bbonjour-kids.com\/shop\/tenus-2-pieces\/ensemble-laine-enfants-chemise-short\/\"]}]},{\"@type\":\"ImageObject\",\"inLanguage\":\"ar\",\"@id\":\"https:\/\/bbonjour-kids.com\/shop\/tenus-2-pieces\/ensemble-laine-enfants-chemise-short\/#primaryimage\",\"url\":\"https:\/\/bbonjour-kids.com\/wp-content\/uploads\/2024\/07\/701cda7f-23b2-4f20-91ab-cc9c76c798fe.webp\",\"contentUrl\":\"https:\/\/bbonjour-kids.com\/wp-content\/uploads\/2024\/07\/701cda7f-23b2-4f20-91ab-cc9c76c798fe.webp\",\"width\":1280,\"height\":1280},{\"@type\":\"BreadcrumbList\",\"@id\":\"https:\/\/bbonjour-kids.com\/shop\/tenus-2-pieces\/ensemble-laine-enfants-chemise-short\/#breadcrumb\",\"itemListElement\":[{\"@type\":\"ListItem\",\"position\":1,\"name\":\"Accueil\",\"item\":\"https:\/\/bbonjour-kids.com\/\"},{\"@type\":\"ListItem\",\"position\":2,\"name\":\"\u0627\u0644\u0645\u062a\u062c\u0631\",\"item\":\"https:\/\/bbonjour-kids.com\/shop\/\"},{\"@type\":\"ListItem\",\"position\":3,\"name\":\"Ensemble short chemise en lin pour enfants\"}]},{\"@type\":\"WebSite\",\"@id\":\"https:\/\/bbonjour-kids.com\/#website\",\"url\":\"https:\/\/bbonjour-kids.com\/\",\"name\":\"BBonjour Kids\",\"description\":\"D\u00e9couvrez Bbonjour kids, votre boutique en ligne de v\u00eatements pour enfants. Des collections modernes, confortables et de qualit\u00e9 pour habiller vos petits avec style. Profitez de nos offres exclusives et de la livraison rapide !\",\"publisher\":{\"@id\":\"https:\/\/bbonjour-kids.com\/#organization\"},\"alternateName\":\"BBonjour Kids\",\"potentialAction\":[{\"@type\":\"SearchAction\",\"target\":{\"@type\":\"EntryPoint\",\"urlTemplate\":\"https:\/\/bbonjour-kids.com\/?s={search_term_string}\"},\"query-input\":\"required name=search_term_string\"}],\"inLanguage\":\"ar\"},{\"@type\":\"Organization\",\"@id\":\"https:\/\/bbonjour-kids.com\/#organization\",\"name\":\"%%sitename%%\",\"alternateName\":\"BBonjour Kids\",\"url\":\"https:\/\/bbonjour-kids.com\/\",\"logo\":{\"@type\":\"ImageObject\",\"inLanguage\":\"ar\",\"@id\":\"https:\/\/bbonjour-kids.com\/#\/schema\/logo\/image\/\",\"url\":\"https:\/\/bbonjour-kids.com\/wp-content\/uploads\/2024\/06\/cropped-logo-bbonjout-kids.png\",\"contentUrl\":\"https:\/\/bbonjour-kids.com\/wp-content\/uploads\/2024\/06\/cropped-logo-bbonjout-kids.png\",\"width\":512,\"height\":512,\"caption\":\"%%sitename%%\"},\"image\":{\"@id\":\"https:\/\/bbonjour-kids.com\/#\/schema\/logo\/image\/\"},\"sameAs\":[\"https:\/\/www.facebook.com\/search\/top?q=bbbonjourkids\"],\"email\":\"info@bbonjour-kids.com\",\"legalName\":\"Bbonjour kids\"}]}<\/script>\n<meta property=\"product:price:amount\" content=\"4200.00\" \/>\n<meta property=\"product:price:currency\" content=\"DZD\" \/>\n<meta property=\"og:availability\" content=\"instock\" \/>\n<meta property=\"product:availability\" content=\"instock\" \/>\n<meta property=\"product:condition\" content=\"new\" \/>\n<!-- \/ Yoast SEO Premium plugin. -->","yoast_head_json":{"title":"Ensemble short chemise en lin pour enfants - BBonjour Kids","description":"D\u00e9couvrez notre joli ensemble d'\u00e9t\u00e9 deux pi\u00e8ces en lin, directement inspir\u00e9 des tendances de la mode turque ! Parfait pour les journ\u00e9es ensoleill\u00e9e.","robots":{"index":"index","follow":"follow","max-snippet":"max-snippet:-1","max-image-preview":"max-image-preview:large","max-video-preview":"max-video-preview:-1"},"canonical":"https:\/\/bbonjour-kids.com\/shop\/tenus-2-pieces\/ensemble-laine-enfants-chemise-short\/","og_locale":"ar_AR","og_type":"article","og_title":"Ensemble short chemise en lin pour enfants","og_description":"D\u00e9couvrez notre joli ensemble d'\u00e9t\u00e9 deux pi\u00e8ces en lin, directement inspir\u00e9 des tendances de la mode turque ! Parfait pour les journ\u00e9es ensoleill\u00e9e.","og_url":"https:\/\/bbonjour-kids.com\/shop\/tenus-2-pieces\/ensemble-laine-enfants-chemise-short\/","og_site_name":"BBonjour Kids","article_publisher":"https:\/\/www.facebook.com\/search\/top?q=bbbonjourkids","article_modified_time":"2024-07-09T10:30:52+00:00","og_image":[{"width":1280,"height":1280,"url":"https:\/\/bbonjour-kids.com\/wp-content\/uploads\/2024\/07\/701cda7f-23b2-4f20-91ab-cc9c76c798fe.webp","type":"image\/jpeg"}],"twitter_card":"summary_large_image","twitter_misc":{"\u0627\u0644\u0633\u0639\u0631":"&#x62f;.&#x62c;&nbsp;4200,00","\u0627\u0644\u062a\u0648\u0641\u0631":"\u0645\u062a\u0648\u0641\u0631 \u0641\u064a \u0627\u0644\u0645\u062e\u0632\u0648\u0646"},"schema":{"@context":"https:\/\/schema.org","@graph":[{"@type":"WebPage","@id":"https:\/\/bbonjour-kids.com\/shop\/tenus-2-pieces\/ensemble-laine-enfants-chemise-short\/","url":"https:\/\/bbonjour-kids.com\/shop\/tenus-2-pieces\/ensemble-laine-enfants-chemise-short\/","name":"Ensemble short chemise en lin pour enfants - BBonjour Kids","isPartOf":{"@id":"https:\/\/bbonjour-kids.com\/#website"},"primaryImageOfPage":{"@id":"https:\/\/bbonjour-kids.com\/shop\/tenus-2-pieces\/ensemble-laine-enfants-chemise-short\/#primaryimage"},"image":{"@id":"https:\/\/bbonjour-kids.com\/shop\/tenus-2-pieces\/ensemble-laine-enfants-chemise-short\/#primaryimage"},"thumbnailUrl":"https:\/\/bbonjour-kids.com\/wp-content\/uploads\/2024\/07\/701cda7f-23b2-4f20-91ab-cc9c76c798fe.webp","datePublished":"2024-07-09T10:21:15+00:00","dateModified":"2024-07-09T10:30:52+00:00","description":"D\u00e9couvrez notre joli ensemble d'\u00e9t\u00e9 deux pi\u00e8ces en lin, directement inspir\u00e9 des tendances de la mode turque ! Parfait pour les journ\u00e9es ensoleill\u00e9e.","breadcrumb":{"@id":"https:\/\/bbonjour-kids.com\/shop\/tenus-2-pieces\/ensemble-laine-enfants-chemise-short\/#breadcrumb"},"inLanguage":"ar","potentialAction":[{"@type":"ReadAction","target":["https:\/\/bbonjour-kids.com\/shop\/tenus-2-pieces\/ensemble-laine-enfants-chemise-short\/"]}]},{"@type":"ImageObject","inLanguage":"ar","@id":"https:\/\/bbonjour-kids.com\/shop\/tenus-2-pieces\/ensemble-laine-enfants-chemise-short\/#primaryimage","url":"https:\/\/bbonjour-kids.com\/wp-content\/uploads\/2024\/07\/701cda7f-23b2-4f20-91ab-cc9c76c798fe.webp","contentUrl":"https:\/\/bbonjour-kids.com\/wp-content\/uploads\/2024\/07\/701cda7f-23b2-4f20-91ab-cc9c76c798fe.webp","width":1280,"height":1280},{"@type":"BreadcrumbList","@id":"https:\/\/bbonjour-kids.com\/shop\/tenus-2-pieces\/ensemble-laine-enfants-chemise-short\/#breadcrumb","itemListElement":[{"@type":"ListItem","position":1,"name":"Accueil","item":"https:\/\/bbonjour-kids.com\/"},{"@type":"ListItem","position":2,"name":"\u0627\u0644\u0645\u062a\u062c\u0631","item":"https:\/\/bbonjour-kids.com\/shop\/"},{"@type":"ListItem","position":3,"name":"Ensemble short chemise en lin pour enfants"}]},{"@type":"WebSite","@id":"https:\/\/bbonjour-kids.com\/#website","url":"https:\/\/bbonjour-kids.com\/","name":"BBonjour Kids","description":"D\u00e9couvrez Bbonjour kids, votre boutique en ligne de v\u00eatements pour enfants. Des collections modernes, confortables et de qualit\u00e9 pour habiller vos petits avec style. Profitez de nos offres exclusives et de la livraison rapide !","publisher":{"@id":"https:\/\/bbonjour-kids.com\/#organization"},"alternateName":"BBonjour Kids","potentialAction":[{"@type":"SearchAction","target":{"@type":"EntryPoint","urlTemplate":"https:\/\/bbonjour-kids.com\/?s={search_term_string}"},"query-input":"required name=search_term_string"}],"inLanguage":"ar"},{"@type":"Organization","@id":"https:\/\/bbonjour-kids.com\/#organization","name":"%%sitename%%","alternateName":"BBonjour Kids","url":"https:\/\/bbonjour-kids.com\/","logo":{"@type":"ImageObject","inLanguage":"ar","@id":"https:\/\/bbonjour-kids.com\/#\/schema\/logo\/image\/","url":"https:\/\/bbonjour-kids.com\/wp-content\/uploads\/2024\/06\/cropped-logo-bbonjout-kids.png","contentUrl":"https:\/\/bbonjour-kids.com\/wp-content\/uploads\/2024\/06\/cropped-logo-bbonjout-kids.png","width":512,"height":512,"caption":"%%sitename%%"},"image":{"@id":"https:\/\/bbonjour-kids.com\/#\/schema\/logo\/image\/"},"sameAs":["https:\/\/www.facebook.com\/search\/top?q=bbbonjourkids"],"email":"info@bbonjour-kids.com","legalName":"Bbonjour kids"}]},"product_price_amount":"4200.00","product_price_currency":"DZD","og_availability":"instock","product_availability":"instock","product_condition":"new"},"jetpack_sharing_enabled":true,"_links":{"self":[{"href":"https:\/\/bbonjour-kids.com\/ar\/wp-json\/wp\/v2\/product\/17066"}],"collection":[{"href":"https:\/\/bbonjour-kids.com\/ar\/wp-json\/wp\/v2\/product"}],"about":[{"href":"https:\/\/bbonjour-kids.com\/ar\/wp-json\/wp\/v2\/types\/product"}],"replies":[{"embeddable":true,"href":"https:\/\/bbonjour-kids.com\/ar\/wp-json\/wp\/v2\/comments?post=17066"}],"version-history":[{"count":2,"href":"https:\/\/bbonjour-kids.com\/ar\/wp-json\/wp\/v2\/product\/17066\/revisions"}],"predecessor-version":[{"id":17069,"href":"https:\/\/bbonjour-kids.com\/ar\/wp-json\/wp\/v2\/product\/17066\/revisions\/17069"}],"wp:featuredmedia":[{"embeddable":true,"href":"https:\/\/bbonjour-kids.com\/ar\/wp-json\/wp\/v2\/media\/17061"}],"wp:attachment":[{"href":"https:\/\/bbonjour-kids.com\/ar\/wp-json\/wp\/v2\/media?parent=17066"}],"wp:term":[{"taxonomy":"product_cat","embeddable":true,"href":"https:\/\/bbonjour-kids.com\/ar\/wp-json\/wp\/v2\/product_cat?post=17066"},{"taxonomy":"product_tag","embeddable":true,"href":"https:\/\/bbonjour-kids.com\/ar\/wp-json\/wp\/v2\/product_tag?post=17066"}],"curies":[{"name":"wp","href":"https:\/\/api.w.org\/{rel}","templated":true}]}}