{"id":17074,"date":"2024-07-09T11:58:29","date_gmt":"2024-07-09T10:58:29","guid":{"rendered":"https:\/\/bbonjour-kids.com\/product\/salopette-verte-en-lin-pour-filles\/"},"modified":"2024-07-09T11:59:53","modified_gmt":"2024-07-09T10:59:53","slug":"salopette-verte-en-lin-pour-filles","status":"publish","type":"product","link":"https:\/\/bbonjour-kids.com\/ar\/shop\/%d8%b3%d8%a7%d9%84%d9%88%d8%a8%d8%a7%d8%aa\/salopette-verte-en-lin-pour-filles\/","title":{"rendered":"Salopette Verte en Lin pour filles"},"content":{"rendered":"<p>D\u00e9couvrez notre ravissante <strong>salopette en lin<\/strong> pour fille, inspir\u00e9e des derni\u00e8res tendances estivales <strong>turques<\/strong> ! Con\u00e7ue dans un vert rafra\u00eechissant, cette salopette allie confort et style avec sa mati\u00e8re l\u00e9g\u00e8re et respirante, parfaite pour les journ\u00e9es ensoleill\u00e9es. Elle est accompagn\u00e9e d&#8217;un t-shirt blanc orn\u00e9 d&#8217;un joli dessin, ajoutant une touche de douceur et d&#8217;\u00e9l\u00e9gance \u00e0 l&#8217;ensemble. Id\u00e9ale pour les moments de jeu et les escapades estivales, cette tenue est un incontournable de la garde-robe estivale de votre enfant. Offrez-lui un look adorable et pratique avec cette salopette turque qui allie qualit\u00e9 et charme en toute saison !<\/p>\n","protected":false},"excerpt":{"rendered":"<p>Notre salopette en lin pour fille, inspir\u00e9e par l&#8217;\u00e9l\u00e9gance turque. Avec sa couleur verte rafra\u00eechissante et son t-shirt blanc d\u00e9cor\u00e9 d&#8217;un dessin charmant.<\/p>\n","protected":false},"featured_media":17072,"comment_status":"closed","ping_status":"closed","template":"","meta":[],"product_cat":[131],"product_tag":[],"yoast_head":"<!-- This site is optimized with the Yoast SEO Premium plugin v22.8 (Yoast SEO v23.0) - https:\/\/yoast.com\/wordpress\/plugins\/seo\/ -->\n<title>Salopette Verte en Lin pour filles - BBonjour Kids<\/title>\n<meta name=\"description\" content=\"Notre salopette en lin pour fille, inspir\u00e9e par l&#039;\u00e9l\u00e9gance turque. Avec sa couleur verte rafra\u00eechissante et son t-shirt blanc d\u00e9cor\u00e9 d&#039;un dessin charmant.\" \/>\n<meta name=\"robots\" content=\"index, follow, max-snippet:-1, max-image-preview:large, max-video-preview:-1\" \/>\n<link rel=\"canonical\" href=\"https:\/\/bbonjour-kids.com\/shop\/salopettes\/salopette-verte-en-lin-pour-filles\/\" \/>\n<meta property=\"og:locale\" content=\"ar_AR\" \/>\n<meta property=\"og:type\" content=\"article\" \/>\n<meta property=\"og:title\" content=\"Salopette Verte en Lin pour filles\" \/>\n<meta property=\"og:description\" content=\"Notre salopette en lin pour fille, inspir\u00e9e par l&#039;\u00e9l\u00e9gance turque. Avec sa couleur verte rafra\u00eechissante et son t-shirt blanc d\u00e9cor\u00e9 d&#039;un dessin charmant.\" \/>\n<meta property=\"og:url\" content=\"https:\/\/bbonjour-kids.com\/shop\/salopettes\/salopette-verte-en-lin-pour-filles\/\" \/>\n<meta property=\"og:site_name\" content=\"BBonjour Kids\" \/>\n<meta property=\"article:publisher\" content=\"https:\/\/www.facebook.com\/search\/top?q=bbbonjourkids\" \/>\n<meta property=\"article:modified_time\" content=\"2024-07-09T10:59:53+00:00\" \/>\n<meta property=\"og:image\" content=\"https:\/\/bbonjour-kids.com\/wp-content\/uploads\/2024\/07\/salopette.jpeg\" \/>\n\t<meta property=\"og:image:width\" content=\"1280\" \/>\n\t<meta property=\"og:image:height\" content=\"1280\" \/>\n\t<meta property=\"og:image:type\" content=\"image\/jpeg\" \/>\n<meta name=\"twitter:card\" content=\"summary_large_image\" \/>\n<meta name=\"twitter:label1\" content=\"\u0627\u0644\u0633\u0639\u0631\" \/>\n\t<meta name=\"twitter:data1\" content=\"&#x62f;.&#x62c;&nbsp;3500,00\" \/>\n\t<meta name=\"twitter:label2\" content=\"\u0627\u0644\u062a\u0648\u0641\u0631\" \/>\n\t<meta name=\"twitter:data2\" content=\"\u0645\u062a\u0648\u0641\u0631 \u0641\u064a \u0627\u0644\u0645\u062e\u0632\u0648\u0646\" \/>\n<script type=\"application\/ld+json\" class=\"yoast-schema-graph\">{\"@context\":\"https:\/\/schema.org\",\"@graph\":[{\"@type\":\"WebPage\",\"@id\":\"https:\/\/bbonjour-kids.com\/shop\/salopettes\/salopette-verte-en-lin-pour-filles\/\",\"url\":\"https:\/\/bbonjour-kids.com\/shop\/salopettes\/salopette-verte-en-lin-pour-filles\/\",\"name\":\"Salopette Verte en Lin pour filles - BBonjour Kids\",\"isPartOf\":{\"@id\":\"https:\/\/bbonjour-kids.com\/#website\"},\"primaryImageOfPage\":{\"@id\":\"https:\/\/bbonjour-kids.com\/shop\/salopettes\/salopette-verte-en-lin-pour-filles\/#primaryimage\"},\"image\":{\"@id\":\"https:\/\/bbonjour-kids.com\/shop\/salopettes\/salopette-verte-en-lin-pour-filles\/#primaryimage\"},\"thumbnailUrl\":\"https:\/\/bbonjour-kids.com\/wp-content\/uploads\/2024\/07\/salopette.jpeg\",\"datePublished\":\"2024-07-09T10:58:29+00:00\",\"dateModified\":\"2024-07-09T10:59:53+00:00\",\"description\":\"Notre salopette en lin pour fille, inspir\u00e9e par l'\u00e9l\u00e9gance turque. Avec sa couleur verte rafra\u00eechissante et son t-shirt blanc d\u00e9cor\u00e9 d'un dessin charmant.\",\"breadcrumb\":{\"@id\":\"https:\/\/bbonjour-kids.com\/shop\/salopettes\/salopette-verte-en-lin-pour-filles\/#breadcrumb\"},\"inLanguage\":\"ar\",\"potentialAction\":[{\"@type\":\"ReadAction\",\"target\":[\"https:\/\/bbonjour-kids.com\/shop\/salopettes\/salopette-verte-en-lin-pour-filles\/\"]}]},{\"@type\":\"ImageObject\",\"inLanguage\":\"ar\",\"@id\":\"https:\/\/bbonjour-kids.com\/shop\/salopettes\/salopette-verte-en-lin-pour-filles\/#primaryimage\",\"url\":\"https:\/\/bbonjour-kids.com\/wp-content\/uploads\/2024\/07\/salopette.jpeg\",\"contentUrl\":\"https:\/\/bbonjour-kids.com\/wp-content\/uploads\/2024\/07\/salopette.jpeg\",\"width\":1280,\"height\":1280},{\"@type\":\"BreadcrumbList\",\"@id\":\"https:\/\/bbonjour-kids.com\/shop\/salopettes\/salopette-verte-en-lin-pour-filles\/#breadcrumb\",\"itemListElement\":[{\"@type\":\"ListItem\",\"position\":1,\"name\":\"Accueil\",\"item\":\"https:\/\/bbonjour-kids.com\/\"},{\"@type\":\"ListItem\",\"position\":2,\"name\":\"\u0627\u0644\u0645\u062a\u062c\u0631\",\"item\":\"https:\/\/bbonjour-kids.com\/shop\/\"},{\"@type\":\"ListItem\",\"position\":3,\"name\":\"Salopette Verte en Lin pour filles\"}]},{\"@type\":\"WebSite\",\"@id\":\"https:\/\/bbonjour-kids.com\/#website\",\"url\":\"https:\/\/bbonjour-kids.com\/\",\"name\":\"BBonjour Kids\",\"description\":\"D\u00e9couvrez Bbonjour kids, votre boutique en ligne de v\u00eatements pour enfants. Des collections modernes, confortables et de qualit\u00e9 pour habiller vos petits avec style. Profitez de nos offres exclusives et de la livraison rapide !\",\"publisher\":{\"@id\":\"https:\/\/bbonjour-kids.com\/#organization\"},\"alternateName\":\"BBonjour Kids\",\"potentialAction\":[{\"@type\":\"SearchAction\",\"target\":{\"@type\":\"EntryPoint\",\"urlTemplate\":\"https:\/\/bbonjour-kids.com\/?s={search_term_string}\"},\"query-input\":\"required name=search_term_string\"}],\"inLanguage\":\"ar\"},{\"@type\":\"Organization\",\"@id\":\"https:\/\/bbonjour-kids.com\/#organization\",\"name\":\"%%sitename%%\",\"alternateName\":\"BBonjour Kids\",\"url\":\"https:\/\/bbonjour-kids.com\/\",\"logo\":{\"@type\":\"ImageObject\",\"inLanguage\":\"ar\",\"@id\":\"https:\/\/bbonjour-kids.com\/#\/schema\/logo\/image\/\",\"url\":\"https:\/\/bbonjour-kids.com\/wp-content\/uploads\/2024\/06\/cropped-logo-bbonjout-kids.png\",\"contentUrl\":\"https:\/\/bbonjour-kids.com\/wp-content\/uploads\/2024\/06\/cropped-logo-bbonjout-kids.png\",\"width\":512,\"height\":512,\"caption\":\"%%sitename%%\"},\"image\":{\"@id\":\"https:\/\/bbonjour-kids.com\/#\/schema\/logo\/image\/\"},\"sameAs\":[\"https:\/\/www.facebook.com\/search\/top?q=bbbonjourkids\"],\"email\":\"info@bbonjour-kids.com\",\"legalName\":\"Bbonjour kids\"}]}<\/script>\n<meta property=\"product:price:amount\" content=\"3500.00\" \/>\n<meta property=\"product:price:currency\" content=\"DZD\" \/>\n<meta property=\"og:availability\" content=\"instock\" \/>\n<meta property=\"product:availability\" content=\"instock\" \/>\n<meta property=\"product:condition\" content=\"new\" \/>\n<!-- \/ Yoast SEO Premium plugin. -->","yoast_head_json":{"title":"Salopette Verte en Lin pour filles - BBonjour Kids","description":"Notre salopette en lin pour fille, inspir\u00e9e par l'\u00e9l\u00e9gance turque. Avec sa couleur verte rafra\u00eechissante et son t-shirt blanc d\u00e9cor\u00e9 d'un dessin charmant.","robots":{"index":"index","follow":"follow","max-snippet":"max-snippet:-1","max-image-preview":"max-image-preview:large","max-video-preview":"max-video-preview:-1"},"canonical":"https:\/\/bbonjour-kids.com\/shop\/salopettes\/salopette-verte-en-lin-pour-filles\/","og_locale":"ar_AR","og_type":"article","og_title":"Salopette Verte en Lin pour filles","og_description":"Notre salopette en lin pour fille, inspir\u00e9e par l'\u00e9l\u00e9gance turque. Avec sa couleur verte rafra\u00eechissante et son t-shirt blanc d\u00e9cor\u00e9 d'un dessin charmant.","og_url":"https:\/\/bbonjour-kids.com\/shop\/salopettes\/salopette-verte-en-lin-pour-filles\/","og_site_name":"BBonjour Kids","article_publisher":"https:\/\/www.facebook.com\/search\/top?q=bbbonjourkids","article_modified_time":"2024-07-09T10:59:53+00:00","og_image":[{"width":1280,"height":1280,"url":"https:\/\/bbonjour-kids.com\/wp-content\/uploads\/2024\/07\/salopette.jpeg","type":"image\/jpeg"}],"twitter_card":"summary_large_image","twitter_misc":{"\u0627\u0644\u0633\u0639\u0631":"&#x62f;.&#x62c;&nbsp;3500,00","\u0627\u0644\u062a\u0648\u0641\u0631":"\u0645\u062a\u0648\u0641\u0631 \u0641\u064a \u0627\u0644\u0645\u062e\u0632\u0648\u0646"},"schema":{"@context":"https:\/\/schema.org","@graph":[{"@type":"WebPage","@id":"https:\/\/bbonjour-kids.com\/shop\/salopettes\/salopette-verte-en-lin-pour-filles\/","url":"https:\/\/bbonjour-kids.com\/shop\/salopettes\/salopette-verte-en-lin-pour-filles\/","name":"Salopette Verte en Lin pour filles - BBonjour Kids","isPartOf":{"@id":"https:\/\/bbonjour-kids.com\/#website"},"primaryImageOfPage":{"@id":"https:\/\/bbonjour-kids.com\/shop\/salopettes\/salopette-verte-en-lin-pour-filles\/#primaryimage"},"image":{"@id":"https:\/\/bbonjour-kids.com\/shop\/salopettes\/salopette-verte-en-lin-pour-filles\/#primaryimage"},"thumbnailUrl":"https:\/\/bbonjour-kids.com\/wp-content\/uploads\/2024\/07\/salopette.jpeg","datePublished":"2024-07-09T10:58:29+00:00","dateModified":"2024-07-09T10:59:53+00:00","description":"Notre salopette en lin pour fille, inspir\u00e9e par l'\u00e9l\u00e9gance turque. Avec sa couleur verte rafra\u00eechissante et son t-shirt blanc d\u00e9cor\u00e9 d'un dessin charmant.","breadcrumb":{"@id":"https:\/\/bbonjour-kids.com\/shop\/salopettes\/salopette-verte-en-lin-pour-filles\/#breadcrumb"},"inLanguage":"ar","potentialAction":[{"@type":"ReadAction","target":["https:\/\/bbonjour-kids.com\/shop\/salopettes\/salopette-verte-en-lin-pour-filles\/"]}]},{"@type":"ImageObject","inLanguage":"ar","@id":"https:\/\/bbonjour-kids.com\/shop\/salopettes\/salopette-verte-en-lin-pour-filles\/#primaryimage","url":"https:\/\/bbonjour-kids.com\/wp-content\/uploads\/2024\/07\/salopette.jpeg","contentUrl":"https:\/\/bbonjour-kids.com\/wp-content\/uploads\/2024\/07\/salopette.jpeg","width":1280,"height":1280},{"@type":"BreadcrumbList","@id":"https:\/\/bbonjour-kids.com\/shop\/salopettes\/salopette-verte-en-lin-pour-filles\/#breadcrumb","itemListElement":[{"@type":"ListItem","position":1,"name":"Accueil","item":"https:\/\/bbonjour-kids.com\/"},{"@type":"ListItem","position":2,"name":"\u0627\u0644\u0645\u062a\u062c\u0631","item":"https:\/\/bbonjour-kids.com\/shop\/"},{"@type":"ListItem","position":3,"name":"Salopette Verte en Lin pour filles"}]},{"@type":"WebSite","@id":"https:\/\/bbonjour-kids.com\/#website","url":"https:\/\/bbonjour-kids.com\/","name":"BBonjour Kids","description":"D\u00e9couvrez Bbonjour kids, votre boutique en ligne de v\u00eatements pour enfants. Des collections modernes, confortables et de qualit\u00e9 pour habiller vos petits avec style. Profitez de nos offres exclusives et de la livraison rapide !","publisher":{"@id":"https:\/\/bbonjour-kids.com\/#organization"},"alternateName":"BBonjour Kids","potentialAction":[{"@type":"SearchAction","target":{"@type":"EntryPoint","urlTemplate":"https:\/\/bbonjour-kids.com\/?s={search_term_string}"},"query-input":"required name=search_term_string"}],"inLanguage":"ar"},{"@type":"Organization","@id":"https:\/\/bbonjour-kids.com\/#organization","name":"%%sitename%%","alternateName":"BBonjour Kids","url":"https:\/\/bbonjour-kids.com\/","logo":{"@type":"ImageObject","inLanguage":"ar","@id":"https:\/\/bbonjour-kids.com\/#\/schema\/logo\/image\/","url":"https:\/\/bbonjour-kids.com\/wp-content\/uploads\/2024\/06\/cropped-logo-bbonjout-kids.png","contentUrl":"https:\/\/bbonjour-kids.com\/wp-content\/uploads\/2024\/06\/cropped-logo-bbonjout-kids.png","width":512,"height":512,"caption":"%%sitename%%"},"image":{"@id":"https:\/\/bbonjour-kids.com\/#\/schema\/logo\/image\/"},"sameAs":["https:\/\/www.facebook.com\/search\/top?q=bbbonjourkids"],"email":"info@bbonjour-kids.com","legalName":"Bbonjour kids"}]},"product_price_amount":"3500.00","product_price_currency":"DZD","og_availability":"instock","product_availability":"instock","product_condition":"new"},"jetpack_sharing_enabled":true,"_links":{"self":[{"href":"https:\/\/bbonjour-kids.com\/ar\/wp-json\/wp\/v2\/product\/17074"}],"collection":[{"href":"https:\/\/bbonjour-kids.com\/ar\/wp-json\/wp\/v2\/product"}],"about":[{"href":"https:\/\/bbonjour-kids.com\/ar\/wp-json\/wp\/v2\/types\/product"}],"replies":[{"embeddable":true,"href":"https:\/\/bbonjour-kids.com\/ar\/wp-json\/wp\/v2\/comments?post=17074"}],"version-history":[{"count":1,"href":"https:\/\/bbonjour-kids.com\/ar\/wp-json\/wp\/v2\/product\/17074\/revisions"}],"predecessor-version":[{"id":17075,"href":"https:\/\/bbonjour-kids.com\/ar\/wp-json\/wp\/v2\/product\/17074\/revisions\/17075"}],"wp:featuredmedia":[{"embeddable":true,"href":"https:\/\/bbonjour-kids.com\/ar\/wp-json\/wp\/v2\/media\/17072"}],"wp:attachment":[{"href":"https:\/\/bbonjour-kids.com\/ar\/wp-json\/wp\/v2\/media?parent=17074"}],"wp:term":[{"taxonomy":"product_cat","embeddable":true,"href":"https:\/\/bbonjour-kids.com\/ar\/wp-json\/wp\/v2\/product_cat?post=17074"},{"taxonomy":"product_tag","embeddable":true,"href":"https:\/\/bbonjour-kids.com\/ar\/wp-json\/wp\/v2\/product_tag?post=17074"}],"curies":[{"name":"wp","href":"https:\/\/api.w.org\/{rel}","templated":true}]}}