{"id":17080,"date":"2024-07-09T12:11:35","date_gmt":"2024-07-09T11:11:35","guid":{"rendered":"https:\/\/bbonjour-kids.com\/product\/ensemble-t-shirt-et-pantalon-noir\/"},"modified":"2024-07-09T12:27:44","modified_gmt":"2024-07-09T11:27:44","slug":"ensemble-t-shirt-et-pantalon-noir","status":"publish","type":"product","link":"https:\/\/bbonjour-kids.com\/ar\/shop\/%d9%84%d8%a8%d8%a7%d8%b3-%d9%82%d8%b7%d8%b9%d8%aa%d9%8a%d9%86\/ensemble-t-shirt-et-pantalon-noir\/","title":{"rendered":"Ensemble T-shirt et Pantalon Noir"},"content":{"rendered":"","protected":false},"excerpt":{"rendered":"<p>D\u00e9couvrez notre ensemble filles de qualit\u00e9 <strong>sup\u00e9rieure<\/strong>, inspir\u00e9 des tendances <strong>turques<\/strong> : un pantalon noir \u00e9l\u00e9gant et un joli t-shirt ray\u00e9 noir et blanc<\/p>\n","protected":false},"featured_media":17078,"comment_status":"closed","ping_status":"closed","template":"","meta":[],"product_cat":[133],"product_tag":[],"yoast_head":"<!-- This site is optimized with the Yoast SEO Premium plugin v22.8 (Yoast SEO v23.0) - https:\/\/yoast.com\/wordpress\/plugins\/seo\/ -->\n<title>Ensemble T-shirt et Pantalon Noir - BBonjour Kids<\/title>\n<meta name=\"description\" content=\"D\u00e9couvrez notre ensemble filles de qualit\u00e9 sup\u00e9rieure, inspir\u00e9 des tendances turques : un pantalon noir \u00e9l\u00e9gant et un joli t-shirt ray\u00e9 noir et blanc\" \/>\n<meta name=\"robots\" content=\"index, follow, max-snippet:-1, max-image-preview:large, max-video-preview:-1\" \/>\n<link rel=\"canonical\" href=\"https:\/\/bbonjour-kids.com\/shop\/tenus-2-pieces\/ensemble-t-shirt-et-pantalon-noir\/\" \/>\n<meta property=\"og:locale\" content=\"ar_AR\" \/>\n<meta property=\"og:type\" content=\"article\" \/>\n<meta property=\"og:title\" content=\"Ensemble T-shirt et Pantalon Noir\" \/>\n<meta property=\"og:description\" content=\"D\u00e9couvrez notre ensemble filles de qualit\u00e9 sup\u00e9rieure, inspir\u00e9 des tendances turques : un pantalon noir \u00e9l\u00e9gant et un joli t-shirt ray\u00e9 noir et blanc\" \/>\n<meta property=\"og:url\" content=\"https:\/\/bbonjour-kids.com\/shop\/tenus-2-pieces\/ensemble-t-shirt-et-pantalon-noir\/\" \/>\n<meta property=\"og:site_name\" content=\"BBonjour Kids\" \/>\n<meta property=\"article:publisher\" content=\"https:\/\/www.facebook.com\/search\/top?q=bbbonjourkids\" \/>\n<meta property=\"article:modified_time\" content=\"2024-07-09T11:27:44+00:00\" \/>\n<meta property=\"og:image\" content=\"https:\/\/bbonjour-kids.com\/wp-content\/uploads\/2024\/07\/noir.jpeg\" \/>\n\t<meta property=\"og:image:width\" content=\"1280\" \/>\n\t<meta property=\"og:image:height\" content=\"1280\" \/>\n\t<meta property=\"og:image:type\" content=\"image\/jpeg\" \/>\n<meta name=\"twitter:card\" content=\"summary_large_image\" \/>\n<meta name=\"twitter:label1\" content=\"\u0627\u0644\u0633\u0639\u0631\" \/>\n\t<meta name=\"twitter:data1\" content=\"&#x62f;.&#x62c;&nbsp;3600,00\" \/>\n\t<meta name=\"twitter:label2\" content=\"\u0627\u0644\u062a\u0648\u0641\u0631\" \/>\n\t<meta name=\"twitter:data2\" content=\"\u0645\u062a\u0648\u0641\u0631 \u0641\u064a \u0627\u0644\u0645\u062e\u0632\u0648\u0646\" \/>\n<script type=\"application\/ld+json\" class=\"yoast-schema-graph\">{\"@context\":\"https:\/\/schema.org\",\"@graph\":[{\"@type\":\"WebPage\",\"@id\":\"https:\/\/bbonjour-kids.com\/shop\/tenus-2-pieces\/ensemble-t-shirt-et-pantalon-noir\/\",\"url\":\"https:\/\/bbonjour-kids.com\/shop\/tenus-2-pieces\/ensemble-t-shirt-et-pantalon-noir\/\",\"name\":\"Ensemble T-shirt et Pantalon Noir - BBonjour Kids\",\"isPartOf\":{\"@id\":\"https:\/\/bbonjour-kids.com\/#website\"},\"primaryImageOfPage\":{\"@id\":\"https:\/\/bbonjour-kids.com\/shop\/tenus-2-pieces\/ensemble-t-shirt-et-pantalon-noir\/#primaryimage\"},\"image\":{\"@id\":\"https:\/\/bbonjour-kids.com\/shop\/tenus-2-pieces\/ensemble-t-shirt-et-pantalon-noir\/#primaryimage\"},\"thumbnailUrl\":\"https:\/\/bbonjour-kids.com\/wp-content\/uploads\/2024\/07\/noir.jpeg\",\"datePublished\":\"2024-07-09T11:11:35+00:00\",\"dateModified\":\"2024-07-09T11:27:44+00:00\",\"description\":\"D\u00e9couvrez notre ensemble filles de qualit\u00e9 sup\u00e9rieure, inspir\u00e9 des tendances turques : un pantalon noir \u00e9l\u00e9gant et un joli t-shirt ray\u00e9 noir et blanc\",\"breadcrumb\":{\"@id\":\"https:\/\/bbonjour-kids.com\/shop\/tenus-2-pieces\/ensemble-t-shirt-et-pantalon-noir\/#breadcrumb\"},\"inLanguage\":\"ar\",\"potentialAction\":[{\"@type\":\"ReadAction\",\"target\":[\"https:\/\/bbonjour-kids.com\/shop\/tenus-2-pieces\/ensemble-t-shirt-et-pantalon-noir\/\"]}]},{\"@type\":\"ImageObject\",\"inLanguage\":\"ar\",\"@id\":\"https:\/\/bbonjour-kids.com\/shop\/tenus-2-pieces\/ensemble-t-shirt-et-pantalon-noir\/#primaryimage\",\"url\":\"https:\/\/bbonjour-kids.com\/wp-content\/uploads\/2024\/07\/noir.jpeg\",\"contentUrl\":\"https:\/\/bbonjour-kids.com\/wp-content\/uploads\/2024\/07\/noir.jpeg\",\"width\":1280,\"height\":1280},{\"@type\":\"BreadcrumbList\",\"@id\":\"https:\/\/bbonjour-kids.com\/shop\/tenus-2-pieces\/ensemble-t-shirt-et-pantalon-noir\/#breadcrumb\",\"itemListElement\":[{\"@type\":\"ListItem\",\"position\":1,\"name\":\"Accueil\",\"item\":\"https:\/\/bbonjour-kids.com\/\"},{\"@type\":\"ListItem\",\"position\":2,\"name\":\"\u0627\u0644\u0645\u062a\u062c\u0631\",\"item\":\"https:\/\/bbonjour-kids.com\/shop\/\"},{\"@type\":\"ListItem\",\"position\":3,\"name\":\"Ensemble T-shirt et Pantalon Noir\"}]},{\"@type\":\"WebSite\",\"@id\":\"https:\/\/bbonjour-kids.com\/#website\",\"url\":\"https:\/\/bbonjour-kids.com\/\",\"name\":\"BBonjour Kids\",\"description\":\"D\u00e9couvrez Bbonjour kids, votre boutique en ligne de v\u00eatements pour enfants. Des collections modernes, confortables et de qualit\u00e9 pour habiller vos petits avec style. Profitez de nos offres exclusives et de la livraison rapide !\",\"publisher\":{\"@id\":\"https:\/\/bbonjour-kids.com\/#organization\"},\"alternateName\":\"BBonjour Kids\",\"potentialAction\":[{\"@type\":\"SearchAction\",\"target\":{\"@type\":\"EntryPoint\",\"urlTemplate\":\"https:\/\/bbonjour-kids.com\/?s={search_term_string}\"},\"query-input\":\"required name=search_term_string\"}],\"inLanguage\":\"ar\"},{\"@type\":\"Organization\",\"@id\":\"https:\/\/bbonjour-kids.com\/#organization\",\"name\":\"%%sitename%%\",\"alternateName\":\"BBonjour Kids\",\"url\":\"https:\/\/bbonjour-kids.com\/\",\"logo\":{\"@type\":\"ImageObject\",\"inLanguage\":\"ar\",\"@id\":\"https:\/\/bbonjour-kids.com\/#\/schema\/logo\/image\/\",\"url\":\"https:\/\/bbonjour-kids.com\/wp-content\/uploads\/2024\/06\/cropped-logo-bbonjout-kids.png\",\"contentUrl\":\"https:\/\/bbonjour-kids.com\/wp-content\/uploads\/2024\/06\/cropped-logo-bbonjout-kids.png\",\"width\":512,\"height\":512,\"caption\":\"%%sitename%%\"},\"image\":{\"@id\":\"https:\/\/bbonjour-kids.com\/#\/schema\/logo\/image\/\"},\"sameAs\":[\"https:\/\/www.facebook.com\/search\/top?q=bbbonjourkids\"],\"email\":\"info@bbonjour-kids.com\",\"legalName\":\"Bbonjour kids\"}]}<\/script>\n<meta property=\"product:price:amount\" content=\"3600.00\" \/>\n<meta property=\"product:price:currency\" content=\"DZD\" \/>\n<meta property=\"og:availability\" content=\"instock\" \/>\n<meta property=\"product:availability\" content=\"instock\" \/>\n<meta property=\"product:condition\" content=\"new\" \/>\n<!-- \/ Yoast SEO Premium plugin. -->","yoast_head_json":{"title":"Ensemble T-shirt et Pantalon Noir - BBonjour Kids","description":"D\u00e9couvrez notre ensemble filles de qualit\u00e9 sup\u00e9rieure, inspir\u00e9 des tendances turques : un pantalon noir \u00e9l\u00e9gant et un joli t-shirt ray\u00e9 noir et blanc","robots":{"index":"index","follow":"follow","max-snippet":"max-snippet:-1","max-image-preview":"max-image-preview:large","max-video-preview":"max-video-preview:-1"},"canonical":"https:\/\/bbonjour-kids.com\/shop\/tenus-2-pieces\/ensemble-t-shirt-et-pantalon-noir\/","og_locale":"ar_AR","og_type":"article","og_title":"Ensemble T-shirt et Pantalon Noir","og_description":"D\u00e9couvrez notre ensemble filles de qualit\u00e9 sup\u00e9rieure, inspir\u00e9 des tendances turques : un pantalon noir \u00e9l\u00e9gant et un joli t-shirt ray\u00e9 noir et blanc","og_url":"https:\/\/bbonjour-kids.com\/shop\/tenus-2-pieces\/ensemble-t-shirt-et-pantalon-noir\/","og_site_name":"BBonjour Kids","article_publisher":"https:\/\/www.facebook.com\/search\/top?q=bbbonjourkids","article_modified_time":"2024-07-09T11:27:44+00:00","og_image":[{"width":1280,"height":1280,"url":"https:\/\/bbonjour-kids.com\/wp-content\/uploads\/2024\/07\/noir.jpeg","type":"image\/jpeg"}],"twitter_card":"summary_large_image","twitter_misc":{"\u0627\u0644\u0633\u0639\u0631":"&#x62f;.&#x62c;&nbsp;3600,00","\u0627\u0644\u062a\u0648\u0641\u0631":"\u0645\u062a\u0648\u0641\u0631 \u0641\u064a \u0627\u0644\u0645\u062e\u0632\u0648\u0646"},"schema":{"@context":"https:\/\/schema.org","@graph":[{"@type":"WebPage","@id":"https:\/\/bbonjour-kids.com\/shop\/tenus-2-pieces\/ensemble-t-shirt-et-pantalon-noir\/","url":"https:\/\/bbonjour-kids.com\/shop\/tenus-2-pieces\/ensemble-t-shirt-et-pantalon-noir\/","name":"Ensemble T-shirt et Pantalon Noir - BBonjour Kids","isPartOf":{"@id":"https:\/\/bbonjour-kids.com\/#website"},"primaryImageOfPage":{"@id":"https:\/\/bbonjour-kids.com\/shop\/tenus-2-pieces\/ensemble-t-shirt-et-pantalon-noir\/#primaryimage"},"image":{"@id":"https:\/\/bbonjour-kids.com\/shop\/tenus-2-pieces\/ensemble-t-shirt-et-pantalon-noir\/#primaryimage"},"thumbnailUrl":"https:\/\/bbonjour-kids.com\/wp-content\/uploads\/2024\/07\/noir.jpeg","datePublished":"2024-07-09T11:11:35+00:00","dateModified":"2024-07-09T11:27:44+00:00","description":"D\u00e9couvrez notre ensemble filles de qualit\u00e9 sup\u00e9rieure, inspir\u00e9 des tendances turques : un pantalon noir \u00e9l\u00e9gant et un joli t-shirt ray\u00e9 noir et blanc","breadcrumb":{"@id":"https:\/\/bbonjour-kids.com\/shop\/tenus-2-pieces\/ensemble-t-shirt-et-pantalon-noir\/#breadcrumb"},"inLanguage":"ar","potentialAction":[{"@type":"ReadAction","target":["https:\/\/bbonjour-kids.com\/shop\/tenus-2-pieces\/ensemble-t-shirt-et-pantalon-noir\/"]}]},{"@type":"ImageObject","inLanguage":"ar","@id":"https:\/\/bbonjour-kids.com\/shop\/tenus-2-pieces\/ensemble-t-shirt-et-pantalon-noir\/#primaryimage","url":"https:\/\/bbonjour-kids.com\/wp-content\/uploads\/2024\/07\/noir.jpeg","contentUrl":"https:\/\/bbonjour-kids.com\/wp-content\/uploads\/2024\/07\/noir.jpeg","width":1280,"height":1280},{"@type":"BreadcrumbList","@id":"https:\/\/bbonjour-kids.com\/shop\/tenus-2-pieces\/ensemble-t-shirt-et-pantalon-noir\/#breadcrumb","itemListElement":[{"@type":"ListItem","position":1,"name":"Accueil","item":"https:\/\/bbonjour-kids.com\/"},{"@type":"ListItem","position":2,"name":"\u0627\u0644\u0645\u062a\u062c\u0631","item":"https:\/\/bbonjour-kids.com\/shop\/"},{"@type":"ListItem","position":3,"name":"Ensemble T-shirt et Pantalon Noir"}]},{"@type":"WebSite","@id":"https:\/\/bbonjour-kids.com\/#website","url":"https:\/\/bbonjour-kids.com\/","name":"BBonjour Kids","description":"D\u00e9couvrez Bbonjour kids, votre boutique en ligne de v\u00eatements pour enfants. Des collections modernes, confortables et de qualit\u00e9 pour habiller vos petits avec style. Profitez de nos offres exclusives et de la livraison rapide !","publisher":{"@id":"https:\/\/bbonjour-kids.com\/#organization"},"alternateName":"BBonjour Kids","potentialAction":[{"@type":"SearchAction","target":{"@type":"EntryPoint","urlTemplate":"https:\/\/bbonjour-kids.com\/?s={search_term_string}"},"query-input":"required name=search_term_string"}],"inLanguage":"ar"},{"@type":"Organization","@id":"https:\/\/bbonjour-kids.com\/#organization","name":"%%sitename%%","alternateName":"BBonjour Kids","url":"https:\/\/bbonjour-kids.com\/","logo":{"@type":"ImageObject","inLanguage":"ar","@id":"https:\/\/bbonjour-kids.com\/#\/schema\/logo\/image\/","url":"https:\/\/bbonjour-kids.com\/wp-content\/uploads\/2024\/06\/cropped-logo-bbonjout-kids.png","contentUrl":"https:\/\/bbonjour-kids.com\/wp-content\/uploads\/2024\/06\/cropped-logo-bbonjout-kids.png","width":512,"height":512,"caption":"%%sitename%%"},"image":{"@id":"https:\/\/bbonjour-kids.com\/#\/schema\/logo\/image\/"},"sameAs":["https:\/\/www.facebook.com\/search\/top?q=bbbonjourkids"],"email":"info@bbonjour-kids.com","legalName":"Bbonjour kids"}]},"product_price_amount":"3600.00","product_price_currency":"DZD","og_availability":"instock","product_availability":"instock","product_condition":"new"},"jetpack_sharing_enabled":true,"_links":{"self":[{"href":"https:\/\/bbonjour-kids.com\/ar\/wp-json\/wp\/v2\/product\/17080"}],"collection":[{"href":"https:\/\/bbonjour-kids.com\/ar\/wp-json\/wp\/v2\/product"}],"about":[{"href":"https:\/\/bbonjour-kids.com\/ar\/wp-json\/wp\/v2\/types\/product"}],"replies":[{"embeddable":true,"href":"https:\/\/bbonjour-kids.com\/ar\/wp-json\/wp\/v2\/comments?post=17080"}],"version-history":[{"count":1,"href":"https:\/\/bbonjour-kids.com\/ar\/wp-json\/wp\/v2\/product\/17080\/revisions"}],"predecessor-version":[{"id":17081,"href":"https:\/\/bbonjour-kids.com\/ar\/wp-json\/wp\/v2\/product\/17080\/revisions\/17081"}],"wp:featuredmedia":[{"embeddable":true,"href":"https:\/\/bbonjour-kids.com\/ar\/wp-json\/wp\/v2\/media\/17078"}],"wp:attachment":[{"href":"https:\/\/bbonjour-kids.com\/ar\/wp-json\/wp\/v2\/media?parent=17080"}],"wp:term":[{"taxonomy":"product_cat","embeddable":true,"href":"https:\/\/bbonjour-kids.com\/ar\/wp-json\/wp\/v2\/product_cat?post=17080"},{"taxonomy":"product_tag","embeddable":true,"href":"https:\/\/bbonjour-kids.com\/ar\/wp-json\/wp\/v2\/product_tag?post=17080"}],"curies":[{"name":"wp","href":"https:\/\/api.w.org\/{rel}","templated":true}]}}