{"id":17100,"date":"2024-07-09T14:20:05","date_gmt":"2024-07-09T13:20:05","guid":{"rendered":"https:\/\/bbonjour-kids.com\/?post_type=product&#038;p=17100"},"modified":"2024-07-09T14:20:34","modified_gmt":"2024-07-09T13:20:34","slug":"salopette-en-jean-pour-filles","status":"publish","type":"product","link":"https:\/\/bbonjour-kids.com\/ar\/shop\/%d8%b3%d8%a7%d9%84%d9%88%d8%a8%d8%a7%d8%aa\/salopette-en-jean-pour-filles\/","title":{"rendered":"Salopette en jean pour filles"},"content":{"rendered":"<p>D\u00e9couvrez la douceur printani\u00e8re avec notre<strong> salopette en jean<\/strong> pour filles, d\u00e9licatement orn\u00e9e de motifs de fleurs roses. \u00c0 la fois tendance et confortable, cette pi\u00e8ce est parfaite pour toutes les aventures estivales. Que ce soit pour jouer en plein air ou pour une journ\u00e9e sp\u00e9ciale, elle offre une silhouette \u00e9l\u00e9gante et un charme intemporel. Offrez \u00e0 votre enfant un look moderne et raffin\u00e9 avec cette salopette qui allie qualit\u00e9 et f\u00e9minit\u00e9 avec \u00e9l\u00e9gance.<\/p>\n","protected":false},"excerpt":{"rendered":"<p>\u00c9veillez la f\u00e9minit\u00e9 et le style avec notre salopette en jean pour filles, orn\u00e9e de d\u00e9licats motifs de fleurs roses.<\/p>\n","protected":false},"featured_media":17101,"comment_status":"closed","ping_status":"closed","template":"","meta":[],"product_cat":[131],"product_tag":[],"yoast_head":"<!-- This site is optimized with the Yoast SEO Premium plugin v22.8 (Yoast SEO v23.0) - https:\/\/yoast.com\/wordpress\/plugins\/seo\/ -->\n<title>Salopette en jean pour filles - BBonjour Kids<\/title>\n<meta name=\"description\" content=\"\u00c9veillez la f\u00e9minit\u00e9 et le style avec notre salopette en jean pour filles, orn\u00e9e de d\u00e9licats motifs de fleurs roses.\" \/>\n<meta name=\"robots\" content=\"index, follow, max-snippet:-1, max-image-preview:large, max-video-preview:-1\" \/>\n<link rel=\"canonical\" href=\"https:\/\/bbonjour-kids.com\/shop\/salopettes\/salopette-en-jean-pour-filles\/\" \/>\n<meta property=\"og:locale\" content=\"ar_AR\" \/>\n<meta property=\"og:type\" content=\"article\" \/>\n<meta property=\"og:title\" content=\"Salopette en jean pour filles\" \/>\n<meta property=\"og:description\" content=\"\u00c9veillez la f\u00e9minit\u00e9 et le style avec notre salopette en jean pour filles, orn\u00e9e de d\u00e9licats motifs de fleurs roses.\" \/>\n<meta property=\"og:url\" content=\"https:\/\/bbonjour-kids.com\/shop\/salopettes\/salopette-en-jean-pour-filles\/\" \/>\n<meta property=\"og:site_name\" content=\"BBonjour Kids\" \/>\n<meta property=\"article:publisher\" content=\"https:\/\/www.facebook.com\/search\/top?q=bbbonjourkids\" \/>\n<meta property=\"article:modified_time\" content=\"2024-07-09T13:20:34+00:00\" \/>\n<meta property=\"og:image\" content=\"https:\/\/bbonjour-kids.com\/wp-content\/uploads\/2024\/07\/salopette.jpg\" \/>\n\t<meta property=\"og:image:width\" content=\"450\" \/>\n\t<meta property=\"og:image:height\" content=\"450\" \/>\n\t<meta property=\"og:image:type\" content=\"image\/jpeg\" \/>\n<meta name=\"twitter:card\" content=\"summary_large_image\" \/>\n<meta name=\"twitter:label1\" content=\"\u0627\u0644\u0633\u0639\u0631\" \/>\n\t<meta name=\"twitter:data1\" content=\"&#x62f;.&#x62c;&nbsp;3200,00\" \/>\n\t<meta name=\"twitter:label2\" content=\"\u0627\u0644\u062a\u0648\u0641\u0631\" \/>\n\t<meta name=\"twitter:data2\" content=\"\u0645\u062a\u0648\u0641\u0631 \u0641\u064a \u0627\u0644\u0645\u062e\u0632\u0648\u0646\" \/>\n<script type=\"application\/ld+json\" class=\"yoast-schema-graph\">{\"@context\":\"https:\/\/schema.org\",\"@graph\":[{\"@type\":\"WebPage\",\"@id\":\"https:\/\/bbonjour-kids.com\/shop\/salopettes\/salopette-en-jean-pour-filles\/\",\"url\":\"https:\/\/bbonjour-kids.com\/shop\/salopettes\/salopette-en-jean-pour-filles\/\",\"name\":\"Salopette en jean pour filles - BBonjour Kids\",\"isPartOf\":{\"@id\":\"https:\/\/bbonjour-kids.com\/#website\"},\"primaryImageOfPage\":{\"@id\":\"https:\/\/bbonjour-kids.com\/shop\/salopettes\/salopette-en-jean-pour-filles\/#primaryimage\"},\"image\":{\"@id\":\"https:\/\/bbonjour-kids.com\/shop\/salopettes\/salopette-en-jean-pour-filles\/#primaryimage\"},\"thumbnailUrl\":\"https:\/\/bbonjour-kids.com\/wp-content\/uploads\/2024\/07\/salopette.jpg\",\"datePublished\":\"2024-07-09T13:20:05+00:00\",\"dateModified\":\"2024-07-09T13:20:34+00:00\",\"description\":\"\u00c9veillez la f\u00e9minit\u00e9 et le style avec notre salopette en jean pour filles, orn\u00e9e de d\u00e9licats motifs de fleurs roses.\",\"breadcrumb\":{\"@id\":\"https:\/\/bbonjour-kids.com\/shop\/salopettes\/salopette-en-jean-pour-filles\/#breadcrumb\"},\"inLanguage\":\"ar\",\"potentialAction\":[{\"@type\":\"ReadAction\",\"target\":[\"https:\/\/bbonjour-kids.com\/shop\/salopettes\/salopette-en-jean-pour-filles\/\"]}]},{\"@type\":\"ImageObject\",\"inLanguage\":\"ar\",\"@id\":\"https:\/\/bbonjour-kids.com\/shop\/salopettes\/salopette-en-jean-pour-filles\/#primaryimage\",\"url\":\"https:\/\/bbonjour-kids.com\/wp-content\/uploads\/2024\/07\/salopette.jpg\",\"contentUrl\":\"https:\/\/bbonjour-kids.com\/wp-content\/uploads\/2024\/07\/salopette.jpg\",\"width\":450,\"height\":450},{\"@type\":\"BreadcrumbList\",\"@id\":\"https:\/\/bbonjour-kids.com\/shop\/salopettes\/salopette-en-jean-pour-filles\/#breadcrumb\",\"itemListElement\":[{\"@type\":\"ListItem\",\"position\":1,\"name\":\"Accueil\",\"item\":\"https:\/\/bbonjour-kids.com\/\"},{\"@type\":\"ListItem\",\"position\":2,\"name\":\"\u0627\u0644\u0645\u062a\u062c\u0631\",\"item\":\"https:\/\/bbonjour-kids.com\/shop\/\"},{\"@type\":\"ListItem\",\"position\":3,\"name\":\"Salopette en jean pour filles\"}]},{\"@type\":\"WebSite\",\"@id\":\"https:\/\/bbonjour-kids.com\/#website\",\"url\":\"https:\/\/bbonjour-kids.com\/\",\"name\":\"BBonjour Kids\",\"description\":\"D\u00e9couvrez Bbonjour kids, votre boutique en ligne de v\u00eatements pour enfants. Des collections modernes, confortables et de qualit\u00e9 pour habiller vos petits avec style. Profitez de nos offres exclusives et de la livraison rapide !\",\"publisher\":{\"@id\":\"https:\/\/bbonjour-kids.com\/#organization\"},\"alternateName\":\"BBonjour Kids\",\"potentialAction\":[{\"@type\":\"SearchAction\",\"target\":{\"@type\":\"EntryPoint\",\"urlTemplate\":\"https:\/\/bbonjour-kids.com\/?s={search_term_string}\"},\"query-input\":\"required name=search_term_string\"}],\"inLanguage\":\"ar\"},{\"@type\":\"Organization\",\"@id\":\"https:\/\/bbonjour-kids.com\/#organization\",\"name\":\"%%sitename%%\",\"alternateName\":\"BBonjour Kids\",\"url\":\"https:\/\/bbonjour-kids.com\/\",\"logo\":{\"@type\":\"ImageObject\",\"inLanguage\":\"ar\",\"@id\":\"https:\/\/bbonjour-kids.com\/#\/schema\/logo\/image\/\",\"url\":\"https:\/\/bbonjour-kids.com\/wp-content\/uploads\/2024\/06\/cropped-logo-bbonjout-kids.png\",\"contentUrl\":\"https:\/\/bbonjour-kids.com\/wp-content\/uploads\/2024\/06\/cropped-logo-bbonjout-kids.png\",\"width\":512,\"height\":512,\"caption\":\"%%sitename%%\"},\"image\":{\"@id\":\"https:\/\/bbonjour-kids.com\/#\/schema\/logo\/image\/\"},\"sameAs\":[\"https:\/\/www.facebook.com\/search\/top?q=bbbonjourkids\"],\"email\":\"info@bbonjour-kids.com\",\"legalName\":\"Bbonjour kids\"}]}<\/script>\n<meta property=\"product:price:amount\" content=\"3200.00\" \/>\n<meta property=\"product:price:currency\" content=\"DZD\" \/>\n<meta property=\"og:availability\" content=\"instock\" \/>\n<meta property=\"product:availability\" content=\"instock\" \/>\n<meta property=\"product:condition\" content=\"new\" \/>\n<!-- \/ Yoast SEO Premium plugin. -->","yoast_head_json":{"title":"Salopette en jean pour filles - BBonjour Kids","description":"\u00c9veillez la f\u00e9minit\u00e9 et le style avec notre salopette en jean pour filles, orn\u00e9e de d\u00e9licats motifs de fleurs roses.","robots":{"index":"index","follow":"follow","max-snippet":"max-snippet:-1","max-image-preview":"max-image-preview:large","max-video-preview":"max-video-preview:-1"},"canonical":"https:\/\/bbonjour-kids.com\/shop\/salopettes\/salopette-en-jean-pour-filles\/","og_locale":"ar_AR","og_type":"article","og_title":"Salopette en jean pour filles","og_description":"\u00c9veillez la f\u00e9minit\u00e9 et le style avec notre salopette en jean pour filles, orn\u00e9e de d\u00e9licats motifs de fleurs roses.","og_url":"https:\/\/bbonjour-kids.com\/shop\/salopettes\/salopette-en-jean-pour-filles\/","og_site_name":"BBonjour Kids","article_publisher":"https:\/\/www.facebook.com\/search\/top?q=bbbonjourkids","article_modified_time":"2024-07-09T13:20:34+00:00","og_image":[{"width":450,"height":450,"url":"https:\/\/bbonjour-kids.com\/wp-content\/uploads\/2024\/07\/salopette.jpg","type":"image\/jpeg"}],"twitter_card":"summary_large_image","twitter_misc":{"\u0627\u0644\u0633\u0639\u0631":"&#x62f;.&#x62c;&nbsp;3200,00","\u0627\u0644\u062a\u0648\u0641\u0631":"\u0645\u062a\u0648\u0641\u0631 \u0641\u064a \u0627\u0644\u0645\u062e\u0632\u0648\u0646"},"schema":{"@context":"https:\/\/schema.org","@graph":[{"@type":"WebPage","@id":"https:\/\/bbonjour-kids.com\/shop\/salopettes\/salopette-en-jean-pour-filles\/","url":"https:\/\/bbonjour-kids.com\/shop\/salopettes\/salopette-en-jean-pour-filles\/","name":"Salopette en jean pour filles - BBonjour Kids","isPartOf":{"@id":"https:\/\/bbonjour-kids.com\/#website"},"primaryImageOfPage":{"@id":"https:\/\/bbonjour-kids.com\/shop\/salopettes\/salopette-en-jean-pour-filles\/#primaryimage"},"image":{"@id":"https:\/\/bbonjour-kids.com\/shop\/salopettes\/salopette-en-jean-pour-filles\/#primaryimage"},"thumbnailUrl":"https:\/\/bbonjour-kids.com\/wp-content\/uploads\/2024\/07\/salopette.jpg","datePublished":"2024-07-09T13:20:05+00:00","dateModified":"2024-07-09T13:20:34+00:00","description":"\u00c9veillez la f\u00e9minit\u00e9 et le style avec notre salopette en jean pour filles, orn\u00e9e de d\u00e9licats motifs de fleurs roses.","breadcrumb":{"@id":"https:\/\/bbonjour-kids.com\/shop\/salopettes\/salopette-en-jean-pour-filles\/#breadcrumb"},"inLanguage":"ar","potentialAction":[{"@type":"ReadAction","target":["https:\/\/bbonjour-kids.com\/shop\/salopettes\/salopette-en-jean-pour-filles\/"]}]},{"@type":"ImageObject","inLanguage":"ar","@id":"https:\/\/bbonjour-kids.com\/shop\/salopettes\/salopette-en-jean-pour-filles\/#primaryimage","url":"https:\/\/bbonjour-kids.com\/wp-content\/uploads\/2024\/07\/salopette.jpg","contentUrl":"https:\/\/bbonjour-kids.com\/wp-content\/uploads\/2024\/07\/salopette.jpg","width":450,"height":450},{"@type":"BreadcrumbList","@id":"https:\/\/bbonjour-kids.com\/shop\/salopettes\/salopette-en-jean-pour-filles\/#breadcrumb","itemListElement":[{"@type":"ListItem","position":1,"name":"Accueil","item":"https:\/\/bbonjour-kids.com\/"},{"@type":"ListItem","position":2,"name":"\u0627\u0644\u0645\u062a\u062c\u0631","item":"https:\/\/bbonjour-kids.com\/shop\/"},{"@type":"ListItem","position":3,"name":"Salopette en jean pour filles"}]},{"@type":"WebSite","@id":"https:\/\/bbonjour-kids.com\/#website","url":"https:\/\/bbonjour-kids.com\/","name":"BBonjour Kids","description":"D\u00e9couvrez Bbonjour kids, votre boutique en ligne de v\u00eatements pour enfants. Des collections modernes, confortables et de qualit\u00e9 pour habiller vos petits avec style. Profitez de nos offres exclusives et de la livraison rapide !","publisher":{"@id":"https:\/\/bbonjour-kids.com\/#organization"},"alternateName":"BBonjour Kids","potentialAction":[{"@type":"SearchAction","target":{"@type":"EntryPoint","urlTemplate":"https:\/\/bbonjour-kids.com\/?s={search_term_string}"},"query-input":"required name=search_term_string"}],"inLanguage":"ar"},{"@type":"Organization","@id":"https:\/\/bbonjour-kids.com\/#organization","name":"%%sitename%%","alternateName":"BBonjour Kids","url":"https:\/\/bbonjour-kids.com\/","logo":{"@type":"ImageObject","inLanguage":"ar","@id":"https:\/\/bbonjour-kids.com\/#\/schema\/logo\/image\/","url":"https:\/\/bbonjour-kids.com\/wp-content\/uploads\/2024\/06\/cropped-logo-bbonjout-kids.png","contentUrl":"https:\/\/bbonjour-kids.com\/wp-content\/uploads\/2024\/06\/cropped-logo-bbonjout-kids.png","width":512,"height":512,"caption":"%%sitename%%"},"image":{"@id":"https:\/\/bbonjour-kids.com\/#\/schema\/logo\/image\/"},"sameAs":["https:\/\/www.facebook.com\/search\/top?q=bbbonjourkids"],"email":"info@bbonjour-kids.com","legalName":"Bbonjour kids"}]},"product_price_amount":"3200.00","product_price_currency":"DZD","og_availability":"instock","product_availability":"instock","product_condition":"new"},"jetpack_sharing_enabled":true,"_links":{"self":[{"href":"https:\/\/bbonjour-kids.com\/ar\/wp-json\/wp\/v2\/product\/17100"}],"collection":[{"href":"https:\/\/bbonjour-kids.com\/ar\/wp-json\/wp\/v2\/product"}],"about":[{"href":"https:\/\/bbonjour-kids.com\/ar\/wp-json\/wp\/v2\/types\/product"}],"replies":[{"embeddable":true,"href":"https:\/\/bbonjour-kids.com\/ar\/wp-json\/wp\/v2\/comments?post=17100"}],"version-history":[{"count":1,"href":"https:\/\/bbonjour-kids.com\/ar\/wp-json\/wp\/v2\/product\/17100\/revisions"}],"predecessor-version":[{"id":17103,"href":"https:\/\/bbonjour-kids.com\/ar\/wp-json\/wp\/v2\/product\/17100\/revisions\/17103"}],"wp:featuredmedia":[{"embeddable":true,"href":"https:\/\/bbonjour-kids.com\/ar\/wp-json\/wp\/v2\/media\/17101"}],"wp:attachment":[{"href":"https:\/\/bbonjour-kids.com\/ar\/wp-json\/wp\/v2\/media?parent=17100"}],"wp:term":[{"taxonomy":"product_cat","embeddable":true,"href":"https:\/\/bbonjour-kids.com\/ar\/wp-json\/wp\/v2\/product_cat?post=17100"},{"taxonomy":"product_tag","embeddable":true,"href":"https:\/\/bbonjour-kids.com\/ar\/wp-json\/wp\/v2\/product_tag?post=17100"}],"curies":[{"name":"wp","href":"https:\/\/api.w.org\/{rel}","templated":true}]}}