{"id":17104,"date":"2024-07-09T14:27:24","date_gmt":"2024-07-09T13:27:24","guid":{"rendered":"https:\/\/bbonjour-kids.com\/?post_type=product&#038;p=17104"},"modified":"2024-07-09T14:29:18","modified_gmt":"2024-07-09T13:29:18","slug":"salopette-en-jean-imprime","status":"publish","type":"product","link":"https:\/\/bbonjour-kids.com\/ar\/shop\/salopettes\/salopette-en-jean-imprime\/","title":{"rendered":"salopette en jean imprim\u00e9"},"content":{"rendered":"<p>D\u00e9couvrez notre salopette en jean pour filles, une pi\u00e8ce unique de qualit\u00e9 exceptionnelle, inspir\u00e9e par les tendances turques. Orn\u00e9e d&#8217;un motif imprim\u00e9 paisley \u00e9l\u00e9gant, cette salopette allie \u00e0 la perfection style et confort pour les aventures estivales. Parfaite pour jouer et explorer en toute libert\u00e9, elle offre une coupe flatteuse et un design qui se d\u00e9marque. Offrez \u00e0 votre enfant un look \u00e0 la fois moderne et sophistiqu\u00e9 avec cette salopette qui incarne l&#8217;artisanat et l&#8217;\u00e9l\u00e9gance turque. Red\u00e9finissez le style de votre enfant avec cette pi\u00e8ce distinctive qui ne manquera pas de faire sensation cette saison !<\/p>\n","protected":false},"excerpt":{"rendered":"<p>Notre salopette en jean une pi\u00e8ce unique de qualit\u00e9 exceptionnelle, inspir\u00e9e par les tendances turques. Orn\u00e9e d&#8217;un motif imprim\u00e9 paisley \u00e9l\u00e9gant,<\/p>\n","protected":false},"featured_media":17105,"comment_status":"closed","ping_status":"closed","template":"","meta":[],"product_cat":[20],"product_tag":[],"yoast_head":"<!-- This site is optimized with the Yoast SEO Premium plugin v22.8 (Yoast SEO v23.0) - https:\/\/yoast.com\/wordpress\/plugins\/seo\/ -->\n<title>salopette en jean imprim\u00e9 - BBonjour Kids<\/title>\n<meta name=\"description\" content=\"Notre salopette en jean une pi\u00e8ce unique de qualit\u00e9 exceptionnelle, inspir\u00e9e par les tendances turques. Orn\u00e9e d&#039;un motif imprim\u00e9 paisley \u00e9l\u00e9gant,\" \/>\n<meta name=\"robots\" content=\"index, follow, max-snippet:-1, max-image-preview:large, max-video-preview:-1\" \/>\n<link rel=\"canonical\" href=\"https:\/\/bbonjour-kids.com\/shop\/salopettes\/salopette-en-jean-imprime\/\" \/>\n<meta property=\"og:locale\" content=\"ar_AR\" \/>\n<meta property=\"og:type\" content=\"article\" \/>\n<meta property=\"og:title\" content=\"salopette en jean imprim\u00e9\" \/>\n<meta property=\"og:description\" content=\"Notre salopette en jean une pi\u00e8ce unique de qualit\u00e9 exceptionnelle, inspir\u00e9e par les tendances turques. Orn\u00e9e d&#039;un motif imprim\u00e9 paisley \u00e9l\u00e9gant,\" \/>\n<meta property=\"og:url\" content=\"https:\/\/bbonjour-kids.com\/shop\/salopettes\/salopette-en-jean-imprime\/\" \/>\n<meta property=\"og:site_name\" content=\"BBonjour Kids\" \/>\n<meta property=\"article:publisher\" content=\"https:\/\/www.facebook.com\/search\/top?q=bbbonjourkids\" \/>\n<meta property=\"article:modified_time\" content=\"2024-07-09T13:29:18+00:00\" \/>\n<meta property=\"og:image\" content=\"https:\/\/bbonjour-kids.com\/wp-content\/uploads\/2024\/07\/salopette-para.jpg\" \/>\n\t<meta property=\"og:image:width\" content=\"450\" \/>\n\t<meta property=\"og:image:height\" content=\"450\" \/>\n\t<meta property=\"og:image:type\" content=\"image\/jpeg\" \/>\n<meta name=\"twitter:card\" content=\"summary_large_image\" \/>\n<meta name=\"twitter:label1\" content=\"\u0627\u0644\u0633\u0639\u0631\" \/>\n\t<meta name=\"twitter:data1\" content=\"&#x62f;.&#x62c;&nbsp;3200,00\" \/>\n\t<meta name=\"twitter:label2\" content=\"\u0627\u0644\u062a\u0648\u0641\u0631\" \/>\n\t<meta name=\"twitter:data2\" content=\"\u0645\u062a\u0648\u0641\u0631 \u0641\u064a \u0627\u0644\u0645\u062e\u0632\u0648\u0646\" \/>\n<script type=\"application\/ld+json\" class=\"yoast-schema-graph\">{\"@context\":\"https:\/\/schema.org\",\"@graph\":[{\"@type\":\"WebPage\",\"@id\":\"https:\/\/bbonjour-kids.com\/shop\/salopettes\/salopette-en-jean-imprime\/\",\"url\":\"https:\/\/bbonjour-kids.com\/shop\/salopettes\/salopette-en-jean-imprime\/\",\"name\":\"salopette en jean imprim\u00e9 - BBonjour Kids\",\"isPartOf\":{\"@id\":\"https:\/\/bbonjour-kids.com\/#website\"},\"primaryImageOfPage\":{\"@id\":\"https:\/\/bbonjour-kids.com\/shop\/salopettes\/salopette-en-jean-imprime\/#primaryimage\"},\"image\":{\"@id\":\"https:\/\/bbonjour-kids.com\/shop\/salopettes\/salopette-en-jean-imprime\/#primaryimage\"},\"thumbnailUrl\":\"https:\/\/bbonjour-kids.com\/wp-content\/uploads\/2024\/07\/salopette-para.jpg\",\"datePublished\":\"2024-07-09T13:27:24+00:00\",\"dateModified\":\"2024-07-09T13:29:18+00:00\",\"description\":\"Notre salopette en jean une pi\u00e8ce unique de qualit\u00e9 exceptionnelle, inspir\u00e9e par les tendances turques. Orn\u00e9e d'un motif imprim\u00e9 paisley \u00e9l\u00e9gant,\",\"breadcrumb\":{\"@id\":\"https:\/\/bbonjour-kids.com\/shop\/salopettes\/salopette-en-jean-imprime\/#breadcrumb\"},\"inLanguage\":\"ar\",\"potentialAction\":[{\"@type\":\"ReadAction\",\"target\":[\"https:\/\/bbonjour-kids.com\/shop\/salopettes\/salopette-en-jean-imprime\/\"]}]},{\"@type\":\"ImageObject\",\"inLanguage\":\"ar\",\"@id\":\"https:\/\/bbonjour-kids.com\/shop\/salopettes\/salopette-en-jean-imprime\/#primaryimage\",\"url\":\"https:\/\/bbonjour-kids.com\/wp-content\/uploads\/2024\/07\/salopette-para.jpg\",\"contentUrl\":\"https:\/\/bbonjour-kids.com\/wp-content\/uploads\/2024\/07\/salopette-para.jpg\",\"width\":450,\"height\":450},{\"@type\":\"BreadcrumbList\",\"@id\":\"https:\/\/bbonjour-kids.com\/shop\/salopettes\/salopette-en-jean-imprime\/#breadcrumb\",\"itemListElement\":[{\"@type\":\"ListItem\",\"position\":1,\"name\":\"Accueil\",\"item\":\"https:\/\/bbonjour-kids.com\/\"},{\"@type\":\"ListItem\",\"position\":2,\"name\":\"\u0627\u0644\u0645\u062a\u062c\u0631\",\"item\":\"https:\/\/bbonjour-kids.com\/shop\/\"},{\"@type\":\"ListItem\",\"position\":3,\"name\":\"salopette en jean imprim\u00e9\"}]},{\"@type\":\"WebSite\",\"@id\":\"https:\/\/bbonjour-kids.com\/#website\",\"url\":\"https:\/\/bbonjour-kids.com\/\",\"name\":\"BBonjour Kids\",\"description\":\"D\u00e9couvrez Bbonjour kids, votre boutique en ligne de v\u00eatements pour enfants. Des collections modernes, confortables et de qualit\u00e9 pour habiller vos petits avec style. Profitez de nos offres exclusives et de la livraison rapide !\",\"publisher\":{\"@id\":\"https:\/\/bbonjour-kids.com\/#organization\"},\"alternateName\":\"BBonjour Kids\",\"potentialAction\":[{\"@type\":\"SearchAction\",\"target\":{\"@type\":\"EntryPoint\",\"urlTemplate\":\"https:\/\/bbonjour-kids.com\/?s={search_term_string}\"},\"query-input\":\"required name=search_term_string\"}],\"inLanguage\":\"ar\"},{\"@type\":\"Organization\",\"@id\":\"https:\/\/bbonjour-kids.com\/#organization\",\"name\":\"%%sitename%%\",\"alternateName\":\"BBonjour Kids\",\"url\":\"https:\/\/bbonjour-kids.com\/\",\"logo\":{\"@type\":\"ImageObject\",\"inLanguage\":\"ar\",\"@id\":\"https:\/\/bbonjour-kids.com\/#\/schema\/logo\/image\/\",\"url\":\"https:\/\/bbonjour-kids.com\/wp-content\/uploads\/2024\/06\/cropped-logo-bbonjout-kids.png\",\"contentUrl\":\"https:\/\/bbonjour-kids.com\/wp-content\/uploads\/2024\/06\/cropped-logo-bbonjout-kids.png\",\"width\":512,\"height\":512,\"caption\":\"%%sitename%%\"},\"image\":{\"@id\":\"https:\/\/bbonjour-kids.com\/#\/schema\/logo\/image\/\"},\"sameAs\":[\"https:\/\/www.facebook.com\/search\/top?q=bbbonjourkids\"],\"email\":\"info@bbonjour-kids.com\",\"legalName\":\"Bbonjour kids\"}]}<\/script>\n<meta property=\"product:price:amount\" content=\"3200.00\" \/>\n<meta property=\"product:price:currency\" content=\"DZD\" \/>\n<meta property=\"og:availability\" content=\"instock\" \/>\n<meta property=\"product:availability\" content=\"instock\" \/>\n<meta property=\"product:condition\" content=\"new\" \/>\n<!-- \/ Yoast SEO Premium plugin. -->","yoast_head_json":{"title":"salopette en jean imprim\u00e9 - BBonjour Kids","description":"Notre salopette en jean une pi\u00e8ce unique de qualit\u00e9 exceptionnelle, inspir\u00e9e par les tendances turques. Orn\u00e9e d'un motif imprim\u00e9 paisley \u00e9l\u00e9gant,","robots":{"index":"index","follow":"follow","max-snippet":"max-snippet:-1","max-image-preview":"max-image-preview:large","max-video-preview":"max-video-preview:-1"},"canonical":"https:\/\/bbonjour-kids.com\/shop\/salopettes\/salopette-en-jean-imprime\/","og_locale":"ar_AR","og_type":"article","og_title":"salopette en jean imprim\u00e9","og_description":"Notre salopette en jean une pi\u00e8ce unique de qualit\u00e9 exceptionnelle, inspir\u00e9e par les tendances turques. Orn\u00e9e d'un motif imprim\u00e9 paisley \u00e9l\u00e9gant,","og_url":"https:\/\/bbonjour-kids.com\/shop\/salopettes\/salopette-en-jean-imprime\/","og_site_name":"BBonjour Kids","article_publisher":"https:\/\/www.facebook.com\/search\/top?q=bbbonjourkids","article_modified_time":"2024-07-09T13:29:18+00:00","og_image":[{"width":450,"height":450,"url":"https:\/\/bbonjour-kids.com\/wp-content\/uploads\/2024\/07\/salopette-para.jpg","type":"image\/jpeg"}],"twitter_card":"summary_large_image","twitter_misc":{"\u0627\u0644\u0633\u0639\u0631":"&#x62f;.&#x62c;&nbsp;3200,00","\u0627\u0644\u062a\u0648\u0641\u0631":"\u0645\u062a\u0648\u0641\u0631 \u0641\u064a \u0627\u0644\u0645\u062e\u0632\u0648\u0646"},"schema":{"@context":"https:\/\/schema.org","@graph":[{"@type":"WebPage","@id":"https:\/\/bbonjour-kids.com\/shop\/salopettes\/salopette-en-jean-imprime\/","url":"https:\/\/bbonjour-kids.com\/shop\/salopettes\/salopette-en-jean-imprime\/","name":"salopette en jean imprim\u00e9 - BBonjour Kids","isPartOf":{"@id":"https:\/\/bbonjour-kids.com\/#website"},"primaryImageOfPage":{"@id":"https:\/\/bbonjour-kids.com\/shop\/salopettes\/salopette-en-jean-imprime\/#primaryimage"},"image":{"@id":"https:\/\/bbonjour-kids.com\/shop\/salopettes\/salopette-en-jean-imprime\/#primaryimage"},"thumbnailUrl":"https:\/\/bbonjour-kids.com\/wp-content\/uploads\/2024\/07\/salopette-para.jpg","datePublished":"2024-07-09T13:27:24+00:00","dateModified":"2024-07-09T13:29:18+00:00","description":"Notre salopette en jean une pi\u00e8ce unique de qualit\u00e9 exceptionnelle, inspir\u00e9e par les tendances turques. Orn\u00e9e d'un motif imprim\u00e9 paisley \u00e9l\u00e9gant,","breadcrumb":{"@id":"https:\/\/bbonjour-kids.com\/shop\/salopettes\/salopette-en-jean-imprime\/#breadcrumb"},"inLanguage":"ar","potentialAction":[{"@type":"ReadAction","target":["https:\/\/bbonjour-kids.com\/shop\/salopettes\/salopette-en-jean-imprime\/"]}]},{"@type":"ImageObject","inLanguage":"ar","@id":"https:\/\/bbonjour-kids.com\/shop\/salopettes\/salopette-en-jean-imprime\/#primaryimage","url":"https:\/\/bbonjour-kids.com\/wp-content\/uploads\/2024\/07\/salopette-para.jpg","contentUrl":"https:\/\/bbonjour-kids.com\/wp-content\/uploads\/2024\/07\/salopette-para.jpg","width":450,"height":450},{"@type":"BreadcrumbList","@id":"https:\/\/bbonjour-kids.com\/shop\/salopettes\/salopette-en-jean-imprime\/#breadcrumb","itemListElement":[{"@type":"ListItem","position":1,"name":"Accueil","item":"https:\/\/bbonjour-kids.com\/"},{"@type":"ListItem","position":2,"name":"\u0627\u0644\u0645\u062a\u062c\u0631","item":"https:\/\/bbonjour-kids.com\/shop\/"},{"@type":"ListItem","position":3,"name":"salopette en jean imprim\u00e9"}]},{"@type":"WebSite","@id":"https:\/\/bbonjour-kids.com\/#website","url":"https:\/\/bbonjour-kids.com\/","name":"BBonjour Kids","description":"D\u00e9couvrez Bbonjour kids, votre boutique en ligne de v\u00eatements pour enfants. Des collections modernes, confortables et de qualit\u00e9 pour habiller vos petits avec style. Profitez de nos offres exclusives et de la livraison rapide !","publisher":{"@id":"https:\/\/bbonjour-kids.com\/#organization"},"alternateName":"BBonjour Kids","potentialAction":[{"@type":"SearchAction","target":{"@type":"EntryPoint","urlTemplate":"https:\/\/bbonjour-kids.com\/?s={search_term_string}"},"query-input":"required name=search_term_string"}],"inLanguage":"ar"},{"@type":"Organization","@id":"https:\/\/bbonjour-kids.com\/#organization","name":"%%sitename%%","alternateName":"BBonjour Kids","url":"https:\/\/bbonjour-kids.com\/","logo":{"@type":"ImageObject","inLanguage":"ar","@id":"https:\/\/bbonjour-kids.com\/#\/schema\/logo\/image\/","url":"https:\/\/bbonjour-kids.com\/wp-content\/uploads\/2024\/06\/cropped-logo-bbonjout-kids.png","contentUrl":"https:\/\/bbonjour-kids.com\/wp-content\/uploads\/2024\/06\/cropped-logo-bbonjout-kids.png","width":512,"height":512,"caption":"%%sitename%%"},"image":{"@id":"https:\/\/bbonjour-kids.com\/#\/schema\/logo\/image\/"},"sameAs":["https:\/\/www.facebook.com\/search\/top?q=bbbonjourkids"],"email":"info@bbonjour-kids.com","legalName":"Bbonjour kids"}]},"product_price_amount":"3200.00","product_price_currency":"DZD","og_availability":"instock","product_availability":"instock","product_condition":"new"},"jetpack_sharing_enabled":true,"_links":{"self":[{"href":"https:\/\/bbonjour-kids.com\/ar\/wp-json\/wp\/v2\/product\/17104"}],"collection":[{"href":"https:\/\/bbonjour-kids.com\/ar\/wp-json\/wp\/v2\/product"}],"about":[{"href":"https:\/\/bbonjour-kids.com\/ar\/wp-json\/wp\/v2\/types\/product"}],"replies":[{"embeddable":true,"href":"https:\/\/bbonjour-kids.com\/ar\/wp-json\/wp\/v2\/comments?post=17104"}],"version-history":[{"count":1,"href":"https:\/\/bbonjour-kids.com\/ar\/wp-json\/wp\/v2\/product\/17104\/revisions"}],"predecessor-version":[{"id":17107,"href":"https:\/\/bbonjour-kids.com\/ar\/wp-json\/wp\/v2\/product\/17104\/revisions\/17107"}],"wp:featuredmedia":[{"embeddable":true,"href":"https:\/\/bbonjour-kids.com\/ar\/wp-json\/wp\/v2\/media\/17105"}],"wp:attachment":[{"href":"https:\/\/bbonjour-kids.com\/ar\/wp-json\/wp\/v2\/media?parent=17104"}],"wp:term":[{"taxonomy":"product_cat","embeddable":true,"href":"https:\/\/bbonjour-kids.com\/ar\/wp-json\/wp\/v2\/product_cat?post=17104"},{"taxonomy":"product_tag","embeddable":true,"href":"https:\/\/bbonjour-kids.com\/ar\/wp-json\/wp\/v2\/product_tag?post=17104"}],"curies":[{"name":"wp","href":"https:\/\/api.w.org\/{rel}","templated":true}]}}